{"id":51191,"date":"2024-07-16T18:40:41","date_gmt":"2024-07-16T10:40:41","guid":{"rendered":"https:\/\/gretasexylingerie.com\/?post_type=product&#038;p=51191"},"modified":"2024-07-16T20:14:30","modified_gmt":"2024-07-16T12:14:30","slug":"engros-vild-fristerinde-leopard-bodystocking","status":"publish","type":"product","link":"https:\/\/gretasexylingerie.com\/da\/products\/wholesale-wild-temptress-leopard-bodystocking\/","title":{"rendered":"Engros Wild Temptress Leopard Bodystocking"},"content":{"rendered":"<p><strong>Eksotisk leopardprint<\/strong>: Bodystockingen er prydet med et fedt leopardm\u00f8nster, der tilbyder et fristende twist p\u00e5 det klassiske print, der b\u00e5de er i\u00f8jnefaldende og moderigtigt.<\/p>\n<p><strong>Dristende \u00e5bent skridt<\/strong>: Udformet til dem, der t\u00f8r skille sig ud, tilf\u00f8jer det \u00e5bne skridtdesign et lag af intriger og bekvemmelighed, hvilket g\u00f8r dette stykke lige s\u00e5 provokerende, som det er praktisk.<\/p>\n<p><strong>Fuld d\u00e6kning med et twist<\/strong>: Mens de lange \u00e6rmer og design i fuld l\u00e6ngde giver omfattende d\u00e6kning, sikrer det gennemsigtige netmateriale, at hver kontur er fremh\u00e6vet, og hver detalje er fremh\u00e6vet.<\/p>\n<p><strong>Alsidig styling<\/strong>* Denne bodystocking kan styles under aftent\u00f8j for et tekstureret look eller b\u00e6res alene for at give et fedt statement i mere intime omgivelser.<\/p>\n<p><strong>Ubesv\u00e6ret detailhandel<\/strong>: Tilbydes gennem vores <a href=\"https:\/\/gretasexylingerie.com\/da\/droshpping-lingeri-service\/\">drop shipping service<\/a>, denne bodystocking er en perfekt tilf\u00f8jelse til enhver butik, der \u00f8nsker at tilbyde unikke og vovede lingerimuligheder uden omkostningerne ved lagerstyring.<\/p>\n<p>Slip den indre frister l\u00f8s med <strong>Wild Temptress Leopard Bodystocking<\/strong>. Ideel til dem, der omfavner deres vilde side med selvtillid og stil. Tilf\u00f8j dette fantastiske stykke til dit lager i dag, og lad dine kunder sv\u00e6lge i den dristighed, det bringer til deres lingerikollektion. Kom i kontakt med Greta Sexy Lingerie for at udforske, hvordan denne bodystocking kan forvandle dine tilbud.<\/p>\n\n\n<p><\/p>","protected":false},"excerpt":{"rendered":"<p>Omfavn vildens kald med vores <strong>leopard bodystocking<\/strong>, med et dristig \u00e5bent skridtdesign og lange \u00e6rmer. Denne bodystocking forener fiskenettets vovede tiltr\u00e6kning med leopardprints tidl\u00f8se tiltr\u00e6kningskraft og skaber et look, der er uimodst\u00e5eligt forf\u00f8rende.<\/p>","protected":false},"featured_media":51186,"template":"","meta":[],"product_brand":[],"product_cat":[405,407,404],"product_tag":[],"class_list":{"0":"post-51191","1":"product","2":"type-product","3":"status-publish","4":"has-post-thumbnail","6":"product_cat-wholesale-bodystocking","7":"product_cat-wholesale-full-body-stocking","8":"product_cat-sexy-stocking","10":"first","11":"instock","12":"taxable","13":"shipping-taxable","14":"purchasable","15":"product-type-simple"},"tiered_pricing_type":"fixed","tiered_pricing_fixed_rules":[],"tiered_pricing_product_settings":{"layout":"default","base_unit_name":{"singular":null,"plural":null},"default_variation":null},"tiered_pricing_minimum_quantity":null,"tiered_pricing_roles_data":[],"tiered_pricing_percentage_rules":[],"tiered_pricing_maximum_quantity":null,"tiered_pricing_quantity_step":null,"_links":{"self":[{"href":"https:\/\/gretasexylingerie.com\/da\/wp-json\/wp\/v2\/product\/51191","targetHints":{"allow":["GET"]}}],"collection":[{"href":"https:\/\/gretasexylingerie.com\/da\/wp-json\/wp\/v2\/product"}],"about":[{"href":"https:\/\/gretasexylingerie.com\/da\/wp-json\/wp\/v2\/types\/product"}],"wp:featuredmedia":[{"embeddable":true,"href":"https:\/\/gretasexylingerie.com\/da\/wp-json\/wp\/v2\/media\/51186"}],"wp:attachment":[{"href":"https:\/\/gretasexylingerie.com\/da\/wp-json\/wp\/v2\/media?parent=51191"}],"wp:term":[{"taxonomy":"product_brand","embeddable":true,"href":"https:\/\/gretasexylingerie.com\/da\/wp-json\/wp\/v2\/product_brand?post=51191"},{"taxonomy":"product_cat","embeddable":true,"href":"https:\/\/gretasexylingerie.com\/da\/wp-json\/wp\/v2\/product_cat?post=51191"},{"taxonomy":"product_tag","embeddable":true,"href":"https:\/\/gretasexylingerie.com\/da\/wp-json\/wp\/v2\/product_tag?post=51191"}],"curies":[{"name":"wp","href":"https:\/\/api.w.org\/{rel}","templated":true}]}}