{"id":51182,"date":"2024-07-15T12:38:30","date_gmt":"2024-07-15T04:38:30","guid":{"rendered":"https:\/\/gretasexylingerie.com\/?post_type=product&#038;p=51182"},"modified":"2024-07-15T13:00:00","modified_gmt":"2024-07-15T05:00:00","slug":"engros-spectrum-glod-lang-fiskenet-kjole","status":"publish","type":"product","link":"https:\/\/gretasexylingerie.com\/da\/products\/wholesale-spectrum-glow-long-fishnet-dress\/","title":{"rendered":"Engros Spectrum Glow Lang Fishnet Kjole"},"content":{"rendered":"<p><strong>Levende neon palette<\/strong>: Sprudlende med et spektrum af neon nuancer, viser denne kjole en dynamisk blanding af farver, der flyder s\u00f8ml\u00f8st p\u00e5 tv\u00e6rs af dens l\u00e6ngde, og tilbyder en sl\u00e5ende visuel effekt.<\/p>\n\n\n\n<p><strong>Elegant langt design<\/strong>: Den lange, fejende stil af denne netkjole tilf\u00f8jer et strejf af glamour og sofistikering, hvilket g\u00f8r den velegnet til aftenbegivenheder eller modigt dagbrug.<\/p>\n\n\n\n<p><strong>Kropstilpasset pasform<\/strong>: Udformet til at omfavne kurverne delikat, dette netdesign smigrer ikke kun figuren, men giver ogs\u00e5 mulighed for \u00e5ndbarhed og komfort takket v\u00e6re det str\u00e6kbare materiale.<\/p>\n\n\n\n<p><strong>Dynamisk alsidighed<\/strong>: Uanset om den er stylet over en enkel underkjole eller b\u00e6res alene for et vovet look, dette <strong>lang fiskenetkjole<\/strong> tilbyder flere stylingmuligheder, hvilket g\u00f8r den til en alsidig tilf\u00f8jelse til enhver moderigtig garderobe.<\/p>\n\n\n\n<p><strong>Ubesv\u00e6ret detailhandel<\/strong>: Leveres gennem vores <a href=\"https:\/\/gretasexylingerie.com\/da\/droshpping-lingeri-service\/\">drop shipping service<\/a>, kan dette fantastiske stykke f\u00f8jes til din samling uden besv\u00e6ret med h\u00e5ndtering og opbevaring, hvilket sikrer, at du uden besv\u00e6r kan give dine kunder trending styles.<\/p>\n\n\n\n<p>Bl\u00e6nd din kundekreds med <strong>Spectrum Glow lang netkjole<\/strong>. Ideel til dem, der ikke er bange for at skille sig ud og udtrykke sig gennem levende, effektfuld mode. Tilf\u00f8j dette i\u00f8jnefaldende stykke til din butik i dag, og lad dine kunder skinne i hele spektret af stil. Forbind med Greta Sexy Lingerie for problemfri integration, og begynd at komme med et modigt statement nu.<\/p>","protected":false},"excerpt":{"rendered":"<p>Omfavn vores livlighed <strong>fiskenet kjole neon<\/strong>, et spektakel i fuld l\u00e6ngde, der kombinerer tiltr\u00e6kningen ved et fiskenetm\u00f8nster med et v\u00e6ld af regnbuefarver. Det her <strong>hel bodysuit sexet<\/strong> kjole er designet til at vende hoveder og fange opm\u00e6rksomhed ved enhver social sammenkomst.<\/p>","protected":false},"featured_media":51177,"template":"","meta":[],"product_brand":[],"product_cat":[405,406,404],"product_tag":[],"class_list":{"0":"post-51182","1":"product","2":"type-product","3":"status-publish","4":"has-post-thumbnail","6":"product_cat-wholesale-bodystocking","7":"product_cat-wholesale-fishnet-dress","8":"product_cat-sexy-stocking","10":"first","11":"instock","12":"taxable","13":"shipping-taxable","14":"purchasable","15":"product-type-simple"},"tiered_pricing_type":"fixed","tiered_pricing_fixed_rules":[],"tiered_pricing_product_settings":{"layout":"default","base_unit_name":{"singular":null,"plural":null},"default_variation":null},"tiered_pricing_minimum_quantity":null,"tiered_pricing_roles_data":[],"tiered_pricing_percentage_rules":[],"tiered_pricing_maximum_quantity":null,"tiered_pricing_quantity_step":null,"_links":{"self":[{"href":"https:\/\/gretasexylingerie.com\/da\/wp-json\/wp\/v2\/product\/51182","targetHints":{"allow":["GET"]}}],"collection":[{"href":"https:\/\/gretasexylingerie.com\/da\/wp-json\/wp\/v2\/product"}],"about":[{"href":"https:\/\/gretasexylingerie.com\/da\/wp-json\/wp\/v2\/types\/product"}],"wp:featuredmedia":[{"embeddable":true,"href":"https:\/\/gretasexylingerie.com\/da\/wp-json\/wp\/v2\/media\/51177"}],"wp:attachment":[{"href":"https:\/\/gretasexylingerie.com\/da\/wp-json\/wp\/v2\/media?parent=51182"}],"wp:term":[{"taxonomy":"product_brand","embeddable":true,"href":"https:\/\/gretasexylingerie.com\/da\/wp-json\/wp\/v2\/product_brand?post=51182"},{"taxonomy":"product_cat","embeddable":true,"href":"https:\/\/gretasexylingerie.com\/da\/wp-json\/wp\/v2\/product_cat?post=51182"},{"taxonomy":"product_tag","embeddable":true,"href":"https:\/\/gretasexylingerie.com\/da\/wp-json\/wp\/v2\/product_tag?post=51182"}],"curies":[{"name":"wp","href":"https:\/\/api.w.org\/{rel}","templated":true}]}}