{"id":51175,"date":"2024-07-15T12:37:56","date_gmt":"2024-07-15T04:37:56","guid":{"rendered":"https:\/\/gretasexylingerie.com\/?post_type=product&#038;p=51175"},"modified":"2024-07-15T12:59:27","modified_gmt":"2024-07-15T04:59:27","slug":"engros-klassisk-noir-halter-neck-bodystocking","status":"publish","type":"product","link":"https:\/\/gretasexylingerie.com\/da\/products\/wholesale-classic-noir-halter-neck-bodystocking\/","title":{"rendered":"Engros Classic Noir Halter Neck Bodystocking"},"content":{"rendered":"<p><strong>Fantastisk grimedesign<\/strong>: Halterudsk\u00e6ringen p\u00e5 denne bodystocking fremh\u00e6ver skuldrene og nakken og tilbyder en flatterende pasform, der kombinerer klassisk stil med moderne sensualitet.<\/p>\n\n\n\n<p><strong>Betagende mesh-m\u00f8nstre<\/strong>: Indviklede mesh-m\u00f8nstre v\u00e6ver sig hen over stoffet, hvilket skaber dynamisk visuel interesse, der f\u00e6ngsler og charmerer, hvilket sikrer, at hver vinkel er din bedste vinkel.<\/p>\n\n\n\n<p><strong>S\u00f8ml\u00f8s komfort<\/strong>: Konstrueret til komfort s\u00e5vel som stil, det str\u00e6kbare stof tilpasser sig kroppen, hvilket giver mulighed for bev\u00e6gelsesfrihed og en skr\u00e6ddersyet f\u00f8lelse.<\/p>\n\n\n\n<p><strong>Alsidig appel<\/strong>: Denne bodystocking er ikke kun til intime lejligheder \u2013 det er et alsidigt smykke, der kan styles under aftent\u00f8j for et vovet look eller parres med tilbeh\u00f8r til en aften i byen.<\/p>\n\n\n\n<p><strong>Let at lagerf\u00f8re<\/strong>: Tilg\u00e6ngelig gennem vores <a href=\"https:\/\/gretasexylingerie.com\/da\/droshpping-lingeri-service\/\">drop shipping service<\/a>, er denne bodystocking en ubesv\u00e6ret tilf\u00f8jelse til dine tilbud, der g\u00f8r dig i stand til at betage dine kunder med minimal forh\u00e5ndsinvestering.<\/p>\n\n\n\n<p>Forvandl dit intime bekl\u00e6dningssortiment med <strong>Klassisk Noir Halter Neck Bodystocking<\/strong>. Det er mere end bare lingeri; det er et statement, der legemligg\u00f8r elegance og erotik. Kom i kontakt med Greta Sexy Lingerie nu for at bringe denne uds\u00f8gte kreation til dine kr\u00e6sne kunder.<\/p>","protected":false},"excerpt":{"rendered":"<p>For\u00f8g din intime t\u00f8jkollektion med vores <strong>halter neck bodystocking<\/strong>, omhyggeligt udformet til at blande charme og sofistikering. Det her <strong>sort kropsstr\u00f8mpe<\/strong> omslutter silhuetten i et spind af fortryllelse, ideel til at tilf\u00f8je et strejf af drama til enhver garderobe.<\/p>","protected":false},"featured_media":51173,"template":"","meta":[],"product_brand":[],"product_cat":[405,407,404],"product_tag":[],"class_list":{"0":"post-51175","1":"product","2":"type-product","3":"status-publish","4":"has-post-thumbnail","6":"product_cat-wholesale-bodystocking","7":"product_cat-wholesale-full-body-stocking","8":"product_cat-sexy-stocking","10":"first","11":"instock","12":"taxable","13":"shipping-taxable","14":"purchasable","15":"product-type-simple"},"tiered_pricing_type":"fixed","tiered_pricing_fixed_rules":[],"tiered_pricing_product_settings":{"layout":"default","base_unit_name":{"singular":null,"plural":null},"default_variation":null},"tiered_pricing_minimum_quantity":null,"tiered_pricing_roles_data":[],"tiered_pricing_percentage_rules":[],"tiered_pricing_maximum_quantity":null,"tiered_pricing_quantity_step":null,"_links":{"self":[{"href":"https:\/\/gretasexylingerie.com\/da\/wp-json\/wp\/v2\/product\/51175","targetHints":{"allow":["GET"]}}],"collection":[{"href":"https:\/\/gretasexylingerie.com\/da\/wp-json\/wp\/v2\/product"}],"about":[{"href":"https:\/\/gretasexylingerie.com\/da\/wp-json\/wp\/v2\/types\/product"}],"wp:featuredmedia":[{"embeddable":true,"href":"https:\/\/gretasexylingerie.com\/da\/wp-json\/wp\/v2\/media\/51173"}],"wp:attachment":[{"href":"https:\/\/gretasexylingerie.com\/da\/wp-json\/wp\/v2\/media?parent=51175"}],"wp:term":[{"taxonomy":"product_brand","embeddable":true,"href":"https:\/\/gretasexylingerie.com\/da\/wp-json\/wp\/v2\/product_brand?post=51175"},{"taxonomy":"product_cat","embeddable":true,"href":"https:\/\/gretasexylingerie.com\/da\/wp-json\/wp\/v2\/product_cat?post=51175"},{"taxonomy":"product_tag","embeddable":true,"href":"https:\/\/gretasexylingerie.com\/da\/wp-json\/wp\/v2\/product_tag?post=51175"}],"curies":[{"name":"wp","href":"https:\/\/api.w.org\/{rel}","templated":true}]}}