{"id":51168,"date":"2024-07-15T12:37:25","date_gmt":"2024-07-15T04:37:25","guid":{"rendered":"https:\/\/gretasexylingerie.com\/?post_type=product&#038;p=51168"},"modified":"2024-07-15T12:58:22","modified_gmt":"2024-07-15T04:58:22","slug":"engros-neonspektrum-bodystocking-uden-skridt","status":"publish","type":"product","link":"https:\/\/gretasexylingerie.com\/da\/products\/wholesale-neon-spectrum-crotchless-bodystocking\/","title":{"rendered":"Engros Neon Spectrum Skridtl\u00f8s Bodystocking"},"content":{"rendered":"<p><strong>Levende neonsk\u00e6rm<\/strong>: Denne bodysuit er lavet med et str\u00e5lende udvalg af neonfarver og er et visuelt festm\u00e5ltid, designet til at skille sig ud i enhver m\u00e6ngde eller under ethvert lys, hvilket g\u00f8r det til et essentielt til festlige lejligheder eller pr\u00e6stationst\u00f8j.<\/p>\n\n\n\n<p><strong>Dristigt design<\/strong>: Omfavn kanten med den skridtl\u00f8se funktion, der tilf\u00f8jer et ekstra niveau af vovemod til dette i\u00f8jnefaldende stykke, der tilbyder b\u00e5de stil og bekvemmelighed.<\/p>\n\n\n\n<p><strong>Str\u00e6kbart fiskenet<\/strong>: Lavet af str\u00e6kbart netmateriale, denne bodysuit omfavner kroppen alle de rigtige steder og giver en behagelig pasform, der bev\u00e6ger sig med dig.<\/p>\n\n\n\n<p><strong>Sl\u00e5ende silhuet<\/strong>: De indviklede udsk\u00e6ringer og kropsfremh\u00e6vende linjer sikrer, at hver kurve fremh\u00e6ves, hvilket skaber en fantastisk silhuet, der f\u00e6ngsler og charmerer.<\/p>\n\n\n\n<p><strong>Nem integration<\/strong>: Tilg\u00e6ngelig til omg\u00e5ende detailhandel gennem vores <a href=\"https:\/\/gretasexylingerie.com\/da\/droshpping-lingeri-service\/\">drop shipping service<\/a>, kan dette smykke v\u00e6re en dynamisk tilf\u00f8jelse til dit produktsortiment, der tilbyder en problemfri m\u00e5de at levere sp\u00e6nding og farver til dine kunders garderober.<\/p>\n\n\n\n<p>Lys din butik op med <strong>Neon Spectrum Skridtl\u00f8s Bodystocking<\/strong>. Ideel til dem, der t\u00f8r v\u00e6re anderledes, lover denne bodysuit at blive en bestseller. Bestil nu fra Greta Sexy Lingerie og lad dine kunder skinne p\u00e5 den mest levende m\u00e5de, du kan forestille dig.<\/p>","protected":false},"excerpt":{"rendered":"<p>T\u00e6nd et spektrum af intriger med vores <strong>neon bodysuit med fiskenet<\/strong>, et statement-stykke, der kombinerer vovet skridtl\u00f8st design med et kalejdoskop af levende farver. Denne bodystocking er perfekt til dem, der fejrer et dristigt udtryk og en uundskyldende stil.<\/p>","protected":false},"featured_media":51163,"template":"","meta":[],"product_brand":[],"product_cat":[405,407,404],"product_tag":[446,866,504],"class_list":{"0":"post-51168","1":"product","2":"type-product","3":"status-publish","4":"has-post-thumbnail","6":"product_cat-wholesale-bodystocking","7":"product_cat-wholesale-full-body-stocking","8":"product_cat-sexy-stocking","9":"product_tag-wholesale-sexy-see-through-lingerie","10":"product_tag-sexy-romper-lingerie","11":"product_tag-ultra-sexy","13":"first","14":"instock","15":"taxable","16":"shipping-taxable","17":"purchasable","18":"product-type-simple"},"tiered_pricing_type":"fixed","tiered_pricing_fixed_rules":[],"tiered_pricing_product_settings":{"layout":"default","base_unit_name":{"singular":null,"plural":null},"default_variation":null},"tiered_pricing_minimum_quantity":null,"tiered_pricing_roles_data":[],"tiered_pricing_percentage_rules":[],"tiered_pricing_maximum_quantity":null,"tiered_pricing_quantity_step":null,"_links":{"self":[{"href":"https:\/\/gretasexylingerie.com\/da\/wp-json\/wp\/v2\/product\/51168","targetHints":{"allow":["GET"]}}],"collection":[{"href":"https:\/\/gretasexylingerie.com\/da\/wp-json\/wp\/v2\/product"}],"about":[{"href":"https:\/\/gretasexylingerie.com\/da\/wp-json\/wp\/v2\/types\/product"}],"wp:featuredmedia":[{"embeddable":true,"href":"https:\/\/gretasexylingerie.com\/da\/wp-json\/wp\/v2\/media\/51163"}],"wp:attachment":[{"href":"https:\/\/gretasexylingerie.com\/da\/wp-json\/wp\/v2\/media?parent=51168"}],"wp:term":[{"taxonomy":"product_brand","embeddable":true,"href":"https:\/\/gretasexylingerie.com\/da\/wp-json\/wp\/v2\/product_brand?post=51168"},{"taxonomy":"product_cat","embeddable":true,"href":"https:\/\/gretasexylingerie.com\/da\/wp-json\/wp\/v2\/product_cat?post=51168"},{"taxonomy":"product_tag","embeddable":true,"href":"https:\/\/gretasexylingerie.com\/da\/wp-json\/wp\/v2\/product_tag?post=51168"}],"curies":[{"name":"wp","href":"https:\/\/api.w.org\/{rel}","templated":true}]}}