{"id":51161,"date":"2024-07-15T12:36:46","date_gmt":"2024-07-15T04:36:46","guid":{"rendered":"https:\/\/gretasexylingerie.com\/?post_type=product&#038;p=51161"},"modified":"2024-07-15T13:02:22","modified_gmt":"2024-07-15T05:02:22","slug":"engros-crimson-web-mesh-og-blonder-lingeri-trio","status":"publish","type":"product","link":"https:\/\/gretasexylingerie.com\/da\/products\/wholesale-crimson-web-mesh-and-lace-lingerie-trio\/","title":{"rendered":"Engros Crimson Web Mesh og Lace Lingerie Trio"},"content":{"rendered":"<p><strong>Forf\u00f8rende mesh-design<\/strong>: Dette s\u00e6t har en kropsstr\u00f8mpe lavet af sort mesh, der giver et fristende glimt af, hvad der ligger under, samtidig med at det giver en d\u00e6kning, der driller og gl\u00e6der.<\/p>\n\n\n\n<p><strong>Sl\u00e5ende r\u00f8de accenter<\/strong>: Fed r\u00f8d blondedetaljer l\u00f8fter ensemblet og sporer uds\u00f8gte m\u00f8nstre langs overdelen og hofterne, hvilket skaber en visuelt forbl\u00f8ffende kontrast, der fanger \u00f8jet.<\/p>\n\n\n\n<p><strong>Komplet ensemble<\/strong>: Det <strong>tredelt s\u00e6t<\/strong> inkluderer hovedstr\u00f8mpen i mesh, suppleret med en r\u00f8d blondestr\u00f8mpeb\u00e5nd og matchende l\u00e5rh\u00f8jde, hvilket sikrer et sammenh\u00e6ngende og poleret look.<\/p>\n\n\n\n<p><strong>Alsidig appel<\/strong>: Perfekt til en aften i byen p\u00e5 en rave eller en intim aften derhjemme, dette s\u00e6t er designet til at v\u00e6re lige s\u00e5 alsidigt som det er sl\u00e5ende og kan tilpasses til alle omgivelser, hvor det er vigtigt at g\u00f8re indtryk.<\/p>\n\n\n\n<p><strong>Ubesv\u00e6ret integration<\/strong>: Tilg\u00e6ngeligt gennem vores drop shipping-service, dette lingeris\u00e6t er en problemfri tilf\u00f8jelse til dit lager, s\u00e5 du kan tilbyde storsl\u00e5et mode med minimal overhead.<\/p>\n\n\n\n<p>Dyk ned i beg\u00e6rets dybder med vores <strong>Crimson Web Mesh og Lace Lingerie Trio<\/strong>. Perfekt til dem, der elsker at skille sig ud, dette s\u00e6t lover at blive en showstopper. Tilf\u00f8j dette ensemble til dine tilbud, og se dine kunder omfavne deres dristige side med tillid. F\u00e5 kontakt med Greta Sexy Lingerie i dag for at begynde at tilbyde dette fascinerende s\u00e6t.<\/p>","protected":false},"excerpt":{"rendered":"<p>Fork\u00e6l dig med den vovede elegance i vores rave-outfit i sort mesh, forst\u00e6rket med r\u00f8de blondeaccenter. Dette tredelte lingeris\u00e6t kombinerer en kropsstr\u00f8mpe med indviklede detaljer for at tilbyde et unapologetisk modigt look.<\/p>","protected":false},"featured_media":51156,"template":"","meta":[],"product_brand":[],"product_cat":[405,404,409],"product_tag":[507,446,453],"class_list":{"0":"post-51161","1":"product","2":"type-product","3":"status-publish","4":"has-post-thumbnail","6":"product_cat-wholesale-bodystocking","7":"product_cat-sexy-stocking","8":"product_cat-wholesale-stocking-bodysuit","9":"product_tag-three-pcs-set","10":"product_tag-wholesale-sexy-see-through-lingerie","11":"product_tag-wholesale-sexy-naughty-lingerie","13":"first","14":"instock","15":"taxable","16":"shipping-taxable","17":"purchasable","18":"product-type-simple"},"tiered_pricing_type":"fixed","tiered_pricing_fixed_rules":[],"tiered_pricing_product_settings":{"layout":"default","base_unit_name":{"singular":null,"plural":null},"default_variation":null},"tiered_pricing_minimum_quantity":null,"tiered_pricing_roles_data":[],"tiered_pricing_percentage_rules":[],"tiered_pricing_maximum_quantity":null,"tiered_pricing_quantity_step":null,"_links":{"self":[{"href":"https:\/\/gretasexylingerie.com\/da\/wp-json\/wp\/v2\/product\/51161","targetHints":{"allow":["GET"]}}],"collection":[{"href":"https:\/\/gretasexylingerie.com\/da\/wp-json\/wp\/v2\/product"}],"about":[{"href":"https:\/\/gretasexylingerie.com\/da\/wp-json\/wp\/v2\/types\/product"}],"wp:featuredmedia":[{"embeddable":true,"href":"https:\/\/gretasexylingerie.com\/da\/wp-json\/wp\/v2\/media\/51156"}],"wp:attachment":[{"href":"https:\/\/gretasexylingerie.com\/da\/wp-json\/wp\/v2\/media?parent=51161"}],"wp:term":[{"taxonomy":"product_brand","embeddable":true,"href":"https:\/\/gretasexylingerie.com\/da\/wp-json\/wp\/v2\/product_brand?post=51161"},{"taxonomy":"product_cat","embeddable":true,"href":"https:\/\/gretasexylingerie.com\/da\/wp-json\/wp\/v2\/product_cat?post=51161"},{"taxonomy":"product_tag","embeddable":true,"href":"https:\/\/gretasexylingerie.com\/da\/wp-json\/wp\/v2\/product_tag?post=51161"}],"curies":[{"name":"wp","href":"https:\/\/api.w.org\/{rel}","templated":true}]}}