{"id":51154,"date":"2024-07-15T12:36:09","date_gmt":"2024-07-15T04:36:09","guid":{"rendered":"https:\/\/gretasexylingerie.com\/?post_type=product&#038;p=51154"},"modified":"2024-07-15T12:56:52","modified_gmt":"2024-07-15T04:56:52","slug":"engros-lummer-web-hel-krop-fiskenet-dragt","status":"publish","type":"product","link":"https:\/\/gretasexylingerie.com\/da\/products\/wholesale-sultry-web-full-body-fishnet-suit\/","title":{"rendered":"Engros Sultry Web Full Body Fishnet Suit"},"content":{"rendered":"<p><strong>Lokkende d\u00e6kning<\/strong>: Denne dragt er lavet med et fint netmateriale og omslutter kroppen i et forf\u00f8rende v\u00e6v, der giver et fristende kig, mens det d\u00e6kker og fremh\u00e6ver hver eneste kurve.<\/p>\n\n\n\n<p><strong>Elegant lange \u00e6rmer<\/strong>: Det lange \u00e6rmede design udvider fiskenettets tiltr\u00e6kning fra skulder til h\u00e5ndled og tilf\u00f8jer et sofistikeret touch til den dristige kropsd\u00e6kning.<\/p>\n\n\n\n<p><strong>Strategisk design<\/strong>: Integreret med en indbygget bh og undert\u00f8j, dette <strong>fiskenet kropssok<\/strong> sikrer komfort og st\u00f8tte, hvilket g\u00f8r det lige s\u00e5 praktisk som det er provokerende.<\/p>\n\n\n\n<p><strong>Alsidig appel<\/strong>: Denne bodysuit er ideel til at l\u00e6gge i lag under aftent\u00f8j eller som et selvst\u00e6ndigt statement, og den tilpasser sig b\u00e5de vovede aftener og intime lejligheder.<\/p>\n\n\n\n<p><strong>Fuldf\u00f8r looket<\/strong>: Leveres med matchende netstr\u00f8mper, der forbindes via slanke seleclips, som fuldender den fantastiske silhuet fra top til t\u00e5.<\/p>\n\n\n\n<p><strong>S\u00f8ml\u00f8s indk\u00f8bsoplevelse<\/strong>: Tilg\u00e6ngelig til \u00f8jeblikkelig optagelse i din butik via vores <a href=\"https:\/\/gretasexylingerie.com\/da\/droshpping-lingeri-service\/\">drop shipping service<\/a>, hvilket sikrer en problemfri m\u00e5de at tilbyde dette i\u00f8jnefaldende stykke uden behov for lagerstyring.<\/p>\n\n\n\n<p>Inviter dine kunder til at dykke ned i dybden af deres vovede side med Sultry Web Full Body Fishnet Suit. Perfekt til dem, der p\u00e5kalder sig opm\u00e6rksomhed og fejrer deres dristighed. Tilf\u00f8j dette fascinerende stykke til din samling i dag, og se, hvordan det forvandler det almindelige til det ekstraordin\u00e6re. Forbind med Greta Sexy Lingerie for problemfri integration i din sofistikerede lineup.<\/p>","protected":false},"excerpt":{"rendered":"<p>Slip vovet elegance l\u00f8s med vores helkrops fiskenetdragt, et f\u00e6ngslende ensemble, der blander dristige linjer og ren og sk\u00e6r d\u00e6kning. Det her <strong>mesh bh og undert\u00f8j s\u00e6t<\/strong> er designet til at inspirere selvtillid og lokke med sit omfattende, kropsn\u00e6re design.<\/p>","protected":false},"featured_media":51149,"template":"","meta":[],"product_brand":[],"product_cat":[405,404,409],"product_tag":[507,446,453],"class_list":{"0":"post-51154","1":"product","2":"type-product","3":"status-publish","4":"has-post-thumbnail","6":"product_cat-wholesale-bodystocking","7":"product_cat-sexy-stocking","8":"product_cat-wholesale-stocking-bodysuit","9":"product_tag-three-pcs-set","10":"product_tag-wholesale-sexy-see-through-lingerie","11":"product_tag-wholesale-sexy-naughty-lingerie","13":"first","14":"instock","15":"taxable","16":"shipping-taxable","17":"purchasable","18":"product-type-simple"},"tiered_pricing_type":"fixed","tiered_pricing_fixed_rules":[],"tiered_pricing_product_settings":{"layout":"default","base_unit_name":{"singular":null,"plural":null},"default_variation":null},"tiered_pricing_minimum_quantity":null,"tiered_pricing_roles_data":[],"tiered_pricing_percentage_rules":[],"tiered_pricing_maximum_quantity":null,"tiered_pricing_quantity_step":null,"_links":{"self":[{"href":"https:\/\/gretasexylingerie.com\/da\/wp-json\/wp\/v2\/product\/51154","targetHints":{"allow":["GET"]}}],"collection":[{"href":"https:\/\/gretasexylingerie.com\/da\/wp-json\/wp\/v2\/product"}],"about":[{"href":"https:\/\/gretasexylingerie.com\/da\/wp-json\/wp\/v2\/types\/product"}],"wp:featuredmedia":[{"embeddable":true,"href":"https:\/\/gretasexylingerie.com\/da\/wp-json\/wp\/v2\/media\/51149"}],"wp:attachment":[{"href":"https:\/\/gretasexylingerie.com\/da\/wp-json\/wp\/v2\/media?parent=51154"}],"wp:term":[{"taxonomy":"product_brand","embeddable":true,"href":"https:\/\/gretasexylingerie.com\/da\/wp-json\/wp\/v2\/product_brand?post=51154"},{"taxonomy":"product_cat","embeddable":true,"href":"https:\/\/gretasexylingerie.com\/da\/wp-json\/wp\/v2\/product_cat?post=51154"},{"taxonomy":"product_tag","embeddable":true,"href":"https:\/\/gretasexylingerie.com\/da\/wp-json\/wp\/v2\/product_tag?post=51154"}],"curies":[{"name":"wp","href":"https:\/\/api.w.org\/{rel}","templated":true}]}}