{"id":51050,"date":"2024-04-24T20:44:27","date_gmt":"2024-04-24T12:44:27","guid":{"rendered":"https:\/\/gretasexylingerie.com\/?post_type=product&#038;p=51050"},"modified":"2024-04-25T16:35:55","modified_gmt":"2024-04-25T08:35:55","slug":"engros-romantisk-silke-fastspaending-saet-med-krave","status":"publish","type":"product","link":"https:\/\/gretasexylingerie.com\/da\/products\/wholesale-romantic-silk-restraint-set-with-collar\/","title":{"rendered":"Engros romantisk silke fastholdelsess\u00e6t med krave"},"content":{"rendered":"<p><strong>Elegant indsendelse<\/strong>: Udformet med overd\u00e5dig silke og prydet med legende fl\u00e6ser, denne <strong>smuk underkrave<\/strong> og manchets\u00e6t tilbyder et dejligt alternativ til traditionelle begr\u00e6nsninger, der blander \u00e6stetik med forn\u00f8jelse.<\/p>\n\n\n\n<p><strong>Charmerende detaljer<\/strong>: Hvert stykke er udsmykket med en hjerteformet accent, der symboliserer den tillid og hengivenhed, der er iboende i enhver konsensuel udveksling. Kontrasten af fed r\u00f8d og sort tilf\u00f8jer en visuelt sl\u00e5ende dimension.<\/p>\n\n\n\n<p><strong>Komfort i tvang<\/strong>: Bl\u00f8dheden af silkematerialet sikrer et behageligt slid, mens det robuste design af begr\u00e6nsningerne sikrer p\u00e5lidelighed uden at ofre stil, hvilket g\u00f8r dem perfekte til <strong>silke h\u00e5ndledsst\u00f8tter<\/strong>.<\/p>\n\n\n\n<p><strong>Alsidigt slid<\/strong>: Uanset om det bruges til en legende aften i eller som et fashion statement, er dette s\u00e6t alsidigt nok til at passe til forskellige scenarier og pr\u00e6ferencer.<\/p>\n\n\n\n<p><strong>S\u00f8ml\u00f8st salg<\/strong>: Tilg\u00e6ngelig via vores <a href=\"https:\/\/gretasexylingerie.com\/da\/droshpping-lingeri-service\/\">dropshipping service<\/a>, dette s\u00e6t er en problemfri tilf\u00f8jelse til dit lager, hvilket giver mulighed for en ubesv\u00e6ret m\u00e5de at tilfredsstille dem, der leder efter en blid introduktion til tilbageholdende leg.<\/p>\n\n\n\n<p>Forbedre din samling med denne fortryllende <strong>krave og h\u00e5ndjern s\u00e6t<\/strong>, perfekt til par, der udforsker en bl\u00f8dere side af dominans og underkastelse. Kom i kontakt med Greta Sexy Lingerie for at give dine kunder en dragende blanding af komfort og kontrol.<\/p>","protected":false},"excerpt":{"rendered":"<p>P\u00e5kald en blanding af sk\u00f8nhed og tilbageholdenhed med denne luksuri\u00f8se <strong>krave og h\u00e5ndjern s\u00e6t<\/strong>. Med delikat silke og charmerende accenter er dette s\u00e6t designet til dem, der s\u00e6tter pris p\u00e5 en bl\u00f8dere, mere sensuel tilgang til underkastelse.<\/p>","protected":false},"featured_media":51039,"template":"","meta":[],"product_brand":[],"product_cat":[1059,1066],"product_tag":[],"class_list":{"0":"post-51050","1":"product","2":"type-product","3":"status-publish","4":"has-post-thumbnail","6":"product_cat-wholesale-bondage-equipment","7":"product_cat-handcuffs-bondage-collars-ankle-strap","8":"pa_color-black","9":"pa_size-free","11":"first","12":"instock","13":"taxable","14":"shipping-taxable","15":"purchasable","16":"product-type-variable"},"tiered_pricing_type":"fixed","tiered_pricing_fixed_rules":[],"tiered_pricing_product_settings":{"layout":"default","base_unit_name":{"singular":null,"plural":null},"default_variation":null},"tiered_pricing_minimum_quantity":null,"tiered_pricing_roles_data":[],"tiered_pricing_percentage_rules":[],"tiered_pricing_maximum_quantity":null,"tiered_pricing_quantity_step":null,"_links":{"self":[{"href":"https:\/\/gretasexylingerie.com\/da\/wp-json\/wp\/v2\/product\/51050","targetHints":{"allow":["GET"]}}],"collection":[{"href":"https:\/\/gretasexylingerie.com\/da\/wp-json\/wp\/v2\/product"}],"about":[{"href":"https:\/\/gretasexylingerie.com\/da\/wp-json\/wp\/v2\/types\/product"}],"wp:featuredmedia":[{"embeddable":true,"href":"https:\/\/gretasexylingerie.com\/da\/wp-json\/wp\/v2\/media\/51039"}],"wp:attachment":[{"href":"https:\/\/gretasexylingerie.com\/da\/wp-json\/wp\/v2\/media?parent=51050"}],"wp:term":[{"taxonomy":"product_brand","embeddable":true,"href":"https:\/\/gretasexylingerie.com\/da\/wp-json\/wp\/v2\/product_brand?post=51050"},{"taxonomy":"product_cat","embeddable":true,"href":"https:\/\/gretasexylingerie.com\/da\/wp-json\/wp\/v2\/product_cat?post=51050"},{"taxonomy":"product_tag","embeddable":true,"href":"https:\/\/gretasexylingerie.com\/da\/wp-json\/wp\/v2\/product_tag?post=51050"}],"curies":[{"name":"wp","href":"https:\/\/api.w.org\/{rel}","templated":true}]}}