{"id":51037,"date":"2024-04-24T20:43:29","date_gmt":"2024-04-24T12:43:29","guid":{"rendered":"https:\/\/gretasexylingerie.com\/?post_type=product&#038;p=51037"},"modified":"2024-04-25T16:32:13","modified_gmt":"2024-04-25T08:32:13","slug":"engros-luksus-blondebind-og-handjern-saet","status":"publish","type":"product","link":"https:\/\/gretasexylingerie.com\/da\/products\/wholesale-luxe-lace-blindfold-and-handcuff-set\/","title":{"rendered":"Engros Luxe Blonde Blindfold og H\u00e5ndjern S\u00e6t"},"content":{"rendered":"<p><strong>Uds\u00f8gt sanseleg<\/strong>: For\u00f8g den sensoriske oplevelse med dette s\u00e6t, der inkluderer en bl\u00f8d, blondedetaljeret <strong>l\u00e6der bind for \u00f8jnene<\/strong> og matchende h\u00e5ndjern, designet til en luksuri\u00f8s og behagelig leg.<\/p>\n\n\n\n<p><strong>Overd\u00e5dige blondedetaljer<\/strong>: B\u00e5de bind for \u00f8jnene og h\u00e5ndjern er prydet med indviklede blonder, der tilbyder en visuelt forbl\u00f8ffende appel, der ikke g\u00e5r p\u00e5 kompromis med sp\u00e6ndingen ved <strong>h\u00e5ndjern sexet<\/strong> spil.<\/p>\n\n\n\n<p><strong>Bl\u00f8d og alligevel sikker<\/strong>: Fremstillet af f\u00f8rsteklasses materialer giver dette tilbeh\u00f8r et bl\u00f8dt ber\u00f8ring mod huden, samtidig med at det sikrer et fast hold, hvilket giver mulighed for nem bev\u00e6gelse og p\u00e5lidelighed under brug.<\/p>\n\n\n\n<p><strong>Justerbar til alle<\/strong>: H\u00e5ndjernene kommer med justerbare stropper, hvilket g\u00f8r dem velegnede til forskellige st\u00f8rrelser og sikrer, at alle kan finde deres perfekte pasform til en nat med sp\u00e6nding.<\/p>\n\n\n\n<p><strong>Let at lagerf\u00f8re og s\u00e6lge<\/strong>: Som en del af vores <a href=\"https:\/\/gretasexylingerie.com\/da\/engros-lingeri\/\">engros service<\/a>, dette s\u00e6t er tilg\u00e6ngeligt uden minimumsbestillingsm\u00e6ngder, hvilket g\u00f8r det til en problemfri tilf\u00f8jelse til din butik eller onlinebutik.<\/p>\n\n\n\n<p>Lav et uforglemmeligt eventyr for dine kunder med vores <strong>bind for \u00f8jnene og h\u00e5ndjern<\/strong> s\u00e6t. Ideel til dem, der v\u00e6rds\u00e6tter b\u00e5de komfort og kontrol, denne duo venter p\u00e5 at l\u00e5se op for en verden af muligheder. Kom i kontakt med Greta Sexy Lingerie i dag og bring et element af sofistikeret tease til din samling.<\/p>","protected":false},"excerpt":{"rendered":"<p>Dyk ned i mystikkens fortryllelse med denne elegante <strong>bind for \u00f8jnene og h\u00e5ndjern<\/strong> s\u00e6t. Kombinerer den smidige f\u00f8lelse af l\u00e6der med delikate blonder, denne duo er perfekt til dem, der \u00f8nsker at tilf\u00f8je et strejf af sexet sofistikering til deres repertoire.<\/p>","protected":false},"featured_media":51036,"template":"","meta":[],"product_brand":[],"product_cat":[1063,1059,1066],"product_tag":[],"class_list":{"0":"post-51037","1":"product","2":"type-product","3":"status-publish","4":"has-post-thumbnail","6":"product_cat-wholesale-bdsm-mask-blindfold","7":"product_cat-wholesale-bondage-equipment","8":"product_cat-handcuffs-bondage-collars-ankle-strap","9":"pa_color-black","10":"pa_size-free","12":"first","13":"instock","14":"taxable","15":"shipping-taxable","16":"purchasable","17":"product-type-variable"},"tiered_pricing_type":"fixed","tiered_pricing_fixed_rules":[],"tiered_pricing_product_settings":{"layout":"default","base_unit_name":{"singular":null,"plural":null},"default_variation":null},"tiered_pricing_minimum_quantity":null,"tiered_pricing_roles_data":[],"tiered_pricing_percentage_rules":[],"tiered_pricing_maximum_quantity":null,"tiered_pricing_quantity_step":null,"_links":{"self":[{"href":"https:\/\/gretasexylingerie.com\/da\/wp-json\/wp\/v2\/product\/51037","targetHints":{"allow":["GET"]}}],"collection":[{"href":"https:\/\/gretasexylingerie.com\/da\/wp-json\/wp\/v2\/product"}],"about":[{"href":"https:\/\/gretasexylingerie.com\/da\/wp-json\/wp\/v2\/types\/product"}],"wp:featuredmedia":[{"embeddable":true,"href":"https:\/\/gretasexylingerie.com\/da\/wp-json\/wp\/v2\/media\/51036"}],"wp:attachment":[{"href":"https:\/\/gretasexylingerie.com\/da\/wp-json\/wp\/v2\/media?parent=51037"}],"wp:term":[{"taxonomy":"product_brand","embeddable":true,"href":"https:\/\/gretasexylingerie.com\/da\/wp-json\/wp\/v2\/product_brand?post=51037"},{"taxonomy":"product_cat","embeddable":true,"href":"https:\/\/gretasexylingerie.com\/da\/wp-json\/wp\/v2\/product_cat?post=51037"},{"taxonomy":"product_tag","embeddable":true,"href":"https:\/\/gretasexylingerie.com\/da\/wp-json\/wp\/v2\/product_tag?post=51037"}],"curies":[{"name":"wp","href":"https:\/\/api.w.org\/{rel}","templated":true}]}}