{"id":51029,"date":"2024-04-24T20:42:56","date_gmt":"2024-04-24T12:42:56","guid":{"rendered":"https:\/\/gretasexylingerie.com\/?post_type=product&#038;p=51029"},"modified":"2024-04-25T16:29:58","modified_gmt":"2024-04-25T08:29:58","slug":"engros-blaendende-bling-kvast-flogger","status":"publish","type":"product","link":"https:\/\/gretasexylingerie.com\/da\/products\/wholesale-dazzling-bling-tassel-flogger\/","title":{"rendered":"Engros Dazzling Bling Tassel Flogger"},"content":{"rendered":"<p><strong>Glamor\u00f8st design<\/strong>: Denne flogger har et glitrende h\u00e5ndtag, der tilf\u00f8jer et strejf af glamour til din disciplin. Den funklende effekt lover at fange \u00f8jet og lokke sanserne til.<\/p>\n\n\n\n<p><strong>Sp\u00e6ndende kvaster<\/strong>: Med sine frodige sorte kvaster, denne <strong>kvast flogger<\/strong> er lavet til dem, der s\u00e6tter pris p\u00e5 den delikate balance mellem nydelse og smerte, og leverer et bl\u00f8dt k\u00e6rtegn eller et skarpt stik med et enkelt svirp med h\u00e5ndleddet.<\/p>\n\n\n\n<p><strong>Alsidig dynamik<\/strong>: Uanset om den bruges som en blid teaser eller en fast afstraffer, er denne floggers fleksible tr\u00e5de i stand til at levere en bred vifte af fornemmelser, hvilket g\u00f8r den til et alsidigt v\u00e6rkt\u00f8j inden for voksenlegens rige.<\/p>\n\n\n\n<p><strong>Holdbart h\u00e5ndv\u00e6rk<\/strong>: Konstrueret med robuste materialer, dette <strong>voksen spanking pagaj<\/strong> er bygget til at holde og udholde strabadserne ved enhver eventyrlig eskapade.<\/p>\n\n\n\n<p><strong>Engros tilg\u00e6ngelighed<\/strong>: Tilg\u00e6ngelig til massek\u00f8b gennem vores <a href=\"https:\/\/gretasexylingerie.com\/da\/oem-service\/\">OEM service<\/a>, denne bl\u00e6ndende flogger tilbydes uden MOQ, hvilket letter let lagerstyring og hurtig opfyldelse af kunde\u00f8nsker.<\/p>\n\n\n\n<p>L\u00f8ft dit sortiment med denne uds\u00f8gte <strong>bling flogger<\/strong>, og give din kundekreds et strejf af luksus i deres udforskende bestr\u00e6belser. Bestil hos Greta Sexy Lingerie i dag, og lad gnisterne flyve med stil.<\/p>","protected":false},"excerpt":{"rendered":"<p>Slip en verden af overd\u00e5dig disciplin l\u00f8s med dette <strong>bling flogger<\/strong>, en luksuri\u00f8s tilf\u00f8jelse til enhver voksenkollektion. Denne flogger kombinerer den sl\u00e5ende tiltr\u00e6kning ved kvaster med det sp\u00e6ndende potentiale ved en spanking-pagaj.<\/p>","protected":false},"featured_media":51023,"template":"","meta":[],"product_brand":[],"product_cat":[1059,1067],"product_tag":[],"class_list":{"0":"post-51029","1":"product","2":"type-product","3":"status-publish","4":"has-post-thumbnail","6":"product_cat-wholesale-bondage-equipment","7":"product_cat-wholesale-spanking-whips-paddles","8":"pa_color-black","9":"pa_color-pink-women-sexy-lingerie","10":"pa_size-free","12":"first","13":"instock","14":"taxable","15":"shipping-taxable","16":"purchasable","17":"product-type-variable"},"tiered_pricing_type":"fixed","tiered_pricing_fixed_rules":[],"tiered_pricing_product_settings":{"layout":"default","base_unit_name":{"singular":null,"plural":null},"default_variation":null},"tiered_pricing_minimum_quantity":null,"tiered_pricing_roles_data":[],"tiered_pricing_percentage_rules":[],"tiered_pricing_maximum_quantity":null,"tiered_pricing_quantity_step":null,"_links":{"self":[{"href":"https:\/\/gretasexylingerie.com\/da\/wp-json\/wp\/v2\/product\/51029","targetHints":{"allow":["GET"]}}],"collection":[{"href":"https:\/\/gretasexylingerie.com\/da\/wp-json\/wp\/v2\/product"}],"about":[{"href":"https:\/\/gretasexylingerie.com\/da\/wp-json\/wp\/v2\/types\/product"}],"wp:featuredmedia":[{"embeddable":true,"href":"https:\/\/gretasexylingerie.com\/da\/wp-json\/wp\/v2\/media\/51023"}],"wp:attachment":[{"href":"https:\/\/gretasexylingerie.com\/da\/wp-json\/wp\/v2\/media?parent=51029"}],"wp:term":[{"taxonomy":"product_brand","embeddable":true,"href":"https:\/\/gretasexylingerie.com\/da\/wp-json\/wp\/v2\/product_brand?post=51029"},{"taxonomy":"product_cat","embeddable":true,"href":"https:\/\/gretasexylingerie.com\/da\/wp-json\/wp\/v2\/product_cat?post=51029"},{"taxonomy":"product_tag","embeddable":true,"href":"https:\/\/gretasexylingerie.com\/da\/wp-json\/wp\/v2\/product_tag?post=51029"}],"curies":[{"name":"wp","href":"https:\/\/api.w.org\/{rel}","templated":true}]}}