{"id":50945,"date":"2024-04-20T21:26:28","date_gmt":"2024-04-20T13:26:28","guid":{"rendered":"https:\/\/gretasexylingerie.com\/?post_type=product&#038;p=50945"},"modified":"2024-04-21T12:25:18","modified_gmt":"2024-04-21T04:25:18","slug":"engros-indledende-ball-gag-saet","status":"publish","type":"product","link":"https:\/\/gretasexylingerie.com\/da\/products\/wholesale-introductory-ball-gag-set\/","title":{"rendered":"Engros introduktionsboldgag s\u00e6t"},"content":{"rendered":"<p><strong>Begyndervenligt design<\/strong>: Vores <strong>kuglegag s\u00e6t<\/strong> er skr\u00e6ddersyet til dem, der er nye til gag-leg, med en \u00e5ndbar knogleformet bold, der g\u00f8r det nemt at bruge, mens det stadig opfylder \u00f8nsket om afd\u00e6mpet tale.<\/p>\n\n\n\n<p><strong>Blid tilbageholdenhed<\/strong>: Gag&#039;ens bl\u00f8de, b\u00f8jelige materiale sikrer et behageligt bid, mens de justerbare stropper giver en sikker pasform uden at overv\u00e6lde b\u00e6reren, hvilket g\u00f8r den til en ideel <strong>boldgag for begyndere<\/strong>.<\/p>\n\n\n\n<p><strong>Sikker og justerbar<\/strong>: Robuste sp\u00e6nder og stropper giver den n\u00f8dvendige sikkerhed, der sikrer, at gaggen forbliver p\u00e5 plads, samtidig med at den giver fleksibilitet til at tilpasse sig en lang r\u00e6kke st\u00f8rrelser og pr\u00e6ferencer.<\/p>\n\n\n\n<p><strong>Subtil \u00e6stetik<\/strong>: Dette s\u00e6t er lavet med et minimalistisk design og giver et slankt, diskret look, s\u00e5 det kan v\u00e6re en bl\u00f8d introduktion til gag-leg.<\/p>\n\n\n\n<p><strong>Kvalitetsbyggeri<\/strong>: Lavet af materialer af h\u00f8j kvalitet, denne gag er bygget til at udholde tidens pr\u00f8velse og leg, og tilbyder en holdbar mulighed for detailhandlere.<\/p>\n\n\n\n<p>Lav et begyndervenligt udvalg i din butik med vores <strong>Introduktionss\u00e6t til kugleknevler<\/strong>. Kan bestilles gennem vores <a href=\"https:\/\/gretasexylingerie.com\/da\/droshpping-lingeri-service\/\">drop shipping service<\/a>, giver en sikker og indbydende mulighed for dem, der er nysgerrige efter at forbedre deres sanseoplevelser. Tilbyd sp\u00e6ndingen ved d\u00e6mpede hvisken og kontrollerede vejrtr\u00e6kninger; tilf\u00f8je dette v\u00e6sentlige til dine tilbud i dag.<\/p>","protected":false},"excerpt":{"rendered":"<p>Velkommen nytilkomne til en verden af tilbageholdenhed, leg med dette <strong>boldgag for begyndere<\/strong>. Denne gag er designet til komfort og kontrol og er en fast bestanddel for dem, der starter deres udforskningsrejse.<\/p>","protected":false},"featured_media":50944,"template":"","meta":[],"product_brand":[],"product_cat":[1059,1064],"product_tag":[],"class_list":{"0":"post-50945","1":"product","2":"type-product","3":"status-publish","4":"has-post-thumbnail","6":"product_cat-wholesale-bondage-equipment","7":"product_cat-wholesale-gag-gifts","8":"pa_color-black","9":"pa_size-free","11":"first","12":"instock","13":"taxable","14":"shipping-taxable","15":"purchasable","16":"product-type-variable"},"tiered_pricing_type":"fixed","tiered_pricing_fixed_rules":[],"tiered_pricing_product_settings":{"layout":"table","base_unit_name":{"singular":null,"plural":null},"default_variation":null},"tiered_pricing_minimum_quantity":null,"tiered_pricing_roles_data":[],"tiered_pricing_percentage_rules":[],"tiered_pricing_maximum_quantity":null,"tiered_pricing_quantity_step":null,"_links":{"self":[{"href":"https:\/\/gretasexylingerie.com\/da\/wp-json\/wp\/v2\/product\/50945","targetHints":{"allow":["GET"]}}],"collection":[{"href":"https:\/\/gretasexylingerie.com\/da\/wp-json\/wp\/v2\/product"}],"about":[{"href":"https:\/\/gretasexylingerie.com\/da\/wp-json\/wp\/v2\/types\/product"}],"wp:featuredmedia":[{"embeddable":true,"href":"https:\/\/gretasexylingerie.com\/da\/wp-json\/wp\/v2\/media\/50944"}],"wp:attachment":[{"href":"https:\/\/gretasexylingerie.com\/da\/wp-json\/wp\/v2\/media?parent=50945"}],"wp:term":[{"taxonomy":"product_brand","embeddable":true,"href":"https:\/\/gretasexylingerie.com\/da\/wp-json\/wp\/v2\/product_brand?post=50945"},{"taxonomy":"product_cat","embeddable":true,"href":"https:\/\/gretasexylingerie.com\/da\/wp-json\/wp\/v2\/product_cat?post=50945"},{"taxonomy":"product_tag","embeddable":true,"href":"https:\/\/gretasexylingerie.com\/da\/wp-json\/wp\/v2\/product_tag?post=50945"}],"curies":[{"name":"wp","href":"https:\/\/api.w.org\/{rel}","templated":true}]}}