{"id":50935,"date":"2024-04-20T21:25:57","date_gmt":"2024-04-20T13:25:57","guid":{"rendered":"https:\/\/gretasexylingerie.com\/?post_type=product&#038;p=50935"},"modified":"2024-04-20T21:42:45","modified_gmt":"2024-04-20T13:42:45","slug":"engros-gadefuld-fjer-trimmet-blonder-lingeri-saet","status":"publish","type":"product","link":"https:\/\/gretasexylingerie.com\/da\/products\/wholesale-enigmatic-feather-trimmed-lace-lingerie-set\/","title":{"rendered":"Engros g\u00e5defuld fjer-trimmet blonde lingeri s\u00e6t"},"content":{"rendered":"<p><strong>Luksuri\u00f8se fjeraccenter<\/strong>: Det <strong>lingeri s\u00e6t med fjer<\/strong> bringer et strejf af teatralsk glamour til klassisk lingeri, med sarte fjer, der hvisker mod huden og skaber en aura af mystik.<\/p>\n\n\n\n<p><strong>Glimrende detaljering<\/strong>: Dette ensemble tilh\u00f8rer vores <strong>geniale bh- og trusses\u00e6t<\/strong>, der viser uds\u00f8gt blondeh\u00e5ndv\u00e6rk og glitrende udsmykning, der fanger lyset - og \u00f8jet.<\/p>\n\n\n\n<p><strong>Skulpteret silhuet<\/strong>: Det <strong>sort h\u00f8jtaljet blonde bh s\u00e6t<\/strong> er designet til at forme og smigre figuren, med den h\u00f8jtaljede trusse, der giver en elegant kontur, og bh&#039;en tilbyder st\u00f8ttende l\u00f8ft.<\/p>\n\n\n\n<p><strong>Tidl\u00f8s elegance<\/strong>: Med sine klassiske sorte blonder overskrider dette s\u00e6t trends og sikrer, at det forbliver en n\u00f8gledel i enhver intim bekl\u00e6dningskollektion i de kommende \u00e5r.<\/p>\n\n\n\n<p><strong>Dramatisk Allure<\/strong>: Perfekt til dem, der \u00f8nsker at g\u00f8re et statement i deres boudoir-p\u00e5kl\u00e6dning, dette s\u00e6t lover en uforglemmelig visuel indvirkning, fra det private kammer til scenens s\u00f8gelys.<\/p>\n\n\n\n<p>V\u00e6lg <strong>G\u00e5defuld fjer-trimmet blonde lingeri s\u00e6t<\/strong> til din butik, og giv dine kunder et stykke, der er lige s\u00e5 f\u00e6ngslende, som det er luksuri\u00f8st. Tilg\u00e6ngelig gennem vores <a href=\"https:\/\/gretasexylingerie.com\/da\/droshpping-lingeri-service\/\">drop shipping service<\/a>, im\u00f8dekomme den raffinerede smag hos din kundekreds uden kompleksiteten ved lagerstyring. Inviter elegance til din samling i dag.<\/p>\n\n\n\n<figure class=\"wp-block-table\">\n<table>\n<tbody>\n<tr>\n<td class=\"has-text-align-center\" colspan=\"7\" data-align=\"center\"><strong>St\u00f8rrelsesdiagram (CM)<\/strong><\/td>\n<\/tr>\n<tr>\n<td class=\"has-text-align-center\" data-align=\"center\"><strong>St\u00f8rrelse<\/strong><\/td>\n<td class=\"has-text-align-center\" data-align=\"center\"><strong>Koph\u00f8jde (cm)<\/strong><\/td>\n<td class=\"has-text-align-center\" data-align=\"center\"><strong>Under brystet (cm)<\/strong><\/td>\n<td class=\"has-text-align-center\" data-align=\"center\"><strong>Str\u00f8mpeb\u00e5nd talje (cm)<\/strong><\/td>\n<td class=\"has-text-align-center\" data-align=\"center\"><strong>Trussetalje (cm)<\/strong><\/td>\n<td class=\"has-text-align-center\" data-align=\"center\"><strong>Trusserl\u00e6ngde (cm)<\/strong><\/td>\n<\/tr>\n<tr>\n<td class=\"has-text-align-center\" data-align=\"center\">S<\/td>\n<td class=\"has-text-align-center\" data-align=\"center\">15<\/td>\n<td class=\"has-text-align-center\" data-align=\"center\">64-90<\/td>\n<td class=\"has-text-align-center\" data-align=\"center\">66-78<\/td>\n<td class=\"has-text-align-center\" data-align=\"center\">66-86<\/td>\n<td class=\"has-text-align-center\" data-align=\"center\">21<\/td>\n<\/tr>\n<tr>\n<td class=\"has-text-align-center\" data-align=\"center\">M<\/td>\n<td class=\"has-text-align-center\" data-align=\"center\">16<\/td>\n<td class=\"has-text-align-center\" data-align=\"center\">68-94<\/td>\n<td class=\"has-text-align-center\" data-align=\"center\">68-80<\/td>\n<td class=\"has-text-align-center\" data-align=\"center\">68-90<\/td>\n<td class=\"has-text-align-center\" data-align=\"center\">22<\/td>\n<\/tr>\n<tr>\n<td class=\"has-text-align-center\" data-align=\"center\">L<\/td>\n<td class=\"has-text-align-center\" data-align=\"center\">17<\/td>\n<td class=\"has-text-align-center\" data-align=\"center\">72-98<\/td>\n<td class=\"has-text-align-center\" data-align=\"center\">70-82<\/td>\n<td class=\"has-text-align-center\" data-align=\"center\">72-94<\/td>\n<td class=\"has-text-align-center\" data-align=\"center\">23<\/td>\n<\/tr>\n<\/tbody>\n<\/table>\n<\/figure>\n\n\n\n<figure class=\"wp-block-table\">\n<table>\n<tbody>\n<tr>\n<td class=\"has-text-align-center\" colspan=\"7\" data-align=\"center\"><strong>St\u00f8rrelsesdiagram (INCH)<\/strong><\/td>\n<\/tr>\n<tr>\n<td class=\"has-text-align-center\" data-align=\"center\"><strong>St\u00f8rrelse<\/strong><\/td>\n<td class=\"has-text-align-center\" data-align=\"center\"><strong>Koph\u00f8jde (in)<\/strong><\/td>\n<td class=\"has-text-align-center\" data-align=\"center\"><strong>Under buste (i)<\/strong><\/td>\n<td class=\"has-text-align-center\" data-align=\"center\"><strong>Str\u00f8mpeb\u00e5nd talje (ind)<\/strong><\/td>\n<td class=\"has-text-align-center\" data-align=\"center\"><strong>Trussetalje (ind)<\/strong><\/td>\n<td class=\"has-text-align-center\" data-align=\"center\"><strong>Trusserl\u00e6ngde (in)<\/strong><\/td>\n<\/tr>\n<tr>\n<td class=\"has-text-align-center\" data-align=\"center\">S<\/td>\n<td class=\"has-text-align-center\" data-align=\"center\">5.9<\/td>\n<td class=\"has-text-align-center\" data-align=\"center\">25.2-35.4<\/td>\n<td class=\"has-text-align-center\" data-align=\"center\">26.0-30.7<\/td>\n<td class=\"has-text-align-center\" data-align=\"center\">26.0-33.9<\/td>\n<td class=\"has-text-align-center\" data-align=\"center\">8.3<\/td>\n<\/tr>\n<tr>\n<td class=\"has-text-align-center\" data-align=\"center\">M<\/td>\n<td class=\"has-text-align-center\" data-align=\"center\">6.3<\/td>\n<td class=\"has-text-align-center\" data-align=\"center\">26.8-37.0<\/td>\n<td class=\"has-text-align-center\" data-align=\"center\">26.8-31.5<\/td>\n<td class=\"has-text-align-center\" data-align=\"center\">26.8-35.4<\/td>\n<td class=\"has-text-align-center\" data-align=\"center\">8.7<\/td>\n<\/tr>\n<tr>\n<td class=\"has-text-align-center\" data-align=\"center\">L<\/td>\n<td class=\"has-text-align-center\" data-align=\"center\">6.7<\/td>\n<td class=\"has-text-align-center\" data-align=\"center\">28.3-38.6<\/td>\n<td class=\"has-text-align-center\" data-align=\"center\">27.6-32.3<\/td>\n<td class=\"has-text-align-center\" data-align=\"center\">28.3-37.0<\/td>\n<td class=\"has-text-align-center\" data-align=\"center\">9.1<\/td>\n<\/tr>\n<\/tbody>\n<\/table>\n<\/figure>","protected":false},"excerpt":{"rendered":"<p>Fork\u00e6l dig med vores overd\u00e5dighed <strong>lingeri s\u00e6t med fjer<\/strong>, hvor overd\u00e5dige detaljer m\u00f8der tidl\u00f8s elegance. Det her <strong>sort h\u00f8jtaljet blonde bh s\u00e6t<\/strong> er udsmykket med fjeraccenter, der kombinerer sofistikering med en flirtende kant.<\/p>","protected":false},"featured_media":50929,"template":"","meta":[],"product_brand":[],"product_cat":[368,369,367],"product_tag":[507,861,875,865],"class_list":{"0":"post-50935","1":"product","2":"type-product","3":"status-publish","4":"has-post-thumbnail","6":"product_cat-bra-panty-set","7":"product_cat-wholesale-lace-bra-and-panty-sets","8":"product_cat-sexy-lingerie","9":"product_tag-three-pcs-set","10":"product_tag-brunette-lingerie","11":"product_tag-lace-sexy-lingerie","12":"product_tag-sexy-skimpy-lingerie","13":"pa_color-black","14":"pa_size-wholesale-large-size-women-sexy-lingerie","15":"pa_size-wholesale-medium-size-women-sexy-lingerie","16":"pa_size-wholesale-small-size-sexy-lingerie","18":"first","19":"instock","20":"taxable","21":"shipping-taxable","22":"purchasable","23":"product-type-variable"},"tiered_pricing_type":"fixed","tiered_pricing_fixed_rules":[],"tiered_pricing_product_settings":{"layout":"table","base_unit_name":{"singular":null,"plural":null},"default_variation":null},"tiered_pricing_minimum_quantity":null,"tiered_pricing_roles_data":[],"tiered_pricing_percentage_rules":[],"tiered_pricing_maximum_quantity":null,"tiered_pricing_quantity_step":null,"_links":{"self":[{"href":"https:\/\/gretasexylingerie.com\/da\/wp-json\/wp\/v2\/product\/50935","targetHints":{"allow":["GET"]}}],"collection":[{"href":"https:\/\/gretasexylingerie.com\/da\/wp-json\/wp\/v2\/product"}],"about":[{"href":"https:\/\/gretasexylingerie.com\/da\/wp-json\/wp\/v2\/types\/product"}],"wp:featuredmedia":[{"embeddable":true,"href":"https:\/\/gretasexylingerie.com\/da\/wp-json\/wp\/v2\/media\/50929"}],"wp:attachment":[{"href":"https:\/\/gretasexylingerie.com\/da\/wp-json\/wp\/v2\/media?parent=50935"}],"wp:term":[{"taxonomy":"product_brand","embeddable":true,"href":"https:\/\/gretasexylingerie.com\/da\/wp-json\/wp\/v2\/product_brand?post=50935"},{"taxonomy":"product_cat","embeddable":true,"href":"https:\/\/gretasexylingerie.com\/da\/wp-json\/wp\/v2\/product_cat?post=50935"},{"taxonomy":"product_tag","embeddable":true,"href":"https:\/\/gretasexylingerie.com\/da\/wp-json\/wp\/v2\/product_tag?post=50935"}],"curies":[{"name":"wp","href":"https:\/\/api.w.org\/{rel}","templated":true}]}}