{"id":50885,"date":"2024-04-20T21:22:19","date_gmt":"2024-04-20T13:22:19","guid":{"rendered":"https:\/\/gretasexylingerie.com\/?post_type=product&#038;p=50885"},"modified":"2024-04-21T12:21:33","modified_gmt":"2024-04-21T04:21:33","slug":"engros-deluxe-silhuet-bold-gag","status":"publish","type":"product","link":"https:\/\/gretasexylingerie.com\/da\/products\/wholesale-deluxe-silhouette-ball-gag\/","title":{"rendered":"Engros Deluxe Silhouette Ball Gag"},"content":{"rendered":"<p><strong>Behersket tale<\/strong>: Vores <strong>s&amp;m gag<\/strong> er udformet til at d\u00e6mpe lyden af underkastelse. Silikonekuglen sidder sikkert p\u00e5 plads og sikrer klar kommunikation af kontrol uden et ord.<\/p>\n\n\n\n<p><strong>Sensuel undertrykkelse<\/strong>: Specielt skr\u00e6ddersyet til en kvindes komfort, dette <strong>boldgag til kvinder<\/strong> har et kontureret remdesign, der passer yndefuldt og samtidig bevarer sit form\u00e5l.<\/p>\n\n\n\n<p><strong>Overlegen konstruktion<\/strong>: Lavet af f\u00f8rsteklasses materialer, dette <strong>boldgag af h\u00f8j kvalitet<\/strong> er b\u00e5de holdbar og kropssikker og giver ro i sindet sammen med intens nydelse.<\/p>\n\n\n\n<p><strong>Justerbar forsikring<\/strong>: Med sin justerbare rem og sikre sp\u00e6nde kan gagen tilpasses til at passe enhver b\u00e6rer, hvilket giver mulighed for udvidet leg uden at g\u00e5 p\u00e5 kompromis med sikkerhed eller komfort.<\/p>\n\n\n\n<p><strong>Elegant \u00e6stetik<\/strong>: Det slanke sorte design udstr\u00e5ler en atmosf\u00e6re af sofistikeret dominans, hvilket g\u00f8r det til en stilfuld tilf\u00f8jelse til enhver S&amp;M-session eller samling.<\/p>\n\n\n\n<p>L\u00f8ft sanseoplevelsen med vores <strong>Deluxe Silhouette Ball Gag<\/strong>, tilg\u00e6ngelig nu for din kr\u00e6sne kundekreds. Gennem vores <a href=\"https:\/\/gretasexylingerie.com\/da\/droshpping-lingeri-service\/\">drop shipping service<\/a>, kan du tilbyde dette uds\u00f8gte stykke tilbageholdenhed uden behov for lageropbygning, hvilket sikrer \u00f8jeblikkelig adgang til dine kunder. Fuldend kunsten at stille samtale - bestil i dag.<\/p>","protected":false},"excerpt":{"rendered":"<p>Introducer lydl\u00f8s veltalenhed til din S&amp;M-kollektion med vores <strong>boldgag af h\u00f8j kvalitet<\/strong>. Perfekt til dem, der s\u00f8ger en harmonisk blanding af komfort og tilbageholdenhed, denne gag er designet til kr\u00e6sne entusiaster.<\/p>","protected":false},"featured_media":50880,"template":"","meta":[],"product_brand":[],"product_cat":[1059,1064],"product_tag":[],"class_list":{"0":"post-50885","1":"product","2":"type-product","3":"status-publish","4":"has-post-thumbnail","6":"product_cat-wholesale-bondage-equipment","7":"product_cat-wholesale-gag-gifts","8":"pa_color-black","9":"pa_size-free","11":"first","12":"instock","13":"taxable","14":"shipping-taxable","15":"purchasable","16":"product-type-variable"},"tiered_pricing_type":"fixed","tiered_pricing_fixed_rules":[],"tiered_pricing_product_settings":{"layout":"table","base_unit_name":{"singular":null,"plural":null},"default_variation":null},"tiered_pricing_minimum_quantity":null,"tiered_pricing_roles_data":[],"tiered_pricing_percentage_rules":[],"tiered_pricing_maximum_quantity":null,"tiered_pricing_quantity_step":null,"_links":{"self":[{"href":"https:\/\/gretasexylingerie.com\/da\/wp-json\/wp\/v2\/product\/50885","targetHints":{"allow":["GET"]}}],"collection":[{"href":"https:\/\/gretasexylingerie.com\/da\/wp-json\/wp\/v2\/product"}],"about":[{"href":"https:\/\/gretasexylingerie.com\/da\/wp-json\/wp\/v2\/types\/product"}],"wp:featuredmedia":[{"embeddable":true,"href":"https:\/\/gretasexylingerie.com\/da\/wp-json\/wp\/v2\/media\/50880"}],"wp:attachment":[{"href":"https:\/\/gretasexylingerie.com\/da\/wp-json\/wp\/v2\/media?parent=50885"}],"wp:term":[{"taxonomy":"product_brand","embeddable":true,"href":"https:\/\/gretasexylingerie.com\/da\/wp-json\/wp\/v2\/product_brand?post=50885"},{"taxonomy":"product_cat","embeddable":true,"href":"https:\/\/gretasexylingerie.com\/da\/wp-json\/wp\/v2\/product_cat?post=50885"},{"taxonomy":"product_tag","embeddable":true,"href":"https:\/\/gretasexylingerie.com\/da\/wp-json\/wp\/v2\/product_tag?post=50885"}],"curies":[{"name":"wp","href":"https:\/\/api.w.org\/{rel}","templated":true}]}}