{"id":50877,"date":"2024-04-20T21:21:49","date_gmt":"2024-04-20T13:21:49","guid":{"rendered":"https:\/\/gretasexylingerie.com\/?post_type=product&#038;p=50877"},"modified":"2024-04-21T12:18:07","modified_gmt":"2024-04-21T04:18:07","slug":"engros-udsogt-dual-tone-vegansk-laeder-flogger","status":"publish","type":"product","link":"https:\/\/gretasexylingerie.com\/da\/products\/wholesale-exquisite-dual-tone-vegan-leather-flogger\/","title":{"rendered":"Engros uds\u00f8gt dual-tone vegansk l\u00e6der Flogger"},"content":{"rendered":"<p><strong>H\u00e5ndv\u00e6rksm\u00e6ssig \u00e6stetik<\/strong>: Oplev finessen i vores <strong>high-end flogger<\/strong>, med en sl\u00e5ende r\u00f8d og sort v\u00e6vning, der kr\u00e6ver opm\u00e6rksomhed og udstr\u00e5ler kraft.<\/p>\n\n\n\n<p><strong>Etisk elegance<\/strong>: Sammensat af top-tier vegansk l\u00e6der, er denne flogger et bevis p\u00e5 ansvarligt h\u00e5ndv\u00e6rk, og tilbyder en skyldfri tilf\u00f8jelse til enhver dominatrix arsenal.<\/p>\n\n\n\n<p><strong>Sansemesterskab<\/strong>: Designet til dem, der kommanderer med en taktil ber\u00f8ring, giver de smidige tr\u00e5de et tilfredsstillende snap eller et blidt k\u00e6rtegn, alsidigt til nuanceret leg.<\/p>\n\n\n\n<p><strong>Balanceret design<\/strong>: Det v\u00e6gtede h\u00e5ndtag sikrer et behageligt greb og pr\u00e6cis kontrol, hvilket g\u00f8r dette <strong>femdom flogger<\/strong> en forl\u00e6ngelse af brugerens hensigt.<\/p>\n\n\n\n<p><strong>Varigt h\u00e5ndv\u00e6rk<\/strong>: Holdbarhed m\u00f8der design i denne flogger, der lover en varig tilstedev\u00e6relse i enhver samling af kr\u00e6sne voksentilbeh\u00f8r.<\/p>\n\n\n\n<p>L\u00f8ft standarderne for din butiks tilbud med vores dobbelte tone <strong>vegansk l\u00e6der flogger<\/strong>. Inviter din kundekreds til at hengive sig til luksusen ved kontrol og sk\u00f8nheden ved etiske valg. Gennem vores <a href=\"https:\/\/gretasexylingerie.com\/da\/droshpping-lingeri-service\/\">drop shipping service<\/a>, f\u00e5 adgang til en verden, hvor kvalitet m\u00f8der \u00f8nske, uden minimumsbestilling. Tilf\u00f8j dette uds\u00f8gte stykke til dit udvalg, og lad spillet om magt og forn\u00f8jelse begynde.<\/p>","protected":false},"excerpt":{"rendered":"<p>H\u00e6vd dominans med ynde ved hj\u00e6lp af vores <strong>high-end flogger<\/strong>. Fremstillet af premium vegansk l\u00e6der, denne femdom essential forener etisk luksus med kompromisl\u00f8s ydeevne.<\/p>","protected":false},"featured_media":50868,"template":"","meta":[],"product_brand":[],"product_cat":[1059,1067],"product_tag":[],"class_list":{"0":"post-50877","1":"product","2":"type-product","3":"status-publish","4":"has-post-thumbnail","6":"product_cat-wholesale-bondage-equipment","7":"product_cat-wholesale-spanking-whips-paddles","8":"pa_color-red-women-sexy-lingerie","9":"pa_size-free","11":"first","12":"instock","13":"taxable","14":"shipping-taxable","15":"purchasable","16":"product-type-variable"},"tiered_pricing_type":"fixed","tiered_pricing_fixed_rules":[],"tiered_pricing_product_settings":{"layout":"table","base_unit_name":{"singular":null,"plural":null},"default_variation":null},"tiered_pricing_minimum_quantity":null,"tiered_pricing_roles_data":[],"tiered_pricing_percentage_rules":[],"tiered_pricing_maximum_quantity":null,"tiered_pricing_quantity_step":null,"_links":{"self":[{"href":"https:\/\/gretasexylingerie.com\/da\/wp-json\/wp\/v2\/product\/50877","targetHints":{"allow":["GET"]}}],"collection":[{"href":"https:\/\/gretasexylingerie.com\/da\/wp-json\/wp\/v2\/product"}],"about":[{"href":"https:\/\/gretasexylingerie.com\/da\/wp-json\/wp\/v2\/types\/product"}],"wp:featuredmedia":[{"embeddable":true,"href":"https:\/\/gretasexylingerie.com\/da\/wp-json\/wp\/v2\/media\/50868"}],"wp:attachment":[{"href":"https:\/\/gretasexylingerie.com\/da\/wp-json\/wp\/v2\/media?parent=50877"}],"wp:term":[{"taxonomy":"product_brand","embeddable":true,"href":"https:\/\/gretasexylingerie.com\/da\/wp-json\/wp\/v2\/product_brand?post=50877"},{"taxonomy":"product_cat","embeddable":true,"href":"https:\/\/gretasexylingerie.com\/da\/wp-json\/wp\/v2\/product_cat?post=50877"},{"taxonomy":"product_tag","embeddable":true,"href":"https:\/\/gretasexylingerie.com\/da\/wp-json\/wp\/v2\/product_tag?post=50877"}],"curies":[{"name":"wp","href":"https:\/\/api.w.org\/{rel}","templated":true}]}}