{"id":50859,"date":"2024-04-20T21:20:33","date_gmt":"2024-04-20T13:20:33","guid":{"rendered":"https:\/\/gretasexylingerie.com\/?post_type=product&#038;p=50859"},"modified":"2024-04-21T12:13:39","modified_gmt":"2024-04-21T04:13:39","slug":"engros-luksus-laederspanker-til-sanseleg","status":"publish","type":"product","link":"https:\/\/gretasexylingerie.com\/da\/products\/wholesale-luxe-leather-spanker-for-sensory-play\/","title":{"rendered":"Engros Luxe L\u00e6der Spanker til sanseleg"},"content":{"rendered":"<p>Indf\u00f8r et strejf af kontrolleret fork\u00e6lelse med dette <strong>l\u00e6der spanker<\/strong>, en n\u00f8gledel til enhver kr\u00e6sen samling af SM-piske. Denne voksne leget\u00f8jspisk kombinerer h\u00e5ndv\u00e6rk og komfort og sikrer en sp\u00e6ndende oplevelse.<br>Dette er lavet til pr\u00e6cision og ydeevne <strong>l\u00e6der spanker<\/strong> er et must-have for dem, der \u00f8nsker kvalitet og funktionalitet i deres voksenleg. Dens flettede design bidrager ikke kun til dens \u00e6stetiske appel, men giver ogs\u00e5 et behageligt greb for forbedret kontrol under brug.<\/p>\n\n\n\n<p>Den integrerede h\u00e5ndledsl\u00f8kke sikrer, at spankeren forbliver i h\u00e5nden, mens det bl\u00f8de, men robuste l\u00e6der giver en tilfredsstillende effekt ved hver brug. Uanset om det er for begyndere, der udforsker nye oplevelser eller entusiaster, der tilf\u00f8jer deres samling, fungerer denne spanker som et alsidigt v\u00e6rkt\u00f8j til en bred vifte af voksenaktiviteter.<\/p>\n\n\n\n<p>Med holdbarhed i tankerne er hvert stykke lavet til at modst\u00e5 strabadserne ved spilletid og bevare dets integritet og udseende over tid. Dette g\u00f8r det til et fremragende valg for detailhandlere, der \u00f8nsker at tilbyde langtidsholdbare piske til voksne leget\u00f8j til deres kunder.<\/p>\n\n\n\n<p>Partner med Greta Sexy Lingerie for adgang til SM-produkter af h\u00f8j kvalitet uden besv\u00e6ret med lagerstyring. Gennem vores <a href=\"https:\/\/gretasexylingerie.com\/da\/droshpping-lingeri-service\/\">drop shipping service<\/a>, nyd fordelen ved at forsyne dine kunder med det fineste inden for voksenleget\u00f8j med lethed.<\/p>\n\n\n\n<p>L\u00f8ft dit udvalg af intimt tilbeh\u00f8r med vores l\u00e6derspanker, og forsikre din kundekreds om en premium tilf\u00f8jelse til deres personlige samling. Bestil nu og lad udforskningen af forn\u00f8jelse begynde med selvtillid og stil.<\/p>","protected":false},"excerpt":{"rendered":"<p>Oplev den raffinerede kant af forn\u00f8jelse med dette <strong>l\u00e6der spanker<\/strong>, et must-have inden for SM-piskenes rige. Designet til b\u00e5de garvede og nysgerrige, denne pisk kombinerer kvalitetsh\u00e5ndv\u00e6rk med sp\u00e6ndingen ved sensorisk udforskning.<\/p>","protected":false},"featured_media":50854,"template":"","meta":[],"product_brand":[],"product_cat":[1059,1067],"product_tag":[],"class_list":{"0":"post-50859","1":"product","2":"type-product","3":"status-publish","4":"has-post-thumbnail","6":"product_cat-wholesale-bondage-equipment","7":"product_cat-wholesale-spanking-whips-paddles","8":"pa_color-black","9":"pa_size-free","11":"first","12":"instock","13":"taxable","14":"shipping-taxable","15":"purchasable","16":"product-type-variable"},"tiered_pricing_type":"fixed","tiered_pricing_fixed_rules":[],"tiered_pricing_product_settings":{"layout":"table","base_unit_name":{"singular":null,"plural":null},"default_variation":null},"tiered_pricing_minimum_quantity":null,"tiered_pricing_roles_data":[],"tiered_pricing_percentage_rules":[],"tiered_pricing_maximum_quantity":null,"tiered_pricing_quantity_step":null,"_links":{"self":[{"href":"https:\/\/gretasexylingerie.com\/da\/wp-json\/wp\/v2\/product\/50859","targetHints":{"allow":["GET"]}}],"collection":[{"href":"https:\/\/gretasexylingerie.com\/da\/wp-json\/wp\/v2\/product"}],"about":[{"href":"https:\/\/gretasexylingerie.com\/da\/wp-json\/wp\/v2\/types\/product"}],"wp:featuredmedia":[{"embeddable":true,"href":"https:\/\/gretasexylingerie.com\/da\/wp-json\/wp\/v2\/media\/50854"}],"wp:attachment":[{"href":"https:\/\/gretasexylingerie.com\/da\/wp-json\/wp\/v2\/media?parent=50859"}],"wp:term":[{"taxonomy":"product_brand","embeddable":true,"href":"https:\/\/gretasexylingerie.com\/da\/wp-json\/wp\/v2\/product_brand?post=50859"},{"taxonomy":"product_cat","embeddable":true,"href":"https:\/\/gretasexylingerie.com\/da\/wp-json\/wp\/v2\/product_cat?post=50859"},{"taxonomy":"product_tag","embeddable":true,"href":"https:\/\/gretasexylingerie.com\/da\/wp-json\/wp\/v2\/product_tag?post=50859"}],"curies":[{"name":"wp","href":"https:\/\/api.w.org\/{rel}","templated":true}]}}