{"id":50832,"date":"2024-04-20T21:18:34","date_gmt":"2024-04-20T13:18:34","guid":{"rendered":"https:\/\/gretasexylingerie.com\/?post_type=product&#038;p=50832"},"modified":"2024-04-21T12:01:54","modified_gmt":"2024-04-21T04:01:54","slug":"engros-udsogt-laeder-spanking-pagaj-med-blonde-detalje","status":"publish","type":"product","link":"https:\/\/gretasexylingerie.com\/da\/products\/wholesale-exquisite-leather-spanking-paddle-with-lace-detail\/","title":{"rendered":"Engros uds\u00f8gt l\u00e6der Spanking Paddle med blonder detalje"},"content":{"rendered":"<p><strong>Sensuel p\u00e5virkning<\/strong>: Ekspert designet til dem, der nyder dansen af forn\u00f8jelse og kontrol, dette <strong>l\u00e6der spanking pagaj<\/strong> tilbyder et luksuri\u00f8st touch med hver n\u00f8je overvejet strejke.<\/p>\n\n\n\n<p><strong>Elegant \u00e6stetik<\/strong>: Udsmykket med sn\u00f8reb\u00e5ndsdetaljer og funklende accenter, forener denne pagaj sk\u00f8nhed med dristigheden fra S&amp;M-spil, hvilket g\u00f8r den til en favorit for b\u00e5de begyndere og feinschmeckere.<\/p>\n\n\n\n<p><strong>Alsidige nuancer<\/strong>: F\u00e5s i en r\u00e6kke forskellige farver, herunder subtil Pink, klassisk hvid, passioneret r\u00f8d og kongelig lilla, hvilket giver mulighed for personligt udtryk og tematisk leg.<\/p>\n\n\n\n<p><strong>F\u00f8rsteklasses h\u00e5ndv\u00e6rk<\/strong>: Konstrueret af h\u00f8jkvalitets l\u00e6der lover pagajen holdbarhed og p\u00e5lidelighed med et behageligt greb, der sikrer pr\u00e6cis h\u00e5ndtering.<\/p>\n\n\n\n<p>For\u00f8g din butiks tilbud med denne smukt designede <strong>s&amp;m flogger<\/strong>. Giv dine kunder magten til at udtrykke deres \u00f8nsker dristigt og sofistikeret. Kom i kontakt med Greta Sexy Lingerie for at bringe denne blanding af luksus og opstemthed til din kr\u00e6sne kundekreds.<\/p>","protected":false},"excerpt":{"rendered":"<p>Vi introducerer det ultimative instrument til drilleri og disciplin, dette <strong>sexet flogger<\/strong> er et statement til enhver samling. Den er fremstillet med premium l\u00e6der og delikat blonde og leverer b\u00e5de stil og funktion.<\/p>","protected":false},"featured_media":50824,"template":"","meta":[],"product_brand":[],"product_cat":[1059,1067],"product_tag":[],"class_list":{"0":"post-50832","1":"product","2":"type-product","3":"status-publish","4":"has-post-thumbnail","6":"product_cat-wholesale-bondage-equipment","7":"product_cat-wholesale-spanking-whips-paddles","8":"pa_color-pink-women-sexy-lingerie","9":"pa_color-purple-women-sexy-lingerie","10":"pa_color-red-women-sexy-lingerie","11":"pa_color-white","12":"pa_size-free","14":"first","15":"instock","16":"taxable","17":"shipping-taxable","18":"purchasable","19":"product-type-variable"},"tiered_pricing_type":"fixed","tiered_pricing_fixed_rules":[],"tiered_pricing_product_settings":{"layout":"table","base_unit_name":{"singular":null,"plural":null},"default_variation":null},"tiered_pricing_minimum_quantity":null,"tiered_pricing_roles_data":[],"tiered_pricing_percentage_rules":[],"tiered_pricing_maximum_quantity":null,"tiered_pricing_quantity_step":null,"_links":{"self":[{"href":"https:\/\/gretasexylingerie.com\/da\/wp-json\/wp\/v2\/product\/50832","targetHints":{"allow":["GET"]}}],"collection":[{"href":"https:\/\/gretasexylingerie.com\/da\/wp-json\/wp\/v2\/product"}],"about":[{"href":"https:\/\/gretasexylingerie.com\/da\/wp-json\/wp\/v2\/types\/product"}],"wp:featuredmedia":[{"embeddable":true,"href":"https:\/\/gretasexylingerie.com\/da\/wp-json\/wp\/v2\/media\/50824"}],"wp:attachment":[{"href":"https:\/\/gretasexylingerie.com\/da\/wp-json\/wp\/v2\/media?parent=50832"}],"wp:term":[{"taxonomy":"product_brand","embeddable":true,"href":"https:\/\/gretasexylingerie.com\/da\/wp-json\/wp\/v2\/product_brand?post=50832"},{"taxonomy":"product_cat","embeddable":true,"href":"https:\/\/gretasexylingerie.com\/da\/wp-json\/wp\/v2\/product_cat?post=50832"},{"taxonomy":"product_tag","embeddable":true,"href":"https:\/\/gretasexylingerie.com\/da\/wp-json\/wp\/v2\/product_tag?post=50832"}],"curies":[{"name":"wp","href":"https:\/\/api.w.org\/{rel}","templated":true}]}}