{"id":50822,"date":"2024-04-20T21:17:43","date_gmt":"2024-04-20T13:17:43","guid":{"rendered":"https:\/\/gretasexylingerie.com\/?post_type=product&#038;p=50822"},"modified":"2024-04-21T11:57:33","modified_gmt":"2024-04-21T03:57:33","slug":"engros-assertiv-charme-bondage-bustier","status":"publish","type":"product","link":"https:\/\/gretasexylingerie.com\/da\/products\/wholesale-assertive-charm-bondage-bustier\/","title":{"rendered":"Engros Assertive Charm Bondage Bustier"},"content":{"rendered":"<p><strong>Dominerende design<\/strong>: Lavet til effekt, dette <strong>bondage bh&#039;er<\/strong> piece har et netv\u00e6rk af stropper og k\u00e6der, der skaber en imponerende \u00e6stetik, der inviterer til en aura af kontrol og selvtillid.<\/p>\n\n\n\n<p><strong>Imponerende silhuet<\/strong>: Bustieren skulpturerer en kraftfuld silhuet med sine l\u00e6derlignende stropper og metalliske accenter, der inkarnerer styrken og tiltr\u00e6kningen fra <strong>dominatrix lingeri<\/strong>.<\/p>\n\n\n\n<p><strong>Justerbar empowerment<\/strong>: Med tilpasselige fittings giver dette stykke den perfekte blanding af komfort og selvsikkerhed, hvilket g\u00f8r det muligt for b\u00e6reren at justere for den ideelle indsn\u00e6vring og pasform.<\/p>\n\n\n\n<p><strong>Strategiske accenter<\/strong>: Den omhyggelige placering af k\u00e6der og hardware p\u00e5 denne bustier tilf\u00f8jer ikke kun visuel intriger, men ogs\u00e5 en taktil oplevelse for et forbedret m\u00f8de.<\/p>\n\n\n\n<p><strong>Detailfordel<\/strong>: Denne bustier pr\u00e6senterer et modigt valg for din kundekreds, og den er let tilg\u00e6ngelig gennem vores <a href=\"https:\/\/gretasexylingerie.com\/da\/droshpping-lingeri-service\/\">drop shipping service<\/a>, hvilket forenkler dine lagerbehov og sikrer, at du kan tage h\u00f8jde for vovet uden forsinkelse.<\/p>\n\n\n\n<p>L\u00f8ft din samling med Assertive Charm Bondage Bustier, perfekt til dem, der s\u00f8ger at omfavne deres magt. Kom i kontakt med Greta Sexy Lingerie for at tilbyde dette provokerende stykke, hvor hver detalje taler til styrke og sensualitet.<\/p>","protected":false},"excerpt":{"rendered":"<p>Kanal dristig tillid med dette <strong>bondage bustier<\/strong>, en fusion af dominatrix flair og sl\u00e5ende design. Udviklet til dem, der t\u00f8r dominere rummet, er dette stykke mere end lingeri - det er et statement.<\/p>","protected":false},"featured_media":50821,"template":"","meta":[],"product_brand":[],"product_cat":[1059,1060],"product_tag":[],"class_list":{"0":"post-50822","1":"product","2":"type-product","3":"status-publish","4":"has-post-thumbnail","6":"product_cat-wholesale-bondage-equipment","7":"product_cat-wholesale-bondage-lingerie","8":"pa_color-black","9":"pa_size-free","11":"first","12":"instock","13":"taxable","14":"shipping-taxable","15":"purchasable","16":"product-type-variable"},"tiered_pricing_type":"fixed","tiered_pricing_fixed_rules":[],"tiered_pricing_product_settings":{"layout":"table","base_unit_name":{"singular":null,"plural":null},"default_variation":null},"tiered_pricing_minimum_quantity":null,"tiered_pricing_roles_data":[],"tiered_pricing_percentage_rules":[],"tiered_pricing_maximum_quantity":null,"tiered_pricing_quantity_step":null,"_links":{"self":[{"href":"https:\/\/gretasexylingerie.com\/da\/wp-json\/wp\/v2\/product\/50822","targetHints":{"allow":["GET"]}}],"collection":[{"href":"https:\/\/gretasexylingerie.com\/da\/wp-json\/wp\/v2\/product"}],"about":[{"href":"https:\/\/gretasexylingerie.com\/da\/wp-json\/wp\/v2\/types\/product"}],"wp:featuredmedia":[{"embeddable":true,"href":"https:\/\/gretasexylingerie.com\/da\/wp-json\/wp\/v2\/media\/50821"}],"wp:attachment":[{"href":"https:\/\/gretasexylingerie.com\/da\/wp-json\/wp\/v2\/media?parent=50822"}],"wp:term":[{"taxonomy":"product_brand","embeddable":true,"href":"https:\/\/gretasexylingerie.com\/da\/wp-json\/wp\/v2\/product_brand?post=50822"},{"taxonomy":"product_cat","embeddable":true,"href":"https:\/\/gretasexylingerie.com\/da\/wp-json\/wp\/v2\/product_cat?post=50822"},{"taxonomy":"product_tag","embeddable":true,"href":"https:\/\/gretasexylingerie.com\/da\/wp-json\/wp\/v2\/product_tag?post=50822"}],"curies":[{"name":"wp","href":"https:\/\/api.w.org\/{rel}","templated":true}]}}