{"id":50815,"date":"2024-04-20T21:17:16","date_gmt":"2024-04-20T13:17:16","guid":{"rendered":"https:\/\/gretasexylingerie.com\/?post_type=product&#038;p=50815"},"modified":"2024-04-21T10:54:36","modified_gmt":"2024-04-21T02:54:36","slug":"engros-dominatrix-bondage-brief","status":"publish","type":"product","link":"https:\/\/gretasexylingerie.com\/da\/products\/wholesale-dominatrix-bondage-brief\/","title":{"rendered":"Engros Dominatrix Bondage Brief"},"content":{"rendered":"<p><strong>Kommandende design<\/strong>: Disse trusser er et vidnesbyrd om kraft, udformet med dristige stropper og metalliske accenter, der definerer dominatrix-\u00e6stetikken. <\/p>\n\n\n\n<p><strong>Integreret kontrol<\/strong>: Midtpunktet er den smart placerede sele, konstrueret til at holde en vibrator, der inviterer til udforskning af lysten med forsikring om <strong>tilbageholdende undert\u00f8j<\/strong>.<\/p>\n\n\n\n<p><strong>Justerbar for komfort<\/strong>: Pr\u00e6cision er n\u00f8glen i bondage-slid, og disse trusser har justerbare stropper for at sikre en perfekt pasform, hvilket giver mulighed for langvarig slid og alsidighed i brug.<\/p>\n\n\n\n<p><strong>Kvalitets materialer<\/strong>: Lavet af materialer af h\u00f8j kvalitet, der lover holdbarhed, er disse trusser b\u00e5de et statement-stykke og en fast bestanddel i en verden af luksusbondage.<\/p>\n\n\n\n<p><strong>Ubesv\u00e6ret detailhandel<\/strong>: Tilg\u00e6ngelig for nem inkorporering i din produktlinje, disse trusser underst\u00f8ttes af vores <a href=\"https:\/\/gretasexylingerie.com\/da\/droshpping-lingeri-service\/\">drop shipping service<\/a>, der ikke kr\u00e6ver nogen minimumsordrem\u00e6ngde for din bekvemmelighed.<\/p>\n\n\n\n<p>Udstyr din butik med det ultimative v\u00e6rkt\u00f8j til fristelse - vores Bondage Brief med vibratorsele. Tilbyd dine kunder en vare, der er i sk\u00e6ringspunktet mellem sp\u00e6nding og empowerment. Tag fat i Greta Sexy Lingerie i dag og tilf\u00f8j en ny dimension til din intime t\u00f8jkollektion.<\/p>","protected":false},"excerpt":{"rendered":"<p>Dyk ned i kontrolomr\u00e5det med disse <strong>bondage trusser<\/strong>, designet ikke kun til lokke, men ogs\u00e5 til funktion. Disse <strong>dominatrix trusser<\/strong> Kom med et vovet twist - en indbygget sele til at holde en vibrator, der blander forn\u00f8jelse med det provokerende.<\/p>","protected":false},"featured_media":50809,"template":"","meta":[],"product_brand":[],"product_cat":[1059,1060],"product_tag":[524,451,866,504],"class_list":{"0":"post-50815","1":"product","2":"type-product","3":"status-publish","4":"has-post-thumbnail","6":"product_cat-wholesale-bondage-equipment","7":"product_cat-wholesale-bondage-lingerie","8":"product_tag-metal-lingerie","9":"product_tag-wholesale-revealing-lingerie","10":"product_tag-sexy-romper-lingerie","11":"product_tag-ultra-sexy","12":"pa_color-black","13":"pa_size-wholesale-large-size-women-sexy-lingerie","14":"pa_size-wholesale-medium-size-women-sexy-lingerie","16":"first","17":"instock","18":"taxable","19":"shipping-taxable","20":"purchasable","21":"product-type-variable"},"tiered_pricing_type":"fixed","tiered_pricing_fixed_rules":[],"tiered_pricing_product_settings":{"layout":"table","base_unit_name":{"singular":null,"plural":null},"default_variation":null},"tiered_pricing_minimum_quantity":null,"tiered_pricing_roles_data":[],"tiered_pricing_percentage_rules":[],"tiered_pricing_maximum_quantity":null,"tiered_pricing_quantity_step":null,"_links":{"self":[{"href":"https:\/\/gretasexylingerie.com\/da\/wp-json\/wp\/v2\/product\/50815","targetHints":{"allow":["GET"]}}],"collection":[{"href":"https:\/\/gretasexylingerie.com\/da\/wp-json\/wp\/v2\/product"}],"about":[{"href":"https:\/\/gretasexylingerie.com\/da\/wp-json\/wp\/v2\/types\/product"}],"wp:featuredmedia":[{"embeddable":true,"href":"https:\/\/gretasexylingerie.com\/da\/wp-json\/wp\/v2\/media\/50809"}],"wp:attachment":[{"href":"https:\/\/gretasexylingerie.com\/da\/wp-json\/wp\/v2\/media?parent=50815"}],"wp:term":[{"taxonomy":"product_brand","embeddable":true,"href":"https:\/\/gretasexylingerie.com\/da\/wp-json\/wp\/v2\/product_brand?post=50815"},{"taxonomy":"product_cat","embeddable":true,"href":"https:\/\/gretasexylingerie.com\/da\/wp-json\/wp\/v2\/product_cat?post=50815"},{"taxonomy":"product_tag","embeddable":true,"href":"https:\/\/gretasexylingerie.com\/da\/wp-json\/wp\/v2\/product_tag?post=50815"}],"curies":[{"name":"wp","href":"https:\/\/api.w.org\/{rel}","templated":true}]}}