{"id":50803,"date":"2024-04-20T21:16:10","date_gmt":"2024-04-20T13:16:10","guid":{"rendered":"https:\/\/gretasexylingerie.com\/?post_type=product&#038;p=50803"},"modified":"2024-04-21T11:57:43","modified_gmt":"2024-04-21T03:57:43","slug":"engros-vovet-bondage-inspireret-lingeri-saet","status":"publish","type":"product","link":"https:\/\/gretasexylingerie.com\/da\/products\/wholesale-daring-bondage-inspired-lingerie-set\/","title":{"rendered":"Engros Daring Bondage-inspireret lingeris\u00e6t"},"content":{"rendered":"<p><strong>Sensuel Autoritet<\/strong>: Dette s\u00e6ts assertive design med stropper og sp\u00e6nder indkapsler essensen af <strong>bondage-inspireret lingeri<\/strong>, der tilbyder et look, der er lige s\u00e5 styrkende, som det er tillokkende.<\/p>\n\n\n\n<p><strong>Chic symmetri<\/strong>: De symmetriske stropper er lavet med pr\u00e6cision og skaber et visuelt fantastisk motiv, der hylder den kvindelige form p\u00e5 en selvsikker m\u00e5de.<\/p>\n\n\n\n<p><strong>Robust konstruktion<\/strong>: Materialer af h\u00f8j kvalitet sikrer, at dette <strong>kvindeligt tr\u00e6ldomst\u00f8j<\/strong> ser ikke kun imponerende ud, men f\u00f8les robust og p\u00e5lidelig, hvilket giver mulighed for b\u00e5de komfort og fed styling.<\/p>\n\n\n\n<p><strong>Justerbare accenter<\/strong>: S\u00f8lvfarvet hardware giver en sl\u00e5ende kontrast mod de sorte stropper, med justerbare funktioner for en tilpasset og sikker pasform.<\/p>\n\n\n\n<p><strong>S\u00f8ml\u00f8s integration<\/strong>: Som en del af vores <a href=\"https:\/\/gretasexylingerie.com\/da\/droshpping-lingeri-service\/\">drop shipping service<\/a>, dette lingeris\u00e6t er perfekt til virksomheder, der \u00f8nsker at give deres kunder avantgarde-valg uden bekvemmelighed af et minimumsbestillingsantal.<\/p>\n\n\n\n<p>Slip den vovede diva l\u00f8s i din kundekreds med vores Bondage-inspirerede lingeris\u00e6t. Tilbyd dette modige statement, og lad dine kunder sv\u00e6lge i fusionen af mode og fantasi. Partner med Greta Sexy Lingerie i dag, hvor frygtl\u00f8s stil m\u00f8der finesse.<\/p>","protected":false},"excerpt":{"rendered":"<p>Styr rummet med denne fed <strong>bondage outfits til kvinder<\/strong>. Kombinerer det vovede med det elegante, dette s\u00e6t er et sl\u00e5ende valg for dem, der \u00f8nsker at tilf\u00f8je en provokerende kant til deres lingerikollektion<\/p>","protected":false},"featured_media":50802,"template":"","meta":[],"product_brand":[],"product_cat":[1059,1060],"product_tag":[524,451,866,504],"class_list":{"0":"post-50803","1":"product","2":"type-product","3":"status-publish","4":"has-post-thumbnail","6":"product_cat-wholesale-bondage-equipment","7":"product_cat-wholesale-bondage-lingerie","8":"product_tag-metal-lingerie","9":"product_tag-wholesale-revealing-lingerie","10":"product_tag-sexy-romper-lingerie","11":"product_tag-ultra-sexy","12":"pa_color-black","13":"pa_size-free","15":"first","16":"instock","17":"taxable","18":"shipping-taxable","19":"purchasable","20":"product-type-variable"},"tiered_pricing_type":"fixed","tiered_pricing_fixed_rules":[],"tiered_pricing_product_settings":{"layout":"table","base_unit_name":{"singular":null,"plural":null},"default_variation":null},"tiered_pricing_minimum_quantity":null,"tiered_pricing_roles_data":[],"tiered_pricing_percentage_rules":[],"tiered_pricing_maximum_quantity":null,"tiered_pricing_quantity_step":null,"_links":{"self":[{"href":"https:\/\/gretasexylingerie.com\/da\/wp-json\/wp\/v2\/product\/50803","targetHints":{"allow":["GET"]}}],"collection":[{"href":"https:\/\/gretasexylingerie.com\/da\/wp-json\/wp\/v2\/product"}],"about":[{"href":"https:\/\/gretasexylingerie.com\/da\/wp-json\/wp\/v2\/types\/product"}],"wp:featuredmedia":[{"embeddable":true,"href":"https:\/\/gretasexylingerie.com\/da\/wp-json\/wp\/v2\/media\/50802"}],"wp:attachment":[{"href":"https:\/\/gretasexylingerie.com\/da\/wp-json\/wp\/v2\/media?parent=50803"}],"wp:term":[{"taxonomy":"product_brand","embeddable":true,"href":"https:\/\/gretasexylingerie.com\/da\/wp-json\/wp\/v2\/product_brand?post=50803"},{"taxonomy":"product_cat","embeddable":true,"href":"https:\/\/gretasexylingerie.com\/da\/wp-json\/wp\/v2\/product_cat?post=50803"},{"taxonomy":"product_tag","embeddable":true,"href":"https:\/\/gretasexylingerie.com\/da\/wp-json\/wp\/v2\/product_tag?post=50803"}],"curies":[{"name":"wp","href":"https:\/\/api.w.org\/{rel}","templated":true}]}}