{"id":50761,"date":"2024-04-16T16:48:25","date_gmt":"2024-04-16T08:48:25","guid":{"rendered":"https:\/\/gretasexylingerie.com\/?post_type=product&#038;p=50761"},"modified":"2024-04-17T01:50:26","modified_gmt":"2024-04-16T17:50:26","slug":"engros-delikat-skygge-gennemsigtig-bh-og-trussesaet","status":"publish","type":"product","link":"https:\/\/gretasexylingerie.com\/da\/products\/wholesale-delicate-shadow-sheer-bra-and-panty-set\/","title":{"rendered":"Engros Delicate Shadow Sheer BH og trusses\u00e6t"},"content":{"rendered":"<p><strong>Whispers of Lace<\/strong>: Det <strong>dameundert\u00f8jss\u00e6t med blonder<\/strong> vi tilbyder en balance mellem dristighed og ynde, med den fine blondekant, der tilf\u00f8jer et strejf af klassisk sk\u00f8nhed til det vovede rene stof.<\/p>\n\n\n\n<p><strong>Artful Translucence<\/strong>: Dette uds\u00f8gte s\u00e6t har en gennemsigtig bh og trusse, der spiller med synlighed og giver et pirrende glimt, samtidig med at det giver elegant d\u00e6kning, der inkarnerer forlokkelsen af <strong>flotte lingeri s\u00e6t<\/strong>.<\/p>\n\n\n\n<p><strong>Kontureret silhuet<\/strong>: BH&#039;ens gennemt\u00e6nkte konstruktion forst\u00e6rker den naturlige form, mens trussens design forl\u00e6nger og smigrer, hvilket sikrer komfort uden at g\u00e5 p\u00e5 kompromis med lingeriets dragende tiltr\u00e6kningskraft.<\/p>\n\n\n\n<p><strong>Bollende tyldetaljer<\/strong>: En flirtende tylfl\u00e6se tilf\u00f8jer et legende twist til ensemblet og skaber et dynamisk samspil af teksturer og former, der helt sikkert vil lokke.<\/p>\n\n\n\n<p><strong>Forhandlerens dr\u00f8m<\/strong>: Udstyr din butik med dette fortryllende s\u00e6t, der nemt kan fyldes op med vores <a href=\"https:\/\/gretasexylingerie.com\/da\/droshpping-lingeri-service\/\">drop shipping service<\/a>, der tilbyder lokket ved luksuslingeri uden at det er n\u00f8dvendigt at have lagerbeholdning.<\/p>\n\n\n\n<p>Inviter dine kunder til at drapere sig i elegancen af vores Shadow Sheer BH og trusses\u00e6t. Perfekt til dem, der s\u00f8ger et strejf af mystik med deres komfort, disse s\u00e6t er et l\u00e6rred til personligt udtryk. Partner med Greta Sexy Lingerie for lingeri, der taler i bl\u00f8d hvisken af tillokkende og sofistikeret.<\/p>\n\n\n\n<figure class=\"wp-block-table\">\n<table>\n<tbody>\n<tr>\n<td class=\"has-text-align-center\" colspan=\"6\" data-align=\"center\"><strong>St\u00f8rrelsesdiagram (CM)<\/strong><\/td>\n<\/tr>\n<tr>\n<td class=\"has-text-align-center\" data-align=\"center\"><strong>St\u00f8rrelse<\/strong><\/td>\n<td class=\"has-text-align-center\" data-align=\"center\"><strong>Bryst (cm)<\/strong><\/td>\n<td class=\"has-text-align-center\" data-align=\"center\"><strong>L\u00e6ngde (cm)<\/strong><\/td>\n<td class=\"has-text-align-center\" data-align=\"center\"><strong>Talje (cm)<\/strong><\/td>\n<td class=\"has-text-align-center\" data-align=\"center\"><strong>Buksernes l\u00e6ngde (cm)<\/strong><\/td>\n<td class=\"has-text-align-center\" data-align=\"center\"><strong>Rilleb\u00e5nd (cm)<\/strong><\/td>\n<\/tr>\n<tr>\n<td class=\"has-text-align-center\" data-align=\"center\">S<\/td>\n<td class=\"has-text-align-center\" data-align=\"center\">64-90<\/td>\n<td class=\"has-text-align-center\" data-align=\"center\">17<\/td>\n<td class=\"has-text-align-center\" data-align=\"center\">68-90<\/td>\n<td class=\"has-text-align-center\" data-align=\"center\">22<\/td>\n<td class=\"has-text-align-center\" data-align=\"center\">60-86<\/td>\n<\/tr>\n<tr>\n<td class=\"has-text-align-center\" data-align=\"center\">M<\/td>\n<td class=\"has-text-align-center\" data-align=\"center\">68-94<\/td>\n<td class=\"has-text-align-center\" data-align=\"center\">18<\/td>\n<td class=\"has-text-align-center\" data-align=\"center\">72-94<\/td>\n<td class=\"has-text-align-center\" data-align=\"center\">23<\/td>\n<td class=\"has-text-align-center\" data-align=\"center\">64-90<\/td>\n<\/tr>\n<tr>\n<td class=\"has-text-align-center\" data-align=\"center\">L<\/td>\n<td class=\"has-text-align-center\" data-align=\"center\">72-98<\/td>\n<td class=\"has-text-align-center\" data-align=\"center\">19<\/td>\n<td class=\"has-text-align-center\" data-align=\"center\">76-98<\/td>\n<td class=\"has-text-align-center\" data-align=\"center\">24<\/td>\n<td class=\"has-text-align-center\" data-align=\"center\">68-94<\/td>\n<\/tr>\n<\/tbody>\n<\/table>\n<\/figure>","protected":false},"excerpt":{"rendered":"<p>Afsl\u00f8r essensen af underspillet sk\u00f8nhed med dette <strong>gennemsigtige bh&#039;er og trusser<\/strong> s\u00e6t, en perfekt blanding af sarte blonder og gennemsigtig finesse. Dette ensemble er kvintessensen af <strong>flotte lingeri s\u00e6t<\/strong>, der tilbyder en hvisken af elegance med hvert lag.<\/p>","protected":false},"featured_media":50740,"template":"","meta":[],"product_brand":[],"product_cat":[368,374,367,375],"product_tag":[868,452,541,875,446],"class_list":{"0":"post-50761","1":"product","2":"type-product","3":"status-publish","4":"has-post-thumbnail","6":"product_cat-bra-panty-set","7":"product_cat-wholesale-garter-belt-set","8":"product_cat-sexy-lingerie","9":"product_cat-whoelsale-sheer-bra-and-panty-sets","10":"product_tag-4-piece-lingerie-set","11":"product_tag-wholesale-boudoir-lingerie","12":"product_tag-fishnet-lingerie","13":"product_tag-lace-sexy-lingerie","14":"product_tag-wholesale-sexy-see-through-lingerie","15":"pa_color-black","16":"pa_color-red-women-sexy-lingerie","17":"pa_size-wholesale-large-size-women-sexy-lingerie","18":"pa_size-wholesale-medium-size-women-sexy-lingerie","19":"pa_size-wholesale-small-size-sexy-lingerie","21":"first","22":"instock","23":"taxable","24":"shipping-taxable","25":"purchasable","26":"product-type-variable"},"tiered_pricing_type":"fixed","tiered_pricing_fixed_rules":[],"tiered_pricing_product_settings":{"layout":"table","base_unit_name":{"singular":null,"plural":null},"default_variation":null},"tiered_pricing_minimum_quantity":null,"tiered_pricing_roles_data":[],"tiered_pricing_percentage_rules":[],"tiered_pricing_maximum_quantity":null,"tiered_pricing_quantity_step":null,"_links":{"self":[{"href":"https:\/\/gretasexylingerie.com\/da\/wp-json\/wp\/v2\/product\/50761","targetHints":{"allow":["GET"]}}],"collection":[{"href":"https:\/\/gretasexylingerie.com\/da\/wp-json\/wp\/v2\/product"}],"about":[{"href":"https:\/\/gretasexylingerie.com\/da\/wp-json\/wp\/v2\/types\/product"}],"wp:featuredmedia":[{"embeddable":true,"href":"https:\/\/gretasexylingerie.com\/da\/wp-json\/wp\/v2\/media\/50740"}],"wp:attachment":[{"href":"https:\/\/gretasexylingerie.com\/da\/wp-json\/wp\/v2\/media?parent=50761"}],"wp:term":[{"taxonomy":"product_brand","embeddable":true,"href":"https:\/\/gretasexylingerie.com\/da\/wp-json\/wp\/v2\/product_brand?post=50761"},{"taxonomy":"product_cat","embeddable":true,"href":"https:\/\/gretasexylingerie.com\/da\/wp-json\/wp\/v2\/product_cat?post=50761"},{"taxonomy":"product_tag","embeddable":true,"href":"https:\/\/gretasexylingerie.com\/da\/wp-json\/wp\/v2\/product_tag?post=50761"}],"curies":[{"name":"wp","href":"https:\/\/api.w.org\/{rel}","templated":true}]}}