{"id":50716,"date":"2024-04-16T16:46:14","date_gmt":"2024-04-16T08:46:14","guid":{"rendered":"https:\/\/gretasexylingerie.com\/?post_type=product&#038;p=50716"},"modified":"2024-04-17T01:41:11","modified_gmt":"2024-04-16T17:41:11","slug":"engros-blomstret-broderi-mesh-bojle-lingeri-saet","status":"publish","type":"product","link":"https:\/\/gretasexylingerie.com\/da\/products\/wholesale-blossom-embroidery-mesh-underwire-lingerie-set\/","title":{"rendered":"Engros Blossom Brodery Mesh B\u00f8jle Lingeri S\u00e6t"},"content":{"rendered":"<p><strong>Blomsterfantasi<\/strong>: Indviklede blomster af farverige broderier dekorerer det rene mesh af dette lingeri og tilf\u00f8jer en havelignende friskhed og liv til klassikeren <strong>hvidt bralette s\u00e6t<\/strong>.<\/p>\n\n\n\n<p><strong>B\u00f8jle Elegance<\/strong>: B\u00f8jle-bh&#039;en tilbyder b\u00e5de st\u00f8tte og form, hvilket sikrer, at sk\u00f8nhed ikke kommer p\u00e5 bekostning af komfort i denne <strong>blomstret broderi mesh b\u00f8jle lingeri s\u00e6t<\/strong>.<\/p>\n\n\n\n<p><strong>S\u00f8d Sheerness<\/strong>: S\u00e6ttets gennemsigtige stof indbyder til et legende spil med afsl\u00f8ring og skjul, idet kroppen n\u00e6nsomt draperer kroppen i et knap der er sl\u00f8r, der hvisker tiltr\u00e6kning og sofistikering.<\/p>\n\n\n\n<p><strong>Fortryllende ensemble<\/strong>: Komplet med koordinerende str\u00f8mpeb\u00e5nd og l\u00e5rh\u00f8je udsmykninger, er dette lingeris\u00e6t et komplet ensemble, der taler til en veludrustet intim garderobe.<\/p>\n\n\n\n<p><strong>S\u00f8ml\u00f8s str\u00f8mpe<\/strong>: Forhandlere kan trygt pr\u00e6sentere dette lokkende s\u00e6t, takket v\u00e6re vores support <a href=\"https:\/\/gretasexylingerie.com\/da\/droshpping-lingeri-service\/\">drop shipping service<\/a>, som giver en str\u00f8mlinet vej til at tilbyde luksus uden at bekymre sig om minimumsbestillinger.<\/p>\n\n\n\n<p>Fork\u00e6l dine kunders \u00f8nske om uds\u00f8gte detaljer med dette <strong>broderi bh trusses\u00e6t<\/strong>. Inviter dem til at v\u00e6ve en historie om elegance og tiltr\u00e6kning med hvert lag, de tager p\u00e5. Kontakt Greta Sexy Lingerie i dag for at inkludere dette f\u00e6ngslende s\u00e6t i din butik, hvor hvert stykke er en blomst i modehaven.<\/p>\n\n\n\n<figure class=\"wp-block-table\">\n<table>\n<tbody>\n<tr>\n<td class=\"has-text-align-center\" colspan=\"6\" data-align=\"center\"><strong>St\u00f8rrelsesdiagram (CM)<\/strong><\/td>\n<\/tr>\n<tr>\n<td class=\"has-text-align-center\" data-align=\"center\"><strong>St\u00f8rrelse<\/strong><\/td>\n<td class=\"has-text-align-center\" data-align=\"center\"><strong>Bukser (cm)<\/strong><\/td>\n<td class=\"has-text-align-center\" data-align=\"center\"><strong>Bryst (cm)<\/strong><\/td>\n<td class=\"has-text-align-center\" data-align=\"center\"><strong>L\u00e6ngde (cm)<\/strong><\/td>\n<td class=\"has-text-align-center\" data-align=\"center\"><strong>Talje (cm)<\/strong><\/td>\n<td class=\"has-text-align-center\" data-align=\"center\"><strong>Trusserl\u00e6ngde (cm)<\/strong><\/td>\n<\/tr>\n<tr>\n<td class=\"has-text-align-center\" data-align=\"center\">S<\/td>\n<td class=\"has-text-align-center\" data-align=\"center\">67<\/td>\n<td class=\"has-text-align-center\" data-align=\"center\">15<\/td>\n<td class=\"has-text-align-center\" data-align=\"center\">68<\/td>\n<td class=\"has-text-align-center\" data-align=\"center\">24<\/td>\n<td class=\"has-text-align-center\" data-align=\"center\">64<\/td>\n<\/tr>\n<tr>\n<td class=\"has-text-align-center\" data-align=\"center\">M<\/td>\n<td class=\"has-text-align-center\" data-align=\"center\">71<\/td>\n<td class=\"has-text-align-center\" data-align=\"center\">16<\/td>\n<td class=\"has-text-align-center\" data-align=\"center\">72<\/td>\n<td class=\"has-text-align-center\" data-align=\"center\">25<\/td>\n<td class=\"has-text-align-center\" data-align=\"center\">68<\/td>\n<\/tr>\n<tr>\n<td class=\"has-text-align-center\" data-align=\"center\">L<\/td>\n<td class=\"has-text-align-center\" data-align=\"center\">75<\/td>\n<td class=\"has-text-align-center\" data-align=\"center\">17<\/td>\n<td class=\"has-text-align-center\" data-align=\"center\">76<\/td>\n<td class=\"has-text-align-center\" data-align=\"center\">26<\/td>\n<td class=\"has-text-align-center\" data-align=\"center\">72<\/td>\n<\/tr>\n<\/tbody>\n<\/table>\n<\/figure>\n\n\n\n<figure class=\"wp-block-table\">\n<table>\n<tbody>\n<tr>\n<td class=\"has-text-align-center\" colspan=\"6\" data-align=\"center\"><strong>St\u00f8rrelsesdiagram (INCH)<\/strong><\/td>\n<\/tr>\n<tr>\n<td class=\"has-text-align-center\" data-align=\"center\"><strong>St\u00f8rrelse<\/strong><\/td>\n<td class=\"has-text-align-center\" data-align=\"center\"><strong>Bukser (i)<\/strong><\/td>\n<td class=\"has-text-align-center\" data-align=\"center\"><strong>Buste (ind)<\/strong><\/td>\n<td class=\"has-text-align-center\" data-align=\"center\"><strong>L\u00e6ngde (in)<\/strong><\/td>\n<td class=\"has-text-align-center\" data-align=\"center\"><strong>Talje (ind)<\/strong><\/td>\n<td class=\"has-text-align-center\" data-align=\"center\"><strong>Trusserl\u00e6ngde (in)<\/strong><\/td>\n<\/tr>\n<tr>\n<td class=\"has-text-align-center\" data-align=\"center\">S<\/td>\n<td class=\"has-text-align-center\" data-align=\"center\">26.38<\/td>\n<td class=\"has-text-align-center\" data-align=\"center\">5.91<\/td>\n<td class=\"has-text-align-center\" data-align=\"center\">26.77<\/td>\n<td class=\"has-text-align-center\" data-align=\"center\">9.45<\/td>\n<td class=\"has-text-align-center\" data-align=\"center\">25.20<\/td>\n<\/tr>\n<tr>\n<td class=\"has-text-align-center\" data-align=\"center\">M<\/td>\n<td class=\"has-text-align-center\" data-align=\"center\">27.95<\/td>\n<td class=\"has-text-align-center\" data-align=\"center\">6.30<\/td>\n<td class=\"has-text-align-center\" data-align=\"center\">28.35<\/td>\n<td class=\"has-text-align-center\" data-align=\"center\">9.84<\/td>\n<td class=\"has-text-align-center\" data-align=\"center\">26.77<\/td>\n<\/tr>\n<tr>\n<td class=\"has-text-align-center\" data-align=\"center\">L<\/td>\n<td class=\"has-text-align-center\" data-align=\"center\">29.53<\/td>\n<td class=\"has-text-align-center\" data-align=\"center\">6.69<\/td>\n<td class=\"has-text-align-center\" data-align=\"center\">29.92<\/td>\n<td class=\"has-text-align-center\" data-align=\"center\">10.24<\/td>\n<td class=\"has-text-align-center\" data-align=\"center\">28.35<\/td>\n<\/tr>\n<\/tbody>\n<\/table>\n<\/figure>","protected":false},"excerpt":{"rendered":"<p>Det her <strong>broderi bh trusses\u00e6t<\/strong> udstr\u00e5ler romantik med sit delikate blomsterbroderi over fint mesh. Det <strong>hvidt bralette s\u00e6t<\/strong> er b\u00f8jlet for st\u00f8tte, designet til en intim blanding af komfort og sk\u00f8nhed.<\/p>","protected":false},"featured_media":50712,"template":"","meta":[],"product_brand":[],"product_cat":[368,367,375],"product_tag":[507,454,524,510,446,865],"class_list":{"0":"post-50716","1":"product","2":"type-product","3":"status-publish","4":"has-post-thumbnail","6":"product_cat-bra-panty-set","7":"product_cat-sexy-lingerie","8":"product_cat-whoelsale-sheer-bra-and-panty-sets","9":"product_tag-three-pcs-set","10":"product_tag-wholesale-sexy-embroidered-lingerie","11":"product_tag-metal-lingerie","12":"product_tag-ruffles-lingerie","13":"product_tag-wholesale-sexy-see-through-lingerie","14":"product_tag-sexy-skimpy-lingerie","15":"pa_color-white","16":"pa_size-wholesale-large-size-women-sexy-lingerie","17":"pa_size-wholesale-medium-size-women-sexy-lingerie","18":"pa_size-wholesale-small-size-sexy-lingerie","20":"first","21":"instock","22":"taxable","23":"shipping-taxable","24":"purchasable","25":"product-type-variable"},"tiered_pricing_type":"fixed","tiered_pricing_fixed_rules":[],"tiered_pricing_product_settings":{"layout":"table","base_unit_name":{"singular":null,"plural":null},"default_variation":null},"tiered_pricing_minimum_quantity":null,"tiered_pricing_roles_data":[],"tiered_pricing_percentage_rules":[],"tiered_pricing_maximum_quantity":null,"tiered_pricing_quantity_step":null,"_links":{"self":[{"href":"https:\/\/gretasexylingerie.com\/da\/wp-json\/wp\/v2\/product\/50716","targetHints":{"allow":["GET"]}}],"collection":[{"href":"https:\/\/gretasexylingerie.com\/da\/wp-json\/wp\/v2\/product"}],"about":[{"href":"https:\/\/gretasexylingerie.com\/da\/wp-json\/wp\/v2\/types\/product"}],"wp:featuredmedia":[{"embeddable":true,"href":"https:\/\/gretasexylingerie.com\/da\/wp-json\/wp\/v2\/media\/50712"}],"wp:attachment":[{"href":"https:\/\/gretasexylingerie.com\/da\/wp-json\/wp\/v2\/media?parent=50716"}],"wp:term":[{"taxonomy":"product_brand","embeddable":true,"href":"https:\/\/gretasexylingerie.com\/da\/wp-json\/wp\/v2\/product_brand?post=50716"},{"taxonomy":"product_cat","embeddable":true,"href":"https:\/\/gretasexylingerie.com\/da\/wp-json\/wp\/v2\/product_cat?post=50716"},{"taxonomy":"product_tag","embeddable":true,"href":"https:\/\/gretasexylingerie.com\/da\/wp-json\/wp\/v2\/product_tag?post=50716"}],"curies":[{"name":"wp","href":"https:\/\/api.w.org\/{rel}","templated":true}]}}