{"id":50696,"date":"2024-04-16T16:45:00","date_gmt":"2024-04-16T08:45:00","guid":{"rendered":"https:\/\/gretasexylingerie.com\/?post_type=product&#038;p=50696"},"modified":"2024-04-17T01:36:55","modified_gmt":"2024-04-16T17:36:55","slug":"engros-elegance-gennemsigtig-bh-og-trusser-ensemble-med-seler","status":"publish","type":"product","link":"https:\/\/gretasexylingerie.com\/da\/products\/wholesale-elegance-sheer-bra-and-panty-ensemble-with-suspenders\/","title":{"rendered":"Engros Elegance Sheer BH og trusser Ensemble med seler"},"content":{"rendered":"<p><strong>Gossamer tr\u00e5de<\/strong>: BH- og trusses\u00e6ttet med fintr\u00e5d, med sit semi-transparente stof, giver et fristende kig, mens det bevarer en luft af v\u00e6rdig ynde, perfekt til dem, der v\u00e6rds\u00e6tter det delikate samspil mellem synlighed og forslag.<\/p>\n\n\n\n<p><strong>Suspendererkl\u00e6ring<\/strong>: De slanke seler, der fremh\u00e6ver taljen og tiltr\u00e6kker \u00f8jet, tilf\u00f8jer b\u00e5de form og funktion til dette s\u00e6t og indrammer hofter og l\u00e5r for en forh\u00f8jet lingerioplevelse.<\/p>\n\n\n\n<p><strong>Midnat Allure<\/strong>: S\u00e6ttets dybe sorte nuance taler om n\u00e6tter fyldt med romantik og g\u00e5de, hvilket g\u00f8r det til en vigtig tilf\u00f8jelse for alle, der \u00f8nsker at tilf\u00f8re deres undert\u00f8jsskuffe tidl\u00f8s elegance.<\/p>\n\n\n\n<p><strong>Luksus komfort<\/strong>: Trods dets indviklede udseende er komforten ikke g\u00e5et p\u00e5 kompromis. Bl\u00f8de stoffer og justerbare stropper sikrer, at stil og b\u00e6rbarhed g\u00e5r h\u00e5nd i h\u00e5nd, hvilket inkarnerer selve definitionen af luksus.<\/p>\n\n\n\n<p><strong>Detail perfektion<\/strong>: Dette lingeris\u00e6t, tilg\u00e6ngeligt via vores <a href=\"https:\/\/gretasexylingerie.com\/da\/droshpping-lingeri-service\/\">drop shipping service<\/a>, tilbyder en problemfri overgang fra vores kollektion til din kundes garderobe uden behov for minimumsordrem\u00e6ngder, hvilket str\u00f8mliner processen med at sammens\u00e6tte en mangfoldig og tiltalende beholdning.<\/p>\n\n\n\n<p>Omfavn aftenen med Sable Elegance Sheer BH og Trusseensemble med seler. Perfekt til at tilf\u00f8je et strejf af sofistikering til enhver speciel lejlighed, dette s\u00e6t lover at fortrylle. Kom i kontakt med Greta Sexy Lingerie for at g\u00f8re dette uds\u00f8gte s\u00e6t til en del af dit tilbud.<\/p>\n\n\n\n<figure class=\"wp-block-table\">\n<table>\n<tbody>\n<tr>\n<td class=\"has-text-align-center\" colspan=\"6\" data-align=\"center\"><strong>St\u00f8rrelsesdiagram (CM)<\/strong><\/td>\n<\/tr>\n<tr>\n<td class=\"has-text-align-center\" data-align=\"center\"><strong>St\u00f8rrelse<\/strong><\/td>\n<td class=\"has-text-align-center\" data-align=\"center\"><strong>Bryst (cm)<\/strong><\/td>\n<td class=\"has-text-align-center\" data-align=\"center\"><strong>L\u00e6ngde (cm)<\/strong><\/td>\n<td class=\"has-text-align-center\" data-align=\"center\"><strong>Talje (cm)<\/strong><\/td>\n<td class=\"has-text-align-center\" data-align=\"center\"><strong>Buksernes l\u00e6ngde (cm)<\/strong><\/td>\n<td class=\"has-text-align-center\" data-align=\"center\"><strong>Rilleb\u00e5nd (cm)<\/strong><\/td>\n<\/tr>\n<tr>\n<td class=\"has-text-align-center\" data-align=\"center\">S<\/td>\n<td class=\"has-text-align-center\" data-align=\"center\">68-90<\/td>\n<td class=\"has-text-align-center\" data-align=\"center\">15<\/td>\n<td class=\"has-text-align-center\" data-align=\"center\">70-96<\/td>\n<td class=\"has-text-align-center\" data-align=\"center\">22<\/td>\n<td class=\"has-text-align-center\" data-align=\"center\">64-88<\/td>\n<\/tr>\n<tr>\n<td class=\"has-text-align-center\" data-align=\"center\">M<\/td>\n<td class=\"has-text-align-center\" data-align=\"center\">72-94<\/td>\n<td class=\"has-text-align-center\" data-align=\"center\">16<\/td>\n<td class=\"has-text-align-center\" data-align=\"center\">74-100<\/td>\n<td class=\"has-text-align-center\" data-align=\"center\">23<\/td>\n<td class=\"has-text-align-center\" data-align=\"center\">68-92<\/td>\n<\/tr>\n<tr>\n<td class=\"has-text-align-center\" data-align=\"center\">L<\/td>\n<td class=\"has-text-align-center\" data-align=\"center\">76-98<\/td>\n<td class=\"has-text-align-center\" data-align=\"center\">17<\/td>\n<td class=\"has-text-align-center\" data-align=\"center\">78-104<\/td>\n<td class=\"has-text-align-center\" data-align=\"center\">24<\/td>\n<td class=\"has-text-align-center\" data-align=\"center\">72-96<\/td>\n<\/tr>\n<\/tbody>\n<\/table>\n<\/figure>\n\n\n\n<figure class=\"wp-block-table\">\n<table>\n<tbody>\n<tr>\n<td class=\"has-text-align-center\" colspan=\"6\" data-align=\"center\"><strong>St\u00f8rrelsesdiagram (INCH)<\/strong><\/td>\n<\/tr>\n<tr>\n<td class=\"has-text-align-center\" data-align=\"center\"><strong>St\u00f8rrelse<\/strong><\/td>\n<td class=\"has-text-align-center\" data-align=\"center\"><strong>Buste (ind)<\/strong><\/td>\n<td class=\"has-text-align-center\" data-align=\"center\"><strong>L\u00e6ngde (in)<\/strong><\/td>\n<td class=\"has-text-align-center\" data-align=\"center\"><strong>Talje (ind)<\/strong><\/td>\n<td class=\"has-text-align-center\" data-align=\"center\"><strong>Buksens l\u00e6ngde (in)<\/strong><\/td>\n<td class=\"has-text-align-center\" data-align=\"center\"><strong>Rilleb\u00e5nd (ind)<\/strong><\/td>\n<\/tr>\n<tr>\n<td class=\"has-text-align-center\" data-align=\"center\">S<\/td>\n<td class=\"has-text-align-center\" data-align=\"center\">26.77-35.43<\/td>\n<td class=\"has-text-align-center\" data-align=\"center\">5.91<\/td>\n<td class=\"has-text-align-center\" data-align=\"center\">27.56-37.80<\/td>\n<td class=\"has-text-align-center\" data-align=\"center\">8.66<\/td>\n<td class=\"has-text-align-center\" data-align=\"center\">25.20-34.65<\/td>\n<\/tr>\n<tr>\n<td class=\"has-text-align-center\" data-align=\"center\">M<\/td>\n<td class=\"has-text-align-center\" data-align=\"center\">28.35-37.01<\/td>\n<td class=\"has-text-align-center\" data-align=\"center\">6.30<\/td>\n<td class=\"has-text-align-center\" data-align=\"center\">29.13-39.37<\/td>\n<td class=\"has-text-align-center\" data-align=\"center\">9.06<\/td>\n<td class=\"has-text-align-center\" data-align=\"center\">26.77-36.22<\/td>\n<\/tr>\n<tr>\n<td class=\"has-text-align-center\" data-align=\"center\">L<\/td>\n<td class=\"has-text-align-center\" data-align=\"center\">29.92-38.58<\/td>\n<td class=\"has-text-align-center\" data-align=\"center\">6.69<\/td>\n<td class=\"has-text-align-center\" data-align=\"center\">30.71-40.94<\/td>\n<td class=\"has-text-align-center\" data-align=\"center\">9.45<\/td>\n<td class=\"has-text-align-center\" data-align=\"center\">28.35-37.80<\/td>\n<\/tr>\n<\/tbody>\n<\/table>\n<\/figure>","protected":false},"excerpt":{"rendered":"<p>Vi introducerer Sable Elegance Collection, vores <strong>gennemsigtige bh- og trusses\u00e6t<\/strong> at parre delikat tr\u00e5darbejde med den dristighed af sort. Dette sofistikerede <strong>sort undert\u00f8jss\u00e6t med seler<\/strong> er designet til at skabe en aura af mystik og tiltr\u00e6kning.<\/p>","protected":false},"featured_media":50682,"template":"","meta":[],"product_brand":[],"product_cat":[368,369,367],"product_tag":[507,452,875,446],"class_list":{"0":"post-50696","1":"product","2":"type-product","3":"status-publish","4":"has-post-thumbnail","6":"product_cat-bra-panty-set","7":"product_cat-wholesale-lace-bra-and-panty-sets","8":"product_cat-sexy-lingerie","9":"product_tag-three-pcs-set","10":"product_tag-wholesale-boudoir-lingerie","11":"product_tag-lace-sexy-lingerie","12":"product_tag-wholesale-sexy-see-through-lingerie","13":"pa_color-black","14":"pa_size-wholesale-large-size-women-sexy-lingerie","15":"pa_size-wholesale-medium-size-women-sexy-lingerie","16":"pa_size-wholesale-small-size-sexy-lingerie","18":"first","19":"instock","20":"taxable","21":"shipping-taxable","22":"purchasable","23":"product-type-variable"},"tiered_pricing_type":"fixed","tiered_pricing_fixed_rules":[],"tiered_pricing_product_settings":{"layout":"table","base_unit_name":{"singular":null,"plural":null},"default_variation":null},"tiered_pricing_minimum_quantity":null,"tiered_pricing_roles_data":[],"tiered_pricing_percentage_rules":[],"tiered_pricing_maximum_quantity":null,"tiered_pricing_quantity_step":null,"_links":{"self":[{"href":"https:\/\/gretasexylingerie.com\/da\/wp-json\/wp\/v2\/product\/50696","targetHints":{"allow":["GET"]}}],"collection":[{"href":"https:\/\/gretasexylingerie.com\/da\/wp-json\/wp\/v2\/product"}],"about":[{"href":"https:\/\/gretasexylingerie.com\/da\/wp-json\/wp\/v2\/types\/product"}],"wp:featuredmedia":[{"embeddable":true,"href":"https:\/\/gretasexylingerie.com\/da\/wp-json\/wp\/v2\/media\/50682"}],"wp:attachment":[{"href":"https:\/\/gretasexylingerie.com\/da\/wp-json\/wp\/v2\/media?parent=50696"}],"wp:term":[{"taxonomy":"product_brand","embeddable":true,"href":"https:\/\/gretasexylingerie.com\/da\/wp-json\/wp\/v2\/product_brand?post=50696"},{"taxonomy":"product_cat","embeddable":true,"href":"https:\/\/gretasexylingerie.com\/da\/wp-json\/wp\/v2\/product_cat?post=50696"},{"taxonomy":"product_tag","embeddable":true,"href":"https:\/\/gretasexylingerie.com\/da\/wp-json\/wp\/v2\/product_tag?post=50696"}],"curies":[{"name":"wp","href":"https:\/\/api.w.org\/{rel}","templated":true}]}}