{"id":50630,"date":"2024-04-16T16:41:51","date_gmt":"2024-04-16T08:41:51","guid":{"rendered":"https:\/\/gretasexylingerie.com\/?post_type=product&#038;p=50630"},"modified":"2024-04-17T01:21:48","modified_gmt":"2024-04-16T17:21:48","slug":"engros-enchante-halter-neck-blonde-bamse","status":"publish","type":"product","link":"https:\/\/gretasexylingerie.com\/da\/products\/wholesale-enchante-halter-neck-lace-teddy\/","title":{"rendered":"Engros Enchante Halter Neck Lace Teddy"},"content":{"rendered":"<p><strong>Tidl\u00f8s blonde elegance<\/strong>: Omfavn klassisk romantik med de indviklet m\u00f8nstrede blonder, der pryder denne bamse, og skaber en sl\u00e5ende silhuet, der er b\u00e5de sofistikeret og forf\u00f8rende.<\/p>\n\n\n\n<p><strong>Halter sofistikeret<\/strong>: Halterudsk\u00e6ringen tilf\u00f8jer et element af tidl\u00f8s ynde, giver et flatterende l\u00f8ft og understreger skuldrene, mens tie-back sikrer en perfekt pasform til enhver figur.<\/p>\n\n\n\n<p><strong>Dristig \u00e5ben ryg<\/strong>: En dramatisk \u00e5ben ryg giver en fed kontrast til den fulde d\u00e6kning foran, hvilket giver dette <strong>bodysuit med \u00e5ben ryg<\/strong> en balance mellem afsl\u00f8ring og skjul, der helt sikkert vil lokke.<\/p>\n\n\n\n<p><strong>Peplum Legelyst<\/strong>: En blidt pjusket peplum i taljen tilf\u00f8jer en flirtende flair, der bl\u00f8dt falder over hofterne for at forst\u00e6rke t\u00f8jets feminine charme.<\/p>\n\n\n\n<p><strong>Farverige valg<\/strong>: Uanset om dine kunder foretr\u00e6kker den skarpe elegance af sort, renheden af hvid eller passionen af r\u00f8d, er denne bamse designet til at im\u00f8dekomme deres hum\u00f8r og pr\u00e6ferencer.<\/p>\n\n\n\n<p><strong>S\u00f8ml\u00f8s detailintegration<\/strong>: Hver farvevariation af denne <strong>teddy blondedragt<\/strong> er klar til at fortrylle dine kunder, alt sammen med vores bekvemmelighed <a href=\"https:\/\/gretasexylingerie.com\/da\/droshpping-lingeri-service\/\">drop shipping service<\/a>, hvilket sikrer, at du kan tilbyde disse fantastiske stykker uden bekymring over lagerniveauer eller minimumsordrer.<\/p>\n\n\n\n<p>For\u00f8g dine tilbud med Enchante Halter Neck Lace Teddy - en sk\u00f8nhedserkl\u00e6ring til enhver intim lejlighed. Bestil nu og betag din kundekreds med den kunstf\u00e6rdige sammensmeltning af blonder og design, tilg\u00e6ngelig gennem Greta Sexy Lingerie. Hvor hvert stykke er mere end lingeri, er det et personligt udtryk.<\/p>\n\n\n\n<figure class=\"wp-block-table\">\n<table>\n<tbody>\n<tr>\n<td class=\"has-text-align-center\" colspan=\"5\" data-align=\"center\"><strong>St\u00f8rrelsesdiagram (CM)<\/strong><\/td>\n<\/tr>\n<tr>\n<td class=\"has-text-align-center\" data-align=\"center\"><strong>St\u00f8rrelse<\/strong><\/td>\n<td class=\"has-text-align-center\" data-align=\"center\"><strong>Bryst (cm)<\/strong><\/td>\n<td class=\"has-text-align-center\" data-align=\"center\"><strong>L\u00e6ngde (cm)<\/strong><\/td>\n<td class=\"has-text-align-center\" data-align=\"center\"><strong>Talje (cm)<\/strong><\/td>\n<td class=\"has-text-align-center\" data-align=\"center\"><strong>Hofteomkreds (cm)<\/strong><\/td>\n<\/tr>\n<tr>\n<td class=\"has-text-align-center\" data-align=\"center\">S<\/td>\n<td class=\"has-text-align-center\" data-align=\"center\">68<\/td>\n<td class=\"has-text-align-center\" data-align=\"center\">61<\/td>\n<td class=\"has-text-align-center\" data-align=\"center\">68<\/td>\n<td class=\"has-text-align-center\" data-align=\"center\">72<\/td>\n<\/tr>\n<tr>\n<td class=\"has-text-align-center\" data-align=\"center\">M<\/td>\n<td class=\"has-text-align-center\" data-align=\"center\">72<\/td>\n<td class=\"has-text-align-center\" data-align=\"center\">63<\/td>\n<td class=\"has-text-align-center\" data-align=\"center\">72<\/td>\n<td class=\"has-text-align-center\" data-align=\"center\">76<\/td>\n<\/tr>\n<tr>\n<td class=\"has-text-align-center\" data-align=\"center\">L<\/td>\n<td class=\"has-text-align-center\" data-align=\"center\">76<\/td>\n<td class=\"has-text-align-center\" data-align=\"center\">65<\/td>\n<td class=\"has-text-align-center\" data-align=\"center\">76<\/td>\n<td class=\"has-text-align-center\" data-align=\"center\">80<\/td>\n<\/tr>\n<\/tbody>\n<\/table>\n<\/figure>\n\n\n\n<figure class=\"wp-block-table\">\n<table>\n<tbody>\n<tr>\n<td class=\"has-text-align-center\" colspan=\"5\" data-align=\"center\"><strong>St\u00f8rrelsesdiagram (INCH)<\/strong><\/td>\n<\/tr>\n<tr>\n<td class=\"has-text-align-center\" data-align=\"center\"><strong>St\u00f8rrelse<\/strong><\/td>\n<td class=\"has-text-align-center\" data-align=\"center\"><strong>Buste (ind)<\/strong><\/td>\n<td class=\"has-text-align-center\" data-align=\"center\"><strong>L\u00e6ngde (in)<\/strong><\/td>\n<td class=\"has-text-align-center\" data-align=\"center\"><strong>Talje (ind)<\/strong><\/td>\n<td class=\"has-text-align-center\" data-align=\"center\"><strong>Hofteomkreds (ind)<\/strong><\/td>\n<\/tr>\n<tr>\n<td class=\"has-text-align-center\" data-align=\"center\">S<\/td>\n<td class=\"has-text-align-center\" data-align=\"center\">26.77<\/td>\n<td class=\"has-text-align-center\" data-align=\"center\">24.02<\/td>\n<td class=\"has-text-align-center\" data-align=\"center\">26.77<\/td>\n<td class=\"has-text-align-center\" data-align=\"center\">28.35<\/td>\n<\/tr>\n<tr>\n<td class=\"has-text-align-center\" data-align=\"center\">M<\/td>\n<td class=\"has-text-align-center\" data-align=\"center\">28.35<\/td>\n<td class=\"has-text-align-center\" data-align=\"center\">24.80<\/td>\n<td class=\"has-text-align-center\" data-align=\"center\">28.35<\/td>\n<td class=\"has-text-align-center\" data-align=\"center\">29.92<\/td>\n<\/tr>\n<tr>\n<td class=\"has-text-align-center\" data-align=\"center\">L<\/td>\n<td class=\"has-text-align-center\" data-align=\"center\">29.92<\/td>\n<td class=\"has-text-align-center\" data-align=\"center\">25.59<\/td>\n<td class=\"has-text-align-center\" data-align=\"center\">29.92<\/td>\n<td class=\"has-text-align-center\" data-align=\"center\">31.50<\/td>\n<\/tr>\n<\/tbody>\n<\/table>\n<\/figure>","protected":false},"excerpt":{"rendered":"<p>bodysuit, et stykke, der fletter elegance og tiltr\u00e6kning sammen. Det <strong>teddy blondedragt<\/strong> er designet til at smigre med sin \u00e5bne ryg og delikate blondedetaljer, der tilbydes i essentielle farver sort, hvid og r\u00f8d.<\/p>","protected":false},"featured_media":50610,"template":"","meta":[],"product_brand":[],"product_cat":[397,367,395],"product_tag":[870,528,875,864,866,862],"class_list":{"0":"post-50630","1":"product","2":"type-product","3":"status-publish","4":"has-post-thumbnail","6":"product_cat-wholesale-sexy-lace-teddy","7":"product_cat-sexy-lingerie","8":"product_cat-sexy-teddy-suit","9":"product_tag-floral-lingerie","10":"product_tag-halter-lingerie","11":"product_tag-lace-sexy-lingerie","12":"product_tag-sexy-petite-lingerie","13":"product_tag-sexy-romper-lingerie","14":"product_tag-sexy-silk-lingerie","15":"pa_color-black","16":"pa_color-red-women-sexy-lingerie","17":"pa_color-white","18":"pa_size-wholesale-large-size-women-sexy-lingerie","19":"pa_size-wholesale-medium-size-women-sexy-lingerie","20":"pa_size-wholesale-small-size-sexy-lingerie","22":"first","23":"instock","24":"taxable","25":"shipping-taxable","26":"purchasable","27":"product-type-variable"},"tiered_pricing_type":"fixed","tiered_pricing_fixed_rules":[],"tiered_pricing_product_settings":{"layout":"table","base_unit_name":{"singular":null,"plural":null},"default_variation":null},"tiered_pricing_minimum_quantity":null,"tiered_pricing_roles_data":[],"tiered_pricing_percentage_rules":[],"tiered_pricing_maximum_quantity":null,"tiered_pricing_quantity_step":null,"_links":{"self":[{"href":"https:\/\/gretasexylingerie.com\/da\/wp-json\/wp\/v2\/product\/50630","targetHints":{"allow":["GET"]}}],"collection":[{"href":"https:\/\/gretasexylingerie.com\/da\/wp-json\/wp\/v2\/product"}],"about":[{"href":"https:\/\/gretasexylingerie.com\/da\/wp-json\/wp\/v2\/types\/product"}],"wp:featuredmedia":[{"embeddable":true,"href":"https:\/\/gretasexylingerie.com\/da\/wp-json\/wp\/v2\/media\/50610"}],"wp:attachment":[{"href":"https:\/\/gretasexylingerie.com\/da\/wp-json\/wp\/v2\/media?parent=50630"}],"wp:term":[{"taxonomy":"product_brand","embeddable":true,"href":"https:\/\/gretasexylingerie.com\/da\/wp-json\/wp\/v2\/product_brand?post=50630"},{"taxonomy":"product_cat","embeddable":true,"href":"https:\/\/gretasexylingerie.com\/da\/wp-json\/wp\/v2\/product_cat?post=50630"},{"taxonomy":"product_tag","embeddable":true,"href":"https:\/\/gretasexylingerie.com\/da\/wp-json\/wp\/v2\/product_tag?post=50630"}],"curies":[{"name":"wp","href":"https:\/\/api.w.org\/{rel}","templated":true}]}}