{"id":50591,"date":"2024-04-16T16:39:38","date_gmt":"2024-04-16T08:39:38","guid":{"rendered":"https:\/\/gretasexylingerie.com\/?post_type=product&#038;p=50591"},"modified":"2024-04-17T01:07:02","modified_gmt":"2024-04-16T17:07:02","slug":"engros-intriger-blonde-bh-og-hofteholder-lingeri-trio","status":"publish","type":"product","link":"https:\/\/gretasexylingerie.com\/da\/products\/wholesale-intrigue-lace-bra-and-suspender-lingerie-trio\/","title":{"rendered":"Engros Intrigue Lace BH og Suspender Lingerie Trio"},"content":{"rendered":"<p><strong>Elegant Lacework<\/strong>: BH&#039;en og trusserne er prydet med f\u00f8rsteklasses blonder, der tilbyder en luksuri\u00f8s f\u00f8lelse og indviklet visuel appel. De pr\u00e6cise m\u00f8nstre og sarte scalloped kanter af dette <strong>blonde undert\u00f8j og bh s\u00e6t<\/strong> fremh\u00e6ve sk\u00f8nhed og sofistikering.<\/p>\n\n\n\n<p><strong>Koordineret n\u00e5de<\/strong>: Et matchende seleb\u00e6lte komplementerer s\u00e6ttet, med justerbare stropper, der holder alt p\u00e5 plads, samtidig med at det tilf\u00f8jer en ekstra dimension af tiltr\u00e6kning til ensemblet.<\/p>\n\n\n\n<p><strong>Trio af charme<\/strong>: Som en <strong>tredelt lingeri<\/strong> s\u00e6t giver det et komplet look, der er harmonisk og gennemt\u00e6nkt designet, fra de st\u00f8ttende b\u00f8jler til den flatterende h\u00f8jtaljede seler.<\/p>\n\n\n\n<p><strong>Tidl\u00f8s appel<\/strong>: Det klassiske sorte farveskema og det tidl\u00f8se design g\u00f8r dette s\u00e6t til en fast bestanddel for enhver intim t\u00f8jkollektion, perfekt til s\u00e6rlige lejligheder eller tilf\u00f8jer et strejf af luksus til hverdagen.<\/p>\n\n\n\n<p><strong>S\u00f8ml\u00f8s integration<\/strong>: Tilg\u00e6ngelig gennem vores <a href=\"https:\/\/gretasexylingerie.com\/da\/droshpping-lingeri-service\/\">drop shipping service<\/a>, dette s\u00e6t kombinerer bekvemmelighed og klasse. Forhandlere kan tilbyde denne uds\u00f8gte trio uden at bekymre sig om lagerbeholdninger eller minimumsordrem\u00e6ngder.<\/p>\n\n\n\n<p>Lav en r\u00e6kke uds\u00f8gte smage med Intrigue Lace BH og Suspender Lingerie Trio, og giv dine kunder det ultimative inden for lingeri-luksus. Perfekt til gaver eller personlig fork\u00e6lelse, dette s\u00e6t venter p\u00e5 at blive et h\u00f8jdepunkt i enhver lingerielskers garderobe. Partner med Greta Sexy Lingerie for ubesv\u00e6ret elegance og uovertruffen stil.<\/p>\n\n\n\n<figure class=\"wp-block-table\"><table><tbody><tr><td colspan=\"6\"><strong>St\u00f8rrelsesdiagram (CM)<\/strong><\/td><\/tr><tr><td><strong>St\u00f8rrelse<\/strong><\/td><td><strong>Bryst (cm)<\/strong><\/td><td><strong>L\u00e6ngde (cm)<\/strong><\/td><td><strong>Talje (cm)<\/strong><\/td><td><strong>Buksernes l\u00e6ngde (cm)<\/strong><\/td><td><strong>Rilleb\u00e5nd (cm)<\/strong><\/td><\/tr><tr><td>S<\/td><td>66-86<\/td><td>14<\/td><td>68-96<\/td><td>23<\/td><td>62-86<\/td><\/tr><tr><td>M<\/td><td>70-90<\/td><td>15<\/td><td>72-100<\/td><td>24<\/td><td>66-90<\/td><\/tr><tr><td>L<\/td><td>74-94<\/td><td>16<\/td><td>76-104<\/td><td>25<\/td><td>70-94<\/td><\/tr><\/tbody><\/table><\/figure>\n\n\n\n<figure class=\"wp-block-table\"><table><tbody><tr><td colspan=\"6\"><strong>St\u00f8rrelsesdiagram (INCH)<\/strong><\/td><\/tr><tr><td><strong>St\u00f8rrelse<\/strong><\/td><td><strong>Buste (ind)<\/strong><\/td><td><strong>L\u00e6ngde (in)<\/strong><\/td><td><strong>Talje (ind)<\/strong><\/td><td><strong>Buksens l\u00e6ngde (in)<\/strong><\/td><td><strong>Rilleb\u00e5nd (ind)<\/strong><\/td><\/tr><tr><td>S<\/td><td>26-33.9<\/td><td>5.5<\/td><td>26.8-37.8<\/td><td>9.1<\/td><td>24.4-33.9<\/td><\/tr><tr><td>M<\/td><td>27.6-35.4<\/td><td>5.9<\/td><td>28.3-39.4<\/td><td>9.4<\/td><td>26-35.4<\/td><\/tr><tr><td>L<\/td><td>29.1-37<\/td><td>6.3<\/td><td>29.9-41<\/td><td>9.8<\/td><td>27.6-37<\/td><\/tr><\/tbody><\/table><\/figure>","protected":false},"excerpt":{"rendered":"<p>Tr\u00e6d ind i en verden af raffineret sensualitet med vores <strong>blonde undert\u00f8j og bh s\u00e6t<\/strong>. Dette uds\u00f8gte <strong>tredelt lingeri<\/strong> kollektion, komplet med et seleb\u00e6lte, er lavet til dem, der v\u00e6rds\u00e6tter elegance i hvert lag.<\/p>","protected":false},"featured_media":50583,"template":"","meta":[],"product_brand":[],"product_cat":[368,369,367],"product_tag":[507,452,861,875,865],"class_list":{"0":"post-50591","1":"product","2":"type-product","3":"status-publish","4":"has-post-thumbnail","6":"product_cat-bra-panty-set","7":"product_cat-wholesale-lace-bra-and-panty-sets","8":"product_cat-sexy-lingerie","9":"product_tag-three-pcs-set","10":"product_tag-wholesale-boudoir-lingerie","11":"product_tag-brunette-lingerie","12":"product_tag-lace-sexy-lingerie","13":"product_tag-sexy-skimpy-lingerie","14":"pa_color-black","15":"pa_size-wholesale-large-size-women-sexy-lingerie","16":"pa_size-wholesale-medium-size-women-sexy-lingerie","17":"pa_size-wholesale-small-size-sexy-lingerie","19":"first","20":"instock","21":"taxable","22":"shipping-taxable","23":"purchasable","24":"product-type-variable"},"tiered_pricing_type":"fixed","tiered_pricing_fixed_rules":[],"tiered_pricing_product_settings":{"layout":"table","base_unit_name":{"singular":null,"plural":null},"default_variation":null},"tiered_pricing_minimum_quantity":null,"tiered_pricing_roles_data":[],"tiered_pricing_percentage_rules":[],"tiered_pricing_maximum_quantity":null,"tiered_pricing_quantity_step":null,"_links":{"self":[{"href":"https:\/\/gretasexylingerie.com\/da\/wp-json\/wp\/v2\/product\/50591","targetHints":{"allow":["GET"]}}],"collection":[{"href":"https:\/\/gretasexylingerie.com\/da\/wp-json\/wp\/v2\/product"}],"about":[{"href":"https:\/\/gretasexylingerie.com\/da\/wp-json\/wp\/v2\/types\/product"}],"wp:featuredmedia":[{"embeddable":true,"href":"https:\/\/gretasexylingerie.com\/da\/wp-json\/wp\/v2\/media\/50583"}],"wp:attachment":[{"href":"https:\/\/gretasexylingerie.com\/da\/wp-json\/wp\/v2\/media?parent=50591"}],"wp:term":[{"taxonomy":"product_brand","embeddable":true,"href":"https:\/\/gretasexylingerie.com\/da\/wp-json\/wp\/v2\/product_brand?post=50591"},{"taxonomy":"product_cat","embeddable":true,"href":"https:\/\/gretasexylingerie.com\/da\/wp-json\/wp\/v2\/product_cat?post=50591"},{"taxonomy":"product_tag","embeddable":true,"href":"https:\/\/gretasexylingerie.com\/da\/wp-json\/wp\/v2\/product_tag?post=50591"}],"curies":[{"name":"wp","href":"https:\/\/api.w.org\/{rel}","templated":true}]}}