{"id":50573,"date":"2024-04-16T16:38:35","date_gmt":"2024-04-16T08:38:35","guid":{"rendered":"https:\/\/gretasexylingerie.com\/?post_type=product&#038;p=50573"},"modified":"2024-04-17T00:54:38","modified_gmt":"2024-04-16T16:54:38","slug":"engros-midnat-prikkede-blonder-chemise-saet","status":"publish","type":"product","link":"https:\/\/gretasexylingerie.com\/da\/products\/wholesale-midnight-polka-dot-lace-chemise-set\/","title":{"rendered":"Engros Midnight Polka Dot Lace Chemise S\u00e6t"},"content":{"rendered":"<p><strong>Sp\u00e6ttet sofistikering<\/strong>: Denne kemis har et charmerende prikket m\u00f8nster spredt ud over en ren baggrund, der giver klassikeren et legende, men alligevel smart twist <strong>sort kemi<\/strong>.<\/p>\n\n\n\n<p><strong>Lace Embrace<\/strong>: Lange, blondeudsmykkede \u00e6rmer falder yndefuldt og giver et strejf af elegance og en bl\u00f8d tekstur, der st\u00e5r i smuk kontrast til kemisens gennemsigtige stof.<\/p>\n\n\n\n<p><strong>Feminin flair<\/strong>: Den t\u00e6tsiddende overdel blusser ind i en delikat nederdel, hvilket giver mulighed for en silhuet, der b\u00e5de er flatterende og fri, og som inkarnerer essensen af femininitet i alle detaljer.<\/p>\n\n\n\n<p><strong>Alsidig Vixen<\/strong>: Uanset om det er et intimt lag eller et forf\u00f8rende selvst\u00e6ndigt stykke, tilpasser dette chemises\u00e6t sig til lejligheden og sikrer alsidighed sammen med dets fantastiske design.<\/p>\n\n\n\n<p><strong>S\u00f8ml\u00f8st partnerskab<\/strong>: Klar til at deltage i dit produktsortiment, dette lingeris\u00e6t kommer til dig via vores <a href=\"https:\/\/gretasexylingerie.com\/da\/droshpping-lingeri-service\/\">drop shipping service<\/a>, hvilket g\u00f8r det til en leg at tilbyde dine kunder uden at bekymre sig om minimumsordrekrav.<\/p>\n\n\n\n<p>Introducer et strejf af legende elegance til dit udvalg med vores Midnight Polka Dot Lace Chemise-s\u00e6t. Det er den perfekte blanding af d\u00e6kning og afsl\u00f8ring, designet til dem, der elsker at l\u00e6gge deres charme i lag. Tag fat i Greta Sexy Lingerie i dag, og lad os hj\u00e6lpe dig med at bringe et strejf af finurlig sofistikering til dine kunders aftener.<\/p>\n\n\n\n<figure class=\"wp-block-table\">\n<table>\n<tbody>\n<tr>\n<td class=\"has-text-align-center\" colspan=\"4\" data-align=\"center\"><strong>St\u00f8rrelsesdiagram (CM)<\/strong><\/td>\n<\/tr>\n<tr>\n<td class=\"has-text-align-center\" data-align=\"center\"><strong>St\u00f8rrelse<\/strong><\/td>\n<td class=\"has-text-align-center\" data-align=\"center\"><strong>Bryst (cm)<\/strong><\/td>\n<td class=\"has-text-align-center\" data-align=\"center\"><strong>L\u00e6ngde (cm)<\/strong><\/td>\n<td class=\"has-text-align-center\" data-align=\"center\"><strong>Talje (cm)<\/strong><\/td>\n<\/tr>\n<tr>\n<td class=\"has-text-align-center\" data-align=\"center\">S<\/td>\n<td class=\"has-text-align-center\" data-align=\"center\">64<\/td>\n<td class=\"has-text-align-center\" data-align=\"center\">50<\/td>\n<td class=\"has-text-align-center\" data-align=\"center\">68<\/td>\n<\/tr>\n<tr>\n<td class=\"has-text-align-center\" data-align=\"center\">M<\/td>\n<td class=\"has-text-align-center\" data-align=\"center\">68<\/td>\n<td class=\"has-text-align-center\" data-align=\"center\">51<\/td>\n<td class=\"has-text-align-center\" data-align=\"center\">72<\/td>\n<\/tr>\n<tr>\n<td class=\"has-text-align-center\" data-align=\"center\">L<\/td>\n<td class=\"has-text-align-center\" data-align=\"center\">72<\/td>\n<td class=\"has-text-align-center\" data-align=\"center\">52<\/td>\n<td class=\"has-text-align-center\" data-align=\"center\">76<\/td>\n<\/tr>\n<\/tbody>\n<\/table>\n<\/figure>\n\n\n\n<figure class=\"wp-block-table\">\n<table>\n<tbody>\n<tr>\n<td class=\"has-text-align-center\" colspan=\"4\" data-align=\"center\"><strong>St\u00f8rrelsesdiagram (INCH)<\/strong><\/td>\n<\/tr>\n<tr>\n<td class=\"has-text-align-center\" data-align=\"center\"><strong>St\u00f8rrelse<\/strong><\/td>\n<td class=\"has-text-align-center\" data-align=\"center\"><strong>Buste (ind)<\/strong><\/td>\n<td class=\"has-text-align-center\" data-align=\"center\"><strong>L\u00e6ngde (in)<\/strong><\/td>\n<td class=\"has-text-align-center\" data-align=\"center\"><strong>Talje (ind)<\/strong><\/td>\n<\/tr>\n<tr>\n<td class=\"has-text-align-center\" data-align=\"center\">S<\/td>\n<td class=\"has-text-align-center\" data-align=\"center\">25.20<\/td>\n<td class=\"has-text-align-center\" data-align=\"center\">19.69<\/td>\n<td class=\"has-text-align-center\" data-align=\"center\">26.77<\/td>\n<\/tr>\n<tr>\n<td class=\"has-text-align-center\" data-align=\"center\">M<\/td>\n<td class=\"has-text-align-center\" data-align=\"center\">26.77<\/td>\n<td class=\"has-text-align-center\" data-align=\"center\">20.08<\/td>\n<td class=\"has-text-align-center\" data-align=\"center\">28.35<\/td>\n<\/tr>\n<tr>\n<td class=\"has-text-align-center\" data-align=\"center\">L<\/td>\n<td class=\"has-text-align-center\" data-align=\"center\">28.35<\/td>\n<td class=\"has-text-align-center\" data-align=\"center\">20.47<\/td>\n<td class=\"has-text-align-center\" data-align=\"center\">29.92<\/td>\n<\/tr>\n<\/tbody>\n<\/table>\n<\/figure>","protected":false},"excerpt":{"rendered":"<p>Indpak dig selv i nattens mysterium med dette <strong>sort kemi lang<\/strong> s\u00e6t. Prydet med legende polkaprikker og omsluttende blonder, denne <strong>lang\u00e6rmet blonde chemise<\/strong> tilbyder en flirtende tiltr\u00e6kning, der er tidl\u00f8s i appel<\/p>","protected":false},"featured_media":50559,"template":"","meta":[],"product_brand":[],"product_cat":[394,422,367],"product_tag":[507,446,866,865],"class_list":{"0":"post-50573","1":"product","2":"type-product","3":"status-publish","4":"has-post-thumbnail","6":"product_cat-wholesale-mesh-chemise","7":"product_cat-sexy-chemise","8":"product_cat-sexy-lingerie","9":"product_tag-three-pcs-set","10":"product_tag-wholesale-sexy-see-through-lingerie","11":"product_tag-sexy-romper-lingerie","12":"product_tag-sexy-skimpy-lingerie","13":"pa_color-black","14":"pa_size-wholesale-large-size-women-sexy-lingerie","15":"pa_size-wholesale-medium-size-women-sexy-lingerie","16":"pa_size-wholesale-small-size-sexy-lingerie","18":"first","19":"instock","20":"taxable","21":"shipping-taxable","22":"purchasable","23":"product-type-variable"},"tiered_pricing_type":"fixed","tiered_pricing_fixed_rules":[],"tiered_pricing_product_settings":{"layout":"table","base_unit_name":{"singular":null,"plural":null},"default_variation":null},"tiered_pricing_minimum_quantity":null,"tiered_pricing_roles_data":[],"tiered_pricing_percentage_rules":[],"tiered_pricing_maximum_quantity":null,"tiered_pricing_quantity_step":null,"_links":{"self":[{"href":"https:\/\/gretasexylingerie.com\/da\/wp-json\/wp\/v2\/product\/50573","targetHints":{"allow":["GET"]}}],"collection":[{"href":"https:\/\/gretasexylingerie.com\/da\/wp-json\/wp\/v2\/product"}],"about":[{"href":"https:\/\/gretasexylingerie.com\/da\/wp-json\/wp\/v2\/types\/product"}],"wp:featuredmedia":[{"embeddable":true,"href":"https:\/\/gretasexylingerie.com\/da\/wp-json\/wp\/v2\/media\/50559"}],"wp:attachment":[{"href":"https:\/\/gretasexylingerie.com\/da\/wp-json\/wp\/v2\/media?parent=50573"}],"wp:term":[{"taxonomy":"product_brand","embeddable":true,"href":"https:\/\/gretasexylingerie.com\/da\/wp-json\/wp\/v2\/product_brand?post=50573"},{"taxonomy":"product_cat","embeddable":true,"href":"https:\/\/gretasexylingerie.com\/da\/wp-json\/wp\/v2\/product_cat?post=50573"},{"taxonomy":"product_tag","embeddable":true,"href":"https:\/\/gretasexylingerie.com\/da\/wp-json\/wp\/v2\/product_tag?post=50573"}],"curies":[{"name":"wp","href":"https:\/\/api.w.org\/{rel}","templated":true}]}}