{"id":50555,"date":"2024-04-16T16:37:39","date_gmt":"2024-04-16T08:37:39","guid":{"rendered":"https:\/\/gretasexylingerie.com\/?post_type=product&#038;p=50555"},"modified":"2024-04-17T00:50:42","modified_gmt":"2024-04-16T16:50:42","slug":"engros-allure-bh-og-trusser-lingeri-saet","status":"publish","type":"product","link":"https:\/\/gretasexylingerie.com\/da\/products\/wholesale-allure-bra-and-panty-lingerie-set\/","title":{"rendered":"Engros Allure Shadow BH og trusser Lingeri S\u00e6t"},"content":{"rendered":"<p><strong>Sl\u00e5ende silhuet<\/strong>: De skarpe kontraster i dette lingeris\u00e6t skitserer en figur, der er umulig at ignorere. Det <strong>hot og sexet bh trusse<\/strong> par er et fedt statement med stropper, der skulpturerer og gennemsigtige paneler, der afsl\u00f8rer.<\/p>\n\n\n\n<p><strong>\u00c6teriske udsmykninger<\/strong>: Udsmykket med unikke applikationsdetaljer forvandler dette s\u00e6t det traditionelle <strong>hvid trusse og bh s\u00e6t<\/strong> til et moderne mesterv\u00e6rk, der tilbyder en legende, men alligevel provokerende kant til dit lingeriudvalg.<\/p>\n\n\n\n<p><strong>Gennemskinnelig fristelse<\/strong>: Udformet med en forpligtelse til elegance og sp\u00e6nding, gennemsigtigheden af dette ensemble inviterer til intriger og tilf\u00f8jer et element af det uventede til et klassisk lingeri-look.<\/p>\n\n\n\n<p><strong>Kantet i Elegance<\/strong>: Hvert stykke er kantet med dekorative trim, der pr\u00e6senterer et indviklet spil af skygge og lys, hvilket g\u00f8r dette <strong>bh og trusse gennemsigtig<\/strong> s\u00e6t et f\u00e6ngslende valg til enhver intim lejlighed.<\/p>\n\n\n\n<p><strong>Detailklar sofistikering<\/strong>: Tilbyd dette lingeris\u00e6t med tillid, vel vidende at hver ordre er bakket op af vores <a href=\"https:\/\/gretasexylingerie.com\/da\/droshpping-lingeri-service\/\">drop shipping service<\/a>. Uden krav om MOQ er det en ubesv\u00e6ret tilf\u00f8jelse til din sofistikerede samling af intimt t\u00f8j.<\/p>\n\n\n\n<p>Inviter dine kunder til at afsl\u00f8re deres indre vixen med Allure Shadow Set, hvor hver detalje er en hvisken af lyst. Tilf\u00f8j dette lingeri til dine tilbud, og se, hvordan dit klientel omfavner den transformerende kraft af ren og sk\u00e6r elegance. Kom i kontakt med Greta Sexy Lingerie for at begynde forvandlingen i dag.<\/p>\n\n\n\n<figure class=\"wp-block-table is-style-stripes\"><table class=\"has-fixed-layout\"><tbody><tr><td class=\"has-text-align-center\" data-align=\"center\" colspan=\"8\"><strong>St\u00f8rrelsesdiagram (CM)<\/strong><\/td><\/tr><tr><td class=\"has-text-align-center\" data-align=\"center\"><strong>St\u00f8rrelse<\/strong><\/td><td class=\"has-text-align-center\" data-align=\"center\"><strong>Skulder (cm)<\/strong><\/td><td class=\"has-text-align-center\" data-align=\"center\"><strong>Koph\u00f8jde (cm)<\/strong><\/td><td class=\"has-text-align-center\" data-align=\"center\"><strong>Under brystet (cm)<\/strong><\/td><td class=\"has-text-align-center\" data-align=\"center\"><strong>Trusser talje (cm)<\/strong><\/td><td class=\"has-text-align-center\" data-align=\"center\"><strong>Trusser l\u00e6ngde (cm)<\/strong><\/td><td class=\"has-text-align-center\" data-align=\"center\"><strong>Talje (cm)<\/strong><\/td><td class=\"has-text-align-center\" data-align=\"center\"><strong>Benl\u00f8kke (cm)<\/strong><\/td><\/tr><tr><td class=\"has-text-align-center\" data-align=\"center\">S<\/td><td class=\"has-text-align-center\" data-align=\"center\">33<\/td><td class=\"has-text-align-center\" data-align=\"center\">13.5<\/td><td class=\"has-text-align-center\" data-align=\"center\">69-86<\/td><td class=\"has-text-align-center\" data-align=\"center\">70-98<\/td><td class=\"has-text-align-center\" data-align=\"center\">20<\/td><td class=\"has-text-align-center\" data-align=\"center\">62-86<\/td><td class=\"has-text-align-center\" data-align=\"center\">46<\/td><\/tr><tr><td class=\"has-text-align-center\" data-align=\"center\">M<\/td><td class=\"has-text-align-center\" data-align=\"center\">33<\/td><td class=\"has-text-align-center\" data-align=\"center\">14.5<\/td><td class=\"has-text-align-center\" data-align=\"center\">73-90<\/td><td class=\"has-text-align-center\" data-align=\"center\">74-102<\/td><td class=\"has-text-align-center\" data-align=\"center\">21<\/td><td class=\"has-text-align-center\" data-align=\"center\">66-90<\/td><td class=\"has-text-align-center\" data-align=\"center\">48<\/td><\/tr><tr><td class=\"has-text-align-center\" data-align=\"center\">L<\/td><td class=\"has-text-align-center\" data-align=\"center\">33<\/td><td class=\"has-text-align-center\" data-align=\"center\">15.5<\/td><td class=\"has-text-align-center\" data-align=\"center\">77-94<\/td><td class=\"has-text-align-center\" data-align=\"center\">78-106<\/td><td class=\"has-text-align-center\" data-align=\"center\">22<\/td><td class=\"has-text-align-center\" data-align=\"center\">70-94<\/td><td class=\"has-text-align-center\" data-align=\"center\">50<\/td><\/tr><\/tbody><\/table><\/figure>\n\n\n\n<figure class=\"wp-block-table\"><table><tbody><tr><td class=\"has-text-align-center\" data-align=\"center\" colspan=\"8\"><strong>St\u00f8rrelsesdiagram (INCH)<\/strong><\/td><\/tr><tr><td class=\"has-text-align-center\" data-align=\"center\"><strong>St\u00f8rrelse<\/strong><\/td><td class=\"has-text-align-center\" data-align=\"center\"><strong>Skulder (ind)<\/strong><\/td><td class=\"has-text-align-center\" data-align=\"center\"><strong>Koph\u00f8jde (in)<\/strong><\/td><td class=\"has-text-align-center\" data-align=\"center\"><strong>Under buste (i)<\/strong><\/td><td class=\"has-text-align-center\" data-align=\"center\"><strong>Trusser talje (ind)<\/strong><\/td><td class=\"has-text-align-center\" data-align=\"center\"><strong>Trusser L\u00e6ngde (in)<\/strong><\/td><td class=\"has-text-align-center\" data-align=\"center\"><strong>Talje (ind)<\/strong><\/td><td class=\"has-text-align-center\" data-align=\"center\"><strong>Benl\u00f8kke (ind)<\/strong><\/td><\/tr><tr><td class=\"has-text-align-center\" data-align=\"center\">S<\/td><td class=\"has-text-align-center\" data-align=\"center\">13<\/td><td class=\"has-text-align-center\" data-align=\"center\">5.31<\/td><td class=\"has-text-align-center\" data-align=\"center\">27.17-33.86<\/td><td class=\"has-text-align-center\" data-align=\"center\">27.56-38.58<\/td><td class=\"has-text-align-center\" data-align=\"center\">7.87<\/td><td class=\"has-text-align-center\" data-align=\"center\">24.41-33.86<\/td><td class=\"has-text-align-center\" data-align=\"center\">18.11<\/td><\/tr><tr><td class=\"has-text-align-center\" data-align=\"center\">M<\/td><td class=\"has-text-align-center\" data-align=\"center\">13<\/td><td class=\"has-text-align-center\" data-align=\"center\">5.71<\/td><td class=\"has-text-align-center\" data-align=\"center\">28.74-37.01<\/td><td class=\"has-text-align-center\" data-align=\"center\">29.13-40.16<\/td><td class=\"has-text-align-center\" data-align=\"center\">8.27<\/td><td class=\"has-text-align-center\" data-align=\"center\">25.98-35.43<\/td><td class=\"has-text-align-center\" data-align=\"center\">18.90<\/td><\/tr><tr><td class=\"has-text-align-center\" data-align=\"center\">L<\/td><td class=\"has-text-align-center\" data-align=\"center\">13<\/td><td class=\"has-text-align-center\" data-align=\"center\">6.10<\/td><td class=\"has-text-align-center\" data-align=\"center\">30.31-37.01<\/td><td class=\"has-text-align-center\" data-align=\"center\">30.71-41.73<\/td><td class=\"has-text-align-center\" data-align=\"center\">8.66<\/td><td class=\"has-text-align-center\" data-align=\"center\">27.56-37.01<\/td><td class=\"has-text-align-center\" data-align=\"center\">19.69<\/td><\/tr><\/tbody><\/table><\/figure>\n\n\n\n<p><\/p>","protected":false},"excerpt":{"rendered":"<p>Oplev essensen af forf\u00f8relse med vores <strong>bh og trusse gennemsigtig<\/strong> s\u00e6t, en uds\u00f8gt forening af dristige linjer og delikate detaljer. Det her <strong>hvid trusse og bh s\u00e6t<\/strong> er designet til dem, der t\u00f8r bl\u00e6nde og gl\u00e6de sig over kunsten at lokke.<\/p>","protected":false},"featured_media":50545,"template":"","meta":[],"product_brand":[],"product_cat":[368,367,375],"product_tag":[507,518,446,865],"class_list":{"0":"post-50555","1":"product","2":"type-product","3":"status-publish","4":"has-post-thumbnail","6":"product_cat-bra-panty-set","7":"product_cat-sexy-lingerie","8":"product_cat-whoelsale-sheer-bra-and-panty-sets","9":"product_tag-three-pcs-set","10":"product_tag-mesh-lingerie","11":"product_tag-wholesale-sexy-see-through-lingerie","12":"product_tag-sexy-skimpy-lingerie","13":"pa_color-black","14":"pa_size-wholesale-large-size-women-sexy-lingerie","15":"pa_size-wholesale-medium-size-women-sexy-lingerie","16":"pa_size-wholesale-small-size-sexy-lingerie","18":"first","19":"instock","20":"taxable","21":"shipping-taxable","22":"purchasable","23":"product-type-variable"},"tiered_pricing_type":"fixed","tiered_pricing_fixed_rules":[],"tiered_pricing_product_settings":{"layout":"table","base_unit_name":{"singular":null,"plural":null},"default_variation":null},"tiered_pricing_minimum_quantity":null,"tiered_pricing_roles_data":[],"tiered_pricing_percentage_rules":[],"tiered_pricing_maximum_quantity":null,"tiered_pricing_quantity_step":null,"_links":{"self":[{"href":"https:\/\/gretasexylingerie.com\/da\/wp-json\/wp\/v2\/product\/50555","targetHints":{"allow":["GET"]}}],"collection":[{"href":"https:\/\/gretasexylingerie.com\/da\/wp-json\/wp\/v2\/product"}],"about":[{"href":"https:\/\/gretasexylingerie.com\/da\/wp-json\/wp\/v2\/types\/product"}],"wp:featuredmedia":[{"embeddable":true,"href":"https:\/\/gretasexylingerie.com\/da\/wp-json\/wp\/v2\/media\/50545"}],"wp:attachment":[{"href":"https:\/\/gretasexylingerie.com\/da\/wp-json\/wp\/v2\/media?parent=50555"}],"wp:term":[{"taxonomy":"product_brand","embeddable":true,"href":"https:\/\/gretasexylingerie.com\/da\/wp-json\/wp\/v2\/product_brand?post=50555"},{"taxonomy":"product_cat","embeddable":true,"href":"https:\/\/gretasexylingerie.com\/da\/wp-json\/wp\/v2\/product_cat?post=50555"},{"taxonomy":"product_tag","embeddable":true,"href":"https:\/\/gretasexylingerie.com\/da\/wp-json\/wp\/v2\/product_tag?post=50555"}],"curies":[{"name":"wp","href":"https:\/\/api.w.org\/{rel}","templated":true}]}}