{"id":50453,"date":"2024-04-16T16:30:24","date_gmt":"2024-04-16T08:30:24","guid":{"rendered":"https:\/\/gretasexylingerie.com\/?post_type=product&#038;p=50453"},"modified":"2024-04-17T00:20:57","modified_gmt":"2024-04-16T16:20:57","slug":"engros-fristerinde-sort-blonde-gennemsigtigt-lingeri-saet","status":"publish","type":"product","link":"https:\/\/gretasexylingerie.com\/da\/products\/wholesale-temptress-black-lace-see-through-lingerie-set\/","title":{"rendered":"Engros Temptress sort blonde gennemsigtigt lingeri s\u00e6t"},"content":{"rendered":"<p><strong>Ibenholt fortryllelse<\/strong>: Fordyb din kundekreds i denne uds\u00f8gte m\u00f8rke romantik <strong>sort blonde undert\u00f8jss\u00e6t<\/strong>. Dens fine kniplinger og vovede udsk\u00e6ringer er et vidnesbyrd om den tidl\u00f8se appel ved sofistikeret forf\u00f8relse.<\/p>\n\n\n\n<p><strong>Sensuel silhuet<\/strong>: Bh&#039;ens indviklede stropper og trussens suggestive linjer, som er udformet til at fremh\u00e6ve og lokke, inviterer til en udforskning af sk\u00f8nhed og beg\u00e6r, hvilket understreger kroppens artisteri.<\/p>\n\n\n\n<p><strong>Peek of Passion<\/strong>: Det rene stof pirrer sanserne og tillader blot et glimt af, hvad der ligger under, og lovende aftener fyldt med forventning og tiltr\u00e6kning med denne f\u00e6ngslende <strong>gennemsigtigt lingeris\u00e6t<\/strong>.<\/p>\n\n\n\n<p><strong>Delikat og dog modigt<\/strong>: Dette lingeris\u00e6t afbalancerer blondernes delikatesse med dets modige design, hvilket g\u00f8r det til et perfekt valg til en selvsikker afsl\u00f8ring eller som et uventet lag under aftent\u00f8j.<\/p>\n\n\n\n<p><strong>Engros Wonder<\/strong>: Som en del af vores <a href=\"https:\/\/gretasexylingerie.com\/da\/droshpping-lingeri-service\/\">drop shipping service<\/a>, pr\u00e6sentere dine kunder for det ultimative statement-stykke, der ikke kr\u00e6ver nogen MOQ, hvilket sikrer, at de kan opleve blondernes tiltr\u00e6kning n\u00e5r som helst og hvor som helst.<\/p>\n\n\n\n<p>Forbedre din butiks kollektion med vores <strong>sort blonde undert\u00f8jss\u00e6t<\/strong>, hvor mystik m\u00f8der mesterskab i hver tr\u00e5d. Inviter dine kunder til at indhylle sig selv i skyggernes elegance og l\u00f8ftet om en afsl\u00f8ring. Med Greta Sexy Lingerie er hver detalje et genialt designstr\u00f8g, klar til at blive afsl\u00f8ret. Afgiv din engrosordre i dag, og v\u00e6r leverand\u00f8ren af den ultimative forf\u00f8relse.<\/p>\n\n\n\n<figure class=\"wp-block-table\">\n<table>\n<tbody>\n<tr>\n<td class=\"has-text-align-center\" colspan=\"7\" data-align=\"center\"><strong>St\u00f8rrelsesdiagram (CM)<\/strong><\/td>\n<\/tr>\n<tr>\n<td class=\"has-text-align-center\" data-align=\"center\"><strong>St\u00f8rrelse<\/strong><\/td>\n<td class=\"has-text-align-center\" data-align=\"center\"><strong>Talje (cm)<\/strong><\/td>\n<td class=\"has-text-align-center\" data-align=\"center\"><strong>Underbryst (cm)<\/strong><\/td>\n<td class=\"has-text-align-center\" data-align=\"center\"><strong>Koph\u00f8jde (cm)<\/strong><\/td>\n<td class=\"has-text-align-center\" data-align=\"center\"><strong>L\u00e6ngde (cm)<\/strong><\/td>\n<td class=\"has-text-align-center\" data-align=\"center\"><strong>V\u00e6gt (cm)<\/strong><\/td>\n<td class=\"has-text-align-center\" data-align=\"center\"><strong>L\u00e6ngde (cm)<\/strong><\/td>\n<\/tr>\n<tr>\n<td class=\"has-text-align-center\" data-align=\"center\">S<\/td>\n<td class=\"has-text-align-center\" data-align=\"center\">64-86<\/td>\n<td class=\"has-text-align-center\" data-align=\"center\">14<\/td>\n<td class=\"has-text-align-center\" data-align=\"center\">27<\/td>\n<td class=\"has-text-align-center\" data-align=\"center\">73<\/td>\n<td class=\"has-text-align-center\" data-align=\"center\">22<\/td>\n<td class=\"has-text-align-center\" data-align=\"center\">70<\/td>\n<\/tr>\n<tr>\n<td class=\"has-text-align-center\" data-align=\"center\">M<\/td>\n<td class=\"has-text-align-center\" data-align=\"center\">68-90<\/td>\n<td class=\"has-text-align-center\" data-align=\"center\">15<\/td>\n<td class=\"has-text-align-center\" data-align=\"center\">28<\/td>\n<td class=\"has-text-align-center\" data-align=\"center\">77<\/td>\n<td class=\"has-text-align-center\" data-align=\"center\">23<\/td>\n<td class=\"has-text-align-center\" data-align=\"center\">72<\/td>\n<\/tr>\n<tr>\n<td class=\"has-text-align-center\" data-align=\"center\">L<\/td>\n<td class=\"has-text-align-center\" data-align=\"center\">72-94<\/td>\n<td class=\"has-text-align-center\" data-align=\"center\">16<\/td>\n<td class=\"has-text-align-center\" data-align=\"center\">29<\/td>\n<td class=\"has-text-align-center\" data-align=\"center\">81<\/td>\n<td class=\"has-text-align-center\" data-align=\"center\">24<\/td>\n<td class=\"has-text-align-center\" data-align=\"center\">74<\/td>\n<\/tr>\n<tr>\n<td class=\"has-text-align-center\" data-align=\"center\">XL<\/td>\n<td class=\"has-text-align-center\" data-align=\"center\">76-98<\/td>\n<td class=\"has-text-align-center\" data-align=\"center\">17<\/td>\n<td class=\"has-text-align-center\" data-align=\"center\">30<\/td>\n<td class=\"has-text-align-center\" data-align=\"center\">85<\/td>\n<td class=\"has-text-align-center\" data-align=\"center\">25<\/td>\n<td class=\"has-text-align-center\" data-align=\"center\">76<\/td>\n<\/tr>\n<\/tbody>\n<\/table>\n<\/figure>\n\n\n\n<figure class=\"wp-block-table\">\n<table>\n<tbody>\n<tr>\n<td class=\"has-text-align-center\" colspan=\"7\" data-align=\"center\"><strong>St\u00f8rrelsesdiagram (INCH)<\/strong><\/td>\n<\/tr>\n<tr>\n<td class=\"has-text-align-center\" data-align=\"center\"><strong>St\u00f8rrelse<\/strong><\/td>\n<td class=\"has-text-align-center\" data-align=\"center\"><strong>Taljelinje (ind)<\/strong><\/td>\n<td class=\"has-text-align-center\" data-align=\"center\"><strong>Underbust (ind)<\/strong><\/td>\n<td class=\"has-text-align-center\" data-align=\"center\"><strong>Koph\u00f8jde (in)<\/strong><\/td>\n<td class=\"has-text-align-center\" data-align=\"center\"><strong>L\u00e6ngde (in)<\/strong><\/td>\n<td class=\"has-text-align-center\" data-align=\"center\"><strong>V\u00e6gt (i)<\/strong><\/td>\n<td class=\"has-text-align-center\" data-align=\"center\"><strong>L\u00e6ngde (in)<\/strong><\/td>\n<\/tr>\n<tr>\n<td class=\"has-text-align-center\" data-align=\"center\">S<\/td>\n<td class=\"has-text-align-center\" data-align=\"center\">25.20-33.86<\/td>\n<td class=\"has-text-align-center\" data-align=\"center\">5.51<\/td>\n<td class=\"has-text-align-center\" data-align=\"center\">10.63<\/td>\n<td class=\"has-text-align-center\" data-align=\"center\">28.74<\/td>\n<td class=\"has-text-align-center\" data-align=\"center\">8.66<\/td>\n<td class=\"has-text-align-center\" data-align=\"center\">27.56<\/td>\n<\/tr>\n<tr>\n<td class=\"has-text-align-center\" data-align=\"center\">M<\/td>\n<td class=\"has-text-align-center\" data-align=\"center\">26.77-35.43<\/td>\n<td class=\"has-text-align-center\" data-align=\"center\">5.91<\/td>\n<td class=\"has-text-align-center\" data-align=\"center\">11.02<\/td>\n<td class=\"has-text-align-center\" data-align=\"center\">30.31<\/td>\n<td class=\"has-text-align-center\" data-align=\"center\">9.06<\/td>\n<td class=\"has-text-align-center\" data-align=\"center\">28.35<\/td>\n<\/tr>\n<tr>\n<td class=\"has-text-align-center\" data-align=\"center\">L<\/td>\n<td class=\"has-text-align-center\" data-align=\"center\">28.35-37.01<\/td>\n<td class=\"has-text-align-center\" data-align=\"center\">6.30<\/td>\n<td class=\"has-text-align-center\" data-align=\"center\">11.42<\/td>\n<td class=\"has-text-align-center\" data-align=\"center\">31.89<\/td>\n<td class=\"has-text-align-center\" data-align=\"center\">9.45<\/td>\n<td class=\"has-text-align-center\" data-align=\"center\">29.13<\/td>\n<\/tr>\n<tr>\n<td class=\"has-text-align-center\" data-align=\"center\">XL<\/td>\n<td class=\"has-text-align-center\" data-align=\"center\">29.92-38.58<\/td>\n<td class=\"has-text-align-center\" data-align=\"center\">6.69<\/td>\n<td class=\"has-text-align-center\" data-align=\"center\">11.81<\/td>\n<td class=\"has-text-align-center\" data-align=\"center\">33.46<\/td>\n<td class=\"has-text-align-center\" data-align=\"center\">9.84<\/td>\n<td class=\"has-text-align-center\" data-align=\"center\">29.92<\/td>\n<\/tr>\n<\/tbody>\n<\/table>\n<\/figure>\n\n\n\n<p><\/p>","protected":false},"excerpt":{"rendered":"<p>Overgiv dig til den indviklede tiltr\u00e6kning ved dette <strong>sort blonde undert\u00f8jss\u00e6t<\/strong>, en delikat dans af m\u00f8nster og eksponering. Det her <strong>gennemsigtigt lingeris\u00e6t<\/strong> lover at lokke med sine dristige snit og forf\u00f8rende gennemsigtighed.<\/p>","protected":false},"featured_media":50449,"template":"","meta":[],"product_brand":[],"product_cat":[368,369,367,375],"product_tag":[861,528,875,446,880,453,864],"class_list":{"0":"post-50453","1":"product","2":"type-product","3":"status-publish","4":"has-post-thumbnail","6":"product_cat-bra-panty-set","7":"product_cat-wholesale-lace-bra-and-panty-sets","8":"product_cat-sexy-lingerie","9":"product_cat-whoelsale-sheer-bra-and-panty-sets","10":"product_tag-brunette-lingerie","11":"product_tag-halter-lingerie","12":"product_tag-lace-sexy-lingerie","13":"product_tag-wholesale-sexy-see-through-lingerie","14":"product_tag-sexy-2-piece-lingerie","15":"product_tag-wholesale-sexy-naughty-lingerie","16":"product_tag-sexy-petite-lingerie","17":"pa_color-black","18":"pa_size-wholesale-large-size-women-sexy-lingerie","19":"pa_size-wholesale-medium-size-women-sexy-lingerie","20":"pa_size-wholesale-small-size-sexy-lingerie","22":"first","23":"instock","24":"taxable","25":"shipping-taxable","26":"purchasable","27":"product-type-variable"},"tiered_pricing_type":"fixed","tiered_pricing_fixed_rules":[],"tiered_pricing_product_settings":{"layout":"table","base_unit_name":{"singular":null,"plural":null},"default_variation":null},"tiered_pricing_minimum_quantity":null,"tiered_pricing_roles_data":[],"tiered_pricing_percentage_rules":[],"tiered_pricing_maximum_quantity":null,"tiered_pricing_quantity_step":null,"_links":{"self":[{"href":"https:\/\/gretasexylingerie.com\/da\/wp-json\/wp\/v2\/product\/50453","targetHints":{"allow":["GET"]}}],"collection":[{"href":"https:\/\/gretasexylingerie.com\/da\/wp-json\/wp\/v2\/product"}],"about":[{"href":"https:\/\/gretasexylingerie.com\/da\/wp-json\/wp\/v2\/types\/product"}],"wp:featuredmedia":[{"embeddable":true,"href":"https:\/\/gretasexylingerie.com\/da\/wp-json\/wp\/v2\/media\/50449"}],"wp:attachment":[{"href":"https:\/\/gretasexylingerie.com\/da\/wp-json\/wp\/v2\/media?parent=50453"}],"wp:term":[{"taxonomy":"product_brand","embeddable":true,"href":"https:\/\/gretasexylingerie.com\/da\/wp-json\/wp\/v2\/product_brand?post=50453"},{"taxonomy":"product_cat","embeddable":true,"href":"https:\/\/gretasexylingerie.com\/da\/wp-json\/wp\/v2\/product_cat?post=50453"},{"taxonomy":"product_tag","embeddable":true,"href":"https:\/\/gretasexylingerie.com\/da\/wp-json\/wp\/v2\/product_tag?post=50453"}],"curies":[{"name":"wp","href":"https:\/\/api.w.org\/{rel}","templated":true}]}}