{"id":50347,"date":"2024-03-29T20:28:25","date_gmt":"2024-03-29T12:28:25","guid":{"rendered":"https:\/\/gretasexylingerie.com\/?post_type=product&#038;p=50347"},"modified":"2024-04-07T20:03:08","modified_gmt":"2024-04-07T12:03:08","slug":"engros-lummer-politi-lingeri-kostume","status":"publish","type":"product","link":"https:\/\/gretasexylingerie.com\/da\/products\/wholesale-sultry-police-lingerie-costume\/","title":{"rendered":"Engros Sultry Enforcer Police Lingeri kostume"},"content":{"rendered":"<p><strong>kommanderende n\u00e6rv\u00e6r<\/strong>: Tr\u00e6d til magten med denne arrestation <strong>sexet sheriff kostume<\/strong>. Dens omhyggeligt designede funktioner udstr\u00e5ler selvtillid og kontrol, perfekt til temabegivenheder eller privat rollespil.<\/p>\n\n\n\n<p><strong>Detalje, der kr\u00e6ver opm\u00e6rksomhed<\/strong>: Udstyret med badges for fristelse og parret med essentielt tilbeh\u00f8r, efterlader dette kostume ingen detaljer ukontrolleret, fra det dristige b\u00e6lte til den autoritative kasket.<\/p>\n\n\n\n<p><strong>T\u00f8r at dominere<\/strong>: Dette ensemble er lavet til de modige og kombinerer klassisk stil med forf\u00f8rende snit, hvilket inviterer eventyrlystne \u00e5nder til at spille hovedrollen i ethvert scenarie.<\/p>\n\n\n\n<p><strong>Kvalitet, der opretholder loven<\/strong>: Fremstillet med materialer af h\u00f8j kvalitet, der kan klare enhver m\u00e6ngde af friskhed, er dette outfit en fast bestanddel for dem, der kr\u00e6ver holdbarhed sammen med deres vovemod.<\/p>\n\n\n\n<p><strong>Manchet konkurrencen<\/strong>: Tilg\u00e6ngelig gennem vores <a href=\"https:\/\/gretasexylingerie.com\/da\/droshpping-lingeri-service\/\">drop shipping service<\/a>, dette kostume er en sikker m\u00e5de at l\u00e5se salget p\u00e5 uden at bekymre sig om lagerbeholdning eller MOQ.<\/p>\n\n\n\n<p>Genopfyld dit arsenal af tiltr\u00e6kning med vores <strong>varmt politikostume<\/strong>. Tilbyd dine kunder magten til at f\u00e6ngsle og kontrollere, uanset om de holder freden eller knuser hjerter. Med Greta Sexy Lingerie kan du forvandle ethvert salg til en forf\u00f8relseshandling. Bestil nu og lad jagten p\u00e5 passion begynde!<\/p>","protected":false},"excerpt":{"rendered":"<p>Gennemtving natten med dette <strong>varmt politikostume<\/strong>, en blanding af autoritet og tiltr\u00e6kning. Det her <strong>fr\u00e6kt politit\u00f8j<\/strong> er skr\u00e6ddersyet til dem, der tager ansvar og s\u00e6tter pulsen i vejret, hvilket sikrer en uforglemmelig tilstedev\u00e6relse.<\/p>","protected":false},"featured_media":50346,"template":"","meta":[],"product_brand":[],"product_cat":[974],"product_tag":[],"class_list":{"0":"post-50347","1":"product","2":"type-product","3":"status-publish","4":"has-post-thumbnail","6":"product_cat-wholesale-sexy-costumes","7":"pa_color-black","8":"pa_size-free","10":"first","11":"instock","12":"taxable","13":"shipping-taxable","14":"purchasable","15":"product-type-variable"},"tiered_pricing_type":"fixed","tiered_pricing_fixed_rules":[],"tiered_pricing_product_settings":{"layout":"table","base_unit_name":{"singular":null,"plural":null},"default_variation":null},"tiered_pricing_minimum_quantity":null,"tiered_pricing_roles_data":[],"tiered_pricing_percentage_rules":[],"tiered_pricing_maximum_quantity":null,"tiered_pricing_quantity_step":null,"_links":{"self":[{"href":"https:\/\/gretasexylingerie.com\/da\/wp-json\/wp\/v2\/product\/50347","targetHints":{"allow":["GET"]}}],"collection":[{"href":"https:\/\/gretasexylingerie.com\/da\/wp-json\/wp\/v2\/product"}],"about":[{"href":"https:\/\/gretasexylingerie.com\/da\/wp-json\/wp\/v2\/types\/product"}],"wp:featuredmedia":[{"embeddable":true,"href":"https:\/\/gretasexylingerie.com\/da\/wp-json\/wp\/v2\/media\/50346"}],"wp:attachment":[{"href":"https:\/\/gretasexylingerie.com\/da\/wp-json\/wp\/v2\/media?parent=50347"}],"wp:term":[{"taxonomy":"product_brand","embeddable":true,"href":"https:\/\/gretasexylingerie.com\/da\/wp-json\/wp\/v2\/product_brand?post=50347"},{"taxonomy":"product_cat","embeddable":true,"href":"https:\/\/gretasexylingerie.com\/da\/wp-json\/wp\/v2\/product_cat?post=50347"},{"taxonomy":"product_tag","embeddable":true,"href":"https:\/\/gretasexylingerie.com\/da\/wp-json\/wp\/v2\/product_tag?post=50347"}],"curies":[{"name":"wp","href":"https:\/\/api.w.org\/{rel}","templated":true}]}}