{"id":50340,"date":"2024-03-29T20:28:04","date_gmt":"2024-03-29T12:28:04","guid":{"rendered":"https:\/\/gretasexylingerie.com\/?post_type=product&#038;p=50340"},"modified":"2024-03-29T21:29:45","modified_gmt":"2024-03-29T13:29:45","slug":"engros-strappy-kaede-sele-lingeri-saet","status":"publish","type":"product","link":"https:\/\/gretasexylingerie.com\/da\/products\/wholesale-strappy-chain-harness-lingerie-set\/","title":{"rendered":"Engros Strappy Chain Harness Lingeri S\u00e6t"},"content":{"rendered":"<p><strong>Sensuel geometri<\/strong>: Dette ensemble er en mesterklasse i avantgarde-allure, med dets geometriske l\u00e6derremme og indbyrdes forbundne k\u00e6der, der skaber en fantastisk visuel effekt.<\/p>\n\n\n\n<p><strong>Metallisk Majest\u00e6t<\/strong>: K\u00e6desele-bh&#039;en er ikke bare et tilbeh\u00f8r; det er midtpunktet, designet til at flimre af bev\u00e6gelse og f\u00e6ngsle med sit indviklede layout.<\/p>\n\n\n\n<p><strong>L\u00e6der Luxe<\/strong>: Ekspert fremstillet af smidigt l\u00e6der, hver rem af denne <strong>lingeri til kropssele i l\u00e6der<\/strong> s\u00e6t indhyller formen i luksus og lover b\u00e5de komfort og h\u00f8j dramatik.<\/p>\n\n\n\n<p><strong>Slip selvtilliden l\u00f8s<\/strong>: Mere end lingeri er dette s\u00e6t et statement, der giver brugerne mulighed for at omfavne deres mest selvsikre, dristige jeg.<\/p>\n\n\n\n<p><strong>Vis med stolthed<\/strong>: Tilbydes som en del af vores omfattende <a href=\"https:\/\/gretasexylingerie.com\/da\/droshpping-lingeri-service\/\">drop shipping service<\/a>, dette s\u00e6t er et must-display for enhver butik, der \u00f8nsker at tilbyde toppen af moderne lingeridesign uden minimumsbestillingsm\u00e6ngder.<\/p>\n\n\n\n<p>Lav en kollektion, der taler om frygtl\u00f8s mode med vores <strong>lingeris\u00e6t med stropper<\/strong>. Inviter dine kunder til at drapere sig i forf\u00f8relsens kunst med dette unikke k\u00e6desele-ensemble. Med Greta Sexy Lingerie er hvert stykke et l\u00f8fte om innovation og intriger. Lager op nu, og lad din kundekreds blive h\u00e5ndv\u00e6rkerne af deres egen tiltr\u00e6kning.<\/p>","protected":false},"excerpt":{"rendered":"<p>Form en dristig silhuet med denne <strong>lingeris\u00e6t med stropper<\/strong>, prydet med en cascading k\u00e6de sele bh. Dette lingeri med kropssele i l\u00e6der er en symfoni af dristige linjer og metalliske accenter, designet til dem, der styrer rampelyset.<\/p>","protected":false},"featured_media":50334,"template":"","meta":[],"product_brand":[],"product_cat":[380,377,367,1059,1060],"product_tag":[452,448,453,504],"class_list":{"0":"post-50340","1":"product","2":"type-product","3":"status-publish","4":"has-post-thumbnail","6":"product_cat-wholesale-harness-bra-and-panty-set","7":"product_cat-harness-lingerie","8":"product_cat-sexy-lingerie","9":"product_cat-wholesale-bondage-equipment","10":"product_cat-wholesale-bondage-lingerie","11":"product_tag-wholesale-boudoir-lingerie","12":"product_tag-wholesale-elegant-sexy-lingerie","13":"product_tag-wholesale-sexy-naughty-lingerie","14":"product_tag-ultra-sexy","15":"pa_color-black","16":"pa_size-free","18":"first","19":"instock","20":"taxable","21":"shipping-taxable","22":"purchasable","23":"product-type-variable"},"tiered_pricing_type":"fixed","tiered_pricing_fixed_rules":[],"tiered_pricing_product_settings":{"layout":"table","base_unit_name":{"singular":null,"plural":null},"default_variation":null},"tiered_pricing_minimum_quantity":null,"tiered_pricing_roles_data":[],"tiered_pricing_percentage_rules":[],"tiered_pricing_maximum_quantity":null,"tiered_pricing_quantity_step":null,"_links":{"self":[{"href":"https:\/\/gretasexylingerie.com\/da\/wp-json\/wp\/v2\/product\/50340","targetHints":{"allow":["GET"]}}],"collection":[{"href":"https:\/\/gretasexylingerie.com\/da\/wp-json\/wp\/v2\/product"}],"about":[{"href":"https:\/\/gretasexylingerie.com\/da\/wp-json\/wp\/v2\/types\/product"}],"wp:featuredmedia":[{"embeddable":true,"href":"https:\/\/gretasexylingerie.com\/da\/wp-json\/wp\/v2\/media\/50334"}],"wp:attachment":[{"href":"https:\/\/gretasexylingerie.com\/da\/wp-json\/wp\/v2\/media?parent=50340"}],"wp:term":[{"taxonomy":"product_brand","embeddable":true,"href":"https:\/\/gretasexylingerie.com\/da\/wp-json\/wp\/v2\/product_brand?post=50340"},{"taxonomy":"product_cat","embeddable":true,"href":"https:\/\/gretasexylingerie.com\/da\/wp-json\/wp\/v2\/product_cat?post=50340"},{"taxonomy":"product_tag","embeddable":true,"href":"https:\/\/gretasexylingerie.com\/da\/wp-json\/wp\/v2\/product_tag?post=50340"}],"curies":[{"name":"wp","href":"https:\/\/api.w.org\/{rel}","templated":true}]}}