{"id":50325,"date":"2024-03-29T20:27:12","date_gmt":"2024-03-29T12:27:12","guid":{"rendered":"https:\/\/gretasexylingerie.com\/?post_type=product&#038;p=50325"},"modified":"2024-03-29T21:21:06","modified_gmt":"2024-03-29T13:21:06","slug":"engros-lokkende-sygeplejerske-lingeri-ensemble","status":"publish","type":"product","link":"https:\/\/gretasexylingerie.com\/da\/products\/wholesale-alluring-nurse-lingerie-ensemble\/","title":{"rendered":"Engros Alluring Nurse Lingerie Ensemble"},"content":{"rendered":"<p><strong>Pulsl\u00f8ftende design<\/strong>: Det her <strong>sygeplejerske sexet outfit<\/strong> kan prale af en vovet stroppertop prydet med r\u00f8de kors, sat mod gennemsigtigt hvidt stof, der driller og lokker.<\/p>\n\n\n\n<p><strong>Hjertestoppende detalje<\/strong>: Fra den flirtende kasket ned til den kurvede nederdel er hvert stykke udformet til at f\u00e5 hjerterne til at banke hurtigere, hvilket sikrer, at dine kunder f\u00f8ler sig som centrum for opm\u00e6rksomheden.<\/p>\n\n\n\n<p><strong>F\u00f8rstehj\u00e6lp mod kedsomhed<\/strong>: Uanset om det er til en udkl\u00e6dningsfest eller en privat lejlighed, er dette kostume det perfekte middel til enhver hverdagsagtig aften, der g\u00f8r det til en uforglemmelig oplevelse.<\/p>\n\n\n\n<p><strong>Omhyggeligt h\u00e5ndv\u00e6rk<\/strong>: Konstrueret af kvalitetsmaterialer, dette outfit er b\u00e5de behageligt og f\u00e6ngslende og lover at st\u00e5 op til de mest intensive\u2026plejesessioner.<\/p>\n\n\n\n<p><strong>Genopliv dit salg<\/strong>: Med vores s\u00f8ml\u00f8se <a href=\"https:\/\/gretasexylingerie.com\/da\/droshpping-lingeri-service\/\">drop shipping service<\/a>, dette kostume er et must-have til dit lager, og giver en mulighed uden MOQ for problemfri lager og salg.<\/p>\n\n\n\n<p>Besvar n\u00f8dopkaldet til forf\u00f8relse med vores <strong>sexet sygeplejerske lingeri outfit<\/strong> og s\u00f8rg for, at din kundekreds kan hengive sig til deres fantasi med stil. Med Greta Sexy Lingerie er hvert k\u00f8b mere end en transaktion \u2013 det er starten p\u00e5 et sp\u00e6ndende eventyr. Vent ikke p\u00e5 en anden mening; fylde op nu, og lad dine kunder opleve sp\u00e6ndingen i afdelingen.<\/p>","protected":false},"excerpt":{"rendered":"<p>Genopliv den klassiske fantasi med dette <strong>sexet sygeplejerske lingeri outfit<\/strong>, designet i en uber\u00f8rt hvid, der lover at h\u00e6ve pulser. Dette ensemble er et legende, men alligevel provokerende bud p\u00e5 det traditionelle <strong>sexet hvidt sygeplejerske kostume<\/strong>.<\/p>","protected":false},"featured_media":50320,"template":"","meta":[],"product_brand":[],"product_cat":[974],"product_tag":[989],"class_list":{"0":"post-50325","1":"product","2":"type-product","3":"status-publish","4":"has-post-thumbnail","6":"product_cat-wholesale-sexy-costumes","7":"product_tag-nurse-costume","8":"pa_color-white","9":"pa_size-free","11":"first","12":"instock","13":"taxable","14":"shipping-taxable","15":"purchasable","16":"product-type-variable"},"tiered_pricing_type":"fixed","tiered_pricing_fixed_rules":[],"tiered_pricing_product_settings":{"layout":"table","base_unit_name":{"singular":null,"plural":null},"default_variation":null},"tiered_pricing_minimum_quantity":null,"tiered_pricing_roles_data":[],"tiered_pricing_percentage_rules":[],"tiered_pricing_maximum_quantity":null,"tiered_pricing_quantity_step":null,"_links":{"self":[{"href":"https:\/\/gretasexylingerie.com\/da\/wp-json\/wp\/v2\/product\/50325","targetHints":{"allow":["GET"]}}],"collection":[{"href":"https:\/\/gretasexylingerie.com\/da\/wp-json\/wp\/v2\/product"}],"about":[{"href":"https:\/\/gretasexylingerie.com\/da\/wp-json\/wp\/v2\/types\/product"}],"wp:featuredmedia":[{"embeddable":true,"href":"https:\/\/gretasexylingerie.com\/da\/wp-json\/wp\/v2\/media\/50320"}],"wp:attachment":[{"href":"https:\/\/gretasexylingerie.com\/da\/wp-json\/wp\/v2\/media?parent=50325"}],"wp:term":[{"taxonomy":"product_brand","embeddable":true,"href":"https:\/\/gretasexylingerie.com\/da\/wp-json\/wp\/v2\/product_brand?post=50325"},{"taxonomy":"product_cat","embeddable":true,"href":"https:\/\/gretasexylingerie.com\/da\/wp-json\/wp\/v2\/product_cat?post=50325"},{"taxonomy":"product_tag","embeddable":true,"href":"https:\/\/gretasexylingerie.com\/da\/wp-json\/wp\/v2\/product_tag?post=50325"}],"curies":[{"name":"wp","href":"https:\/\/api.w.org\/{rel}","templated":true}]}}