{"id":50318,"date":"2024-03-29T20:26:51","date_gmt":"2024-03-29T12:26:51","guid":{"rendered":"https:\/\/gretasexylingerie.com\/?post_type=product&#038;p=50318"},"modified":"2024-03-29T21:14:16","modified_gmt":"2024-03-29T13:14:16","slug":"engros-forforende-politi-fantasy-lingeri-saet","status":"publish","type":"product","link":"https:\/\/gretasexylingerie.com\/da\/products\/wholesale-seductive-police-fantasy-lingerie-set\/","title":{"rendered":"Engros forf\u00f8rende Police Fantasy Lingeri S\u00e6t"},"content":{"rendered":"<p><strong>Autoritet i Allure<\/strong>: Overhold lovene om tiltr\u00e6kning med denne befaling <strong>fr\u00e6kt politibetjent kostume<\/strong>, med en blank marinebl\u00e5 overdel, der sp\u00e6nder om taljen og fremh\u00e6ver hver kurve.<\/p>\n\n\n\n<p><strong>Pligt til at forf\u00f8re<\/strong>: Mesh-detaljen tilf\u00f8jer et strejf af forbudt mystik og inviterer til en n\u00e6rmere inspektion, mens officerskasketten forsegler aftalen med en luft af autenticitet og kontrol.<\/p>\n\n\n\n<p><strong>Gennemtving sp\u00e6nding<\/strong>: Perfekt til temabegivenheder eller personligt rollespil, dette kostume er et vigtigt stykke til enhver eventyrlig garderobe og lover en nat med sjov og friskhed.<\/p>\n\n\n\n<p><strong>Kvalitetsm\u00e6rke<\/strong>: Lavet med materialer af h\u00f8j kvalitet, der t\u00e5ler enhver m\u00e6ngde... unders\u00f8gelse, dette kostume er designet til gentagen brug og alsidig leg.<\/p>\n\n\n\n<p><strong>Lock Up Salg<\/strong>: Udstyret til nem lagerf\u00f8ring gennem vores <a href=\"https:\/\/gretasexylingerie.com\/da\/droshpping-lingeri-service\/\">drop shipping service<\/a>, dette kostume kommer i h\u00e5ndjern til stor eftersp\u00f8rgsel og ingen MOQ, hvilket frig\u00f8r dit lager for at fange den opm\u00e6rksomhed, det fortjener.<\/p>\n\n\n\n<p>Udstyr din butik med dette ultimative <strong>sexet politit\u00f8j<\/strong> og se, hvordan kunderne falder i k\u00f8 for deres chance for at legemligg\u00f8re lystens lov. Tilbyd dem magten til at patruljere festen eller privatlivets fred p\u00e5 deres v\u00e6relse med det fineste inden for fantasy-t\u00f8j. Afgiv dine ordrer hos Greta Sexy Lingerie nu, hvor hvert salg er en s\u00e6tning til tilfredshed.<\/p>","protected":false},"excerpt":{"rendered":"<p>Tag kommandoen over natten med dette <strong>betjent t\u00f8j til kvinder<\/strong>, designet til at h\u00e5ndh\u00e6ve tiltr\u00e6kning med hver eneste detalje. Det her <strong>sexet politit\u00f8j<\/strong> parrer autoritet med forf\u00f8relse, hvilket sikrer, at dine kunder vil fange hjerter overalt.<\/p>","protected":false},"featured_media":50313,"template":"","meta":[],"product_brand":[],"product_cat":[974],"product_tag":[978],"class_list":{"0":"post-50318","1":"product","2":"type-product","3":"status-publish","4":"has-post-thumbnail","6":"product_cat-wholesale-sexy-costumes","7":"product_tag-policewoman-costume","8":"pa_color-black","9":"pa_size-free","11":"first","12":"instock","13":"taxable","14":"shipping-taxable","15":"purchasable","16":"product-type-variable"},"tiered_pricing_type":"fixed","tiered_pricing_fixed_rules":[],"tiered_pricing_product_settings":{"layout":"table","base_unit_name":{"singular":null,"plural":null},"default_variation":null},"tiered_pricing_minimum_quantity":null,"tiered_pricing_roles_data":[],"tiered_pricing_percentage_rules":[],"tiered_pricing_maximum_quantity":null,"tiered_pricing_quantity_step":null,"_links":{"self":[{"href":"https:\/\/gretasexylingerie.com\/da\/wp-json\/wp\/v2\/product\/50318","targetHints":{"allow":["GET"]}}],"collection":[{"href":"https:\/\/gretasexylingerie.com\/da\/wp-json\/wp\/v2\/product"}],"about":[{"href":"https:\/\/gretasexylingerie.com\/da\/wp-json\/wp\/v2\/types\/product"}],"wp:featuredmedia":[{"embeddable":true,"href":"https:\/\/gretasexylingerie.com\/da\/wp-json\/wp\/v2\/media\/50313"}],"wp:attachment":[{"href":"https:\/\/gretasexylingerie.com\/da\/wp-json\/wp\/v2\/media?parent=50318"}],"wp:term":[{"taxonomy":"product_brand","embeddable":true,"href":"https:\/\/gretasexylingerie.com\/da\/wp-json\/wp\/v2\/product_brand?post=50318"},{"taxonomy":"product_cat","embeddable":true,"href":"https:\/\/gretasexylingerie.com\/da\/wp-json\/wp\/v2\/product_cat?post=50318"},{"taxonomy":"product_tag","embeddable":true,"href":"https:\/\/gretasexylingerie.com\/da\/wp-json\/wp\/v2\/product_tag?post=50318"}],"curies":[{"name":"wp","href":"https:\/\/api.w.org\/{rel}","templated":true}]}}