{"id":50302,"date":"2024-03-29T20:25:55","date_gmt":"2024-03-29T12:25:55","guid":{"rendered":"https:\/\/gretasexylingerie.com\/?post_type=product&#038;p=50302"},"modified":"2024-03-29T21:08:09","modified_gmt":"2024-03-29T13:08:09","slug":"engros-rodt-kunstlaeder-lingeri-kjole-ensemble","status":"publish","type":"product","link":"https:\/\/gretasexylingerie.com\/da\/products\/wholesale-red-leatherette-lingerie-dress-ensemble\/","title":{"rendered":"Engros r\u00f8dt l\u00e6derundert\u00f8j kjole Ensemble"},"content":{"rendered":"<p><strong>Fed elegance<\/strong>: Det her <strong>lingeri kjole s\u00e6t<\/strong> udstr\u00e5ler selvtillid med sin blanke r\u00f8de finish og vovede snit, designet til at fremh\u00e6ve kurver og fange sanserne.<\/p>\n\n\n\n<p><strong>Luksuri\u00f8st l\u00e6derlook<\/strong>: Dette s\u00e6t er fremstillet i et kunstl\u00e6dermateriale af h\u00f8j kvalitet og leverer det edgy look af l\u00e6der med komforten fra lingeri, hvilket g\u00f8r det b\u00e5de til et statement og en fast bestanddel.<\/p>\n\n\n\n<p><strong>Hengende i r\u00f8dt<\/strong>: Den livlige r\u00f8de nuance af dette ensemble er en showstopper, der sikrer, at enhver, der b\u00e6rer det, vil v\u00e6re i centrum for opm\u00e6rksomheden.<\/p>\n\n\n\n<p><strong>Uovertruffen alsidighed<\/strong>: Dette s\u00e6t i to dele er lige s\u00e5 alsidigt som det er livligt, perfekt til et intimt m\u00f8de eller som en fed underbekl\u00e6dning til en aften i byen.<\/p>\n\n\n\n<p><strong>Forretningsklar<\/strong>: Designet med detailhandlere i tankerne, er dette s\u00e6t nemt at lagerf\u00f8re og s\u00e6lge, takket v\u00e6re vores <a href=\"https:\/\/gretasexylingerie.com\/da\/droshpping-lingeri-service\/\">drop shipping service<\/a>, komplet med personlige brandingmuligheder og ingen minimumsordrem\u00e6ngde.<\/p>\n\n\n\n<p>Opfordring til handling:<br>L\u00f8ft dit sortiment med vores markante <strong>l\u00e6der lingeri s\u00e6t<\/strong> og lad dine kunder nyde den ultimative blanding af vovemod og gl\u00e6de. Med Greta Sexy Lingerie s\u00e6lger du ikke bare et outfit; du byder p\u00e5 en oplevelse. Udnyt tiltr\u00e6kningskraften med vores h\u00f8jkvalitetss\u00e6t, og lad vores s\u00f8ml\u00f8se <a href=\"https:\/\/gretasexylingerie.com\/da\/engros-lingeri\/\">engros service<\/a> underst\u00f8tte din virksomheds v\u00e6kst. Bestil nu og s\u00e6t standarden for forf\u00f8rende elegance.<\/p>","protected":false},"excerpt":{"rendered":"<p>T\u00e6nd natten med denne flammende <strong>r\u00f8dt sexet lingeri s\u00e6t<\/strong>, en fed blanding af l\u00e6derlignende glans og luksuri\u00f8st design. Et must-have til en sp\u00e6ndende kollektion af l\u00e6derlingeris\u00e6t, designet til at f\u00e6ngsle og lokke.<\/p>","protected":false},"featured_media":50296,"template":"","meta":[],"product_brand":[],"product_cat":[368,367],"product_tag":[448],"class_list":{"0":"post-50302","1":"product","2":"type-product","3":"status-publish","4":"has-post-thumbnail","6":"product_cat-bra-panty-set","7":"product_cat-sexy-lingerie","8":"product_tag-wholesale-elegant-sexy-lingerie","9":"pa_color-red-women-sexy-lingerie","10":"pa_size-free","12":"first","13":"instock","14":"taxable","15":"shipping-taxable","16":"purchasable","17":"product-type-variable"},"tiered_pricing_type":"fixed","tiered_pricing_fixed_rules":[],"tiered_pricing_product_settings":{"layout":"table","base_unit_name":{"singular":null,"plural":null},"default_variation":null},"tiered_pricing_minimum_quantity":null,"tiered_pricing_roles_data":[],"tiered_pricing_percentage_rules":[],"tiered_pricing_maximum_quantity":null,"tiered_pricing_quantity_step":null,"_links":{"self":[{"href":"https:\/\/gretasexylingerie.com\/da\/wp-json\/wp\/v2\/product\/50302","targetHints":{"allow":["GET"]}}],"collection":[{"href":"https:\/\/gretasexylingerie.com\/da\/wp-json\/wp\/v2\/product"}],"about":[{"href":"https:\/\/gretasexylingerie.com\/da\/wp-json\/wp\/v2\/types\/product"}],"wp:featuredmedia":[{"embeddable":true,"href":"https:\/\/gretasexylingerie.com\/da\/wp-json\/wp\/v2\/media\/50296"}],"wp:attachment":[{"href":"https:\/\/gretasexylingerie.com\/da\/wp-json\/wp\/v2\/media?parent=50302"}],"wp:term":[{"taxonomy":"product_brand","embeddable":true,"href":"https:\/\/gretasexylingerie.com\/da\/wp-json\/wp\/v2\/product_brand?post=50302"},{"taxonomy":"product_cat","embeddable":true,"href":"https:\/\/gretasexylingerie.com\/da\/wp-json\/wp\/v2\/product_cat?post=50302"},{"taxonomy":"product_tag","embeddable":true,"href":"https:\/\/gretasexylingerie.com\/da\/wp-json\/wp\/v2\/product_tag?post=50302"}],"curies":[{"name":"wp","href":"https:\/\/api.w.org\/{rel}","templated":true}]}}