{"id":50286,"date":"2024-03-29T20:24:50","date_gmt":"2024-03-29T12:24:50","guid":{"rendered":"https:\/\/gretasexylingerie.com\/?post_type=product&#038;p=50286"},"modified":"2024-03-29T21:03:10","modified_gmt":"2024-03-29T13:03:10","slug":"engros-pu-stewardesse-kostume-saet","status":"publish","type":"product","link":"https:\/\/gretasexylingerie.com\/da\/products\/wholesale-pu-stewardess-costume-set\/","title":{"rendered":"Engros PU Stewardesse kostume s\u00e6t"},"content":{"rendered":"<p><strong>Aerial Allure<\/strong>: Kommander himlen og rummet med dette <strong>stewardesse uniform fristelse<\/strong>. Dette kostume er fremstillet af slankt PU-materiale og lover en dristig forh\u00f8jelse til det klassiske stewardesse-look.<\/p>\n\n\n\n<p><strong>Skr\u00e6ddersyet fristelse<\/strong>: Hver s\u00f8m i denne bodysuit er designet til at smigre og fascinere. Guldbekl\u00e6dningen skitserer en silhuet, der er lige s\u00e5 imponerende, som den er f\u00e6ngslende, perfekt til dem, der \u00f8nsker at give et modigt statement.<\/p>\n\n\n\n<p><strong>Sofistikeret tilbeh\u00f8r<\/strong>: S\u00e6ttet er afsluttet med en smagfuld stewardesse hovedbekl\u00e6dning og delikate blondehandsker, der tilf\u00f8jer et strejf af klasse til ensemblet. Blondeslipset giver et nik til tidl\u00f8s stewardesse-elegance, mens det antyder legende eventyr.<\/p>\n\n\n\n<p><strong>Holdbart design<\/strong>: Lavet med PU-materiale af h\u00f8j kvalitet, dette kostume holder sin form og glans under enhver begivenhed, hvilket sikrer, at dit look forbliver up\u00e5klageligt fra start til landing.<\/p>\n\n\n\n<p><strong>Komplet kostumes\u00e6t<\/strong>: Dette er ikke bare en bodysuit; det er et komplet tegns\u00e6t. Stewardessens hovedbekl\u00e6dning, blondehandsker og blondeb\u00e5nd kombinerer en uimodst\u00e5elig blanding af ensartet pr\u00e6cision og fristende afsl\u00f8ring.<\/p>\n\n\n\n<p>Tilmeld dig den mileh\u00f8je stilklub med vores <strong>Sexet PU-stewardesse kostume<\/strong>. Lager din butik med dette uimodst\u00e5elige ensemble, og se dit salg stige. Uden minimumsbestilling og hurtig global forsendelse g\u00f8r Greta Sexy Lingerie det nemt at bringe luksus og lokke til din kundekreds. Sp\u00e6nd sikkerhedsselerne, det er tid til at flyve h\u00f8jt med mode, der er lige s\u00e5 vovet som himlen.<\/p>","protected":false},"excerpt":{"rendered":"<p>L\u00f8ft din tiltr\u00e6kning med vores <strong>sexet stewardesse kostume<\/strong>. Dette s\u00e6t blander klassisk charme med moderne forf\u00f8relse for et look, der helt sikkert vil f\u00e6ngsle.<\/p>","protected":false},"featured_media":50282,"template":"","meta":[],"product_brand":[],"product_cat":[974],"product_tag":[],"class_list":{"0":"post-50286","1":"product","2":"type-product","3":"status-publish","4":"has-post-thumbnail","6":"product_cat-wholesale-sexy-costumes","7":"pa_color-black","8":"pa_size-free","10":"first","11":"instock","12":"taxable","13":"shipping-taxable","14":"purchasable","15":"product-type-variable"},"tiered_pricing_type":"fixed","tiered_pricing_fixed_rules":[],"tiered_pricing_product_settings":{"layout":"table","base_unit_name":{"singular":null,"plural":null},"default_variation":null},"tiered_pricing_minimum_quantity":null,"tiered_pricing_roles_data":[],"tiered_pricing_percentage_rules":[],"tiered_pricing_maximum_quantity":null,"tiered_pricing_quantity_step":null,"_links":{"self":[{"href":"https:\/\/gretasexylingerie.com\/da\/wp-json\/wp\/v2\/product\/50286","targetHints":{"allow":["GET"]}}],"collection":[{"href":"https:\/\/gretasexylingerie.com\/da\/wp-json\/wp\/v2\/product"}],"about":[{"href":"https:\/\/gretasexylingerie.com\/da\/wp-json\/wp\/v2\/types\/product"}],"wp:featuredmedia":[{"embeddable":true,"href":"https:\/\/gretasexylingerie.com\/da\/wp-json\/wp\/v2\/media\/50282"}],"wp:attachment":[{"href":"https:\/\/gretasexylingerie.com\/da\/wp-json\/wp\/v2\/media?parent=50286"}],"wp:term":[{"taxonomy":"product_brand","embeddable":true,"href":"https:\/\/gretasexylingerie.com\/da\/wp-json\/wp\/v2\/product_brand?post=50286"},{"taxonomy":"product_cat","embeddable":true,"href":"https:\/\/gretasexylingerie.com\/da\/wp-json\/wp\/v2\/product_cat?post=50286"},{"taxonomy":"product_tag","embeddable":true,"href":"https:\/\/gretasexylingerie.com\/da\/wp-json\/wp\/v2\/product_tag?post=50286"}],"curies":[{"name":"wp","href":"https:\/\/api.w.org\/{rel}","templated":true}]}}