{"id":50266,"date":"2024-03-29T19:04:47","date_gmt":"2024-03-29T11:04:47","guid":{"rendered":"https:\/\/gretasexylingerie.com\/?post_type=product&#038;p=50266"},"modified":"2024-03-29T20:58:02","modified_gmt":"2024-03-29T12:58:02","slug":"engros-saucy-hvid-pvc-sygeplejerske-kostume","status":"publish","type":"product","link":"https:\/\/gretasexylingerie.com\/da\/products\/wholesale-saucy-white-pvc-nurse-costume\/","title":{"rendered":"Engros Saucy hvid PVC sygeplejerske kostume"},"content":{"rendered":"<p><strong>Moderne medicinsk muse<\/strong>: Det her <strong>l\u00e6kkert sygeplejerske-outfit<\/strong> omdefinerer den klassiske sygeplejerskeuniform med sin figurn\u00e6re PVC-nederdel og delikate blondebes\u00e6tninger. Den skarpe hvide suppleret med levende r\u00f8de accenter inviterer til et nyt blik og lover et uforglemmeligt indtryk.<\/p>\n\n\n\n<p><strong>Skinnende PVC-finish<\/strong>: Et n\u00f8gleelement i dette kostume er det sexede PVC-stof, der former kroppen som en anden hud. Dette blanke materiale tilf\u00f8jer ikke kun en moderne kant, men forbedrer ogs\u00e5 rollespilsoplevelsen med sin unikke tekstur og glans.<\/p>\n\n\n\n<p><strong>Dristende detaljering<\/strong>: Kostumets indviklede blondedetaljer og det dristige r\u00f8de b\u00e6lte omslutter taljen, understreger kurver og tilf\u00f8jer et lag af sofistikering. Parret med den traditionelle sygeplejerskehovedbekl\u00e6dning og et funktionelt stetoskop lover dette outfit at levere b\u00e5de stil og historie.<\/p>\n\n\n\n<p><strong>Uds\u00f8gt h\u00e5ndv\u00e6rk<\/strong>: Kvalitet er i h\u00f8js\u00e6det, med hver s\u00f8m omhyggeligt placeret for at sikre holdbarhed og pasform. Det \u00e5ndbare stof under PVC sikrer komfort uden at g\u00e5 p\u00e5 kompromis med kostumets forf\u00f8rende appel.<\/p>\n\n\n\n<p><strong>Klar til rollespil<\/strong>: Dette outfit fuldender looket med matchende sygeplejerskehovedbekl\u00e6dning og et stetoskop og er mere end bare en kjole; det er en gateway til fantasi. Tilf\u00f8jelsen af en stram nederdel og komplement\u00e6rt undert\u00f8j s\u00e6tter scenen for et f\u00e6ngslende scenarie.<\/p>\n\n\n\n<p><br>Administrer en dosis af allure med vores <strong>sexet PVC-sygeplejerske-outfit<\/strong>. Perfekt til dem, der \u00f8nsker at hengive sig til lidt legende forstillelser eller forhandlere, der sigter p\u00e5 at pifte deres samling op. Udnyt det store potentiale i dette ensemble med vores fleksible <a href=\"https:\/\/gretasexylingerie.com\/da\/engros-lingeri\/\">engros muligheder<\/a>, underst\u00f8ttet af et robust lager og effektiv global forsendelse. Lad Greta Sexy Lingerie hj\u00e6lpe dig med at pleje din virksomhed til succes - bestil nu og se din salgspuls blive hurtigere!<\/p>","protected":false},"excerpt":{"rendered":"<p>T\u00e6nd en fantasi med vores <strong>sexet hvid sygeplejerske kjole<\/strong>, et fristende twist p\u00e5 medicinsk charme. Dette ensembles slanke design giver et moderne bud p\u00e5 sygeplejerskens rollespil.<\/p>","protected":false},"featured_media":50265,"template":"","meta":[],"product_brand":[],"product_cat":[974],"product_tag":[989],"class_list":{"0":"post-50266","1":"product","2":"type-product","3":"status-publish","4":"has-post-thumbnail","6":"product_cat-wholesale-sexy-costumes","7":"product_tag-nurse-costume","8":"pa_color-white","9":"pa_size-free","11":"first","12":"instock","13":"taxable","14":"shipping-taxable","15":"purchasable","16":"product-type-variable"},"tiered_pricing_type":"fixed","tiered_pricing_fixed_rules":[],"tiered_pricing_product_settings":{"layout":"table","base_unit_name":{"singular":null,"plural":null},"default_variation":null},"tiered_pricing_minimum_quantity":null,"tiered_pricing_roles_data":[],"tiered_pricing_percentage_rules":[],"tiered_pricing_maximum_quantity":null,"tiered_pricing_quantity_step":null,"_links":{"self":[{"href":"https:\/\/gretasexylingerie.com\/da\/wp-json\/wp\/v2\/product\/50266","targetHints":{"allow":["GET"]}}],"collection":[{"href":"https:\/\/gretasexylingerie.com\/da\/wp-json\/wp\/v2\/product"}],"about":[{"href":"https:\/\/gretasexylingerie.com\/da\/wp-json\/wp\/v2\/types\/product"}],"wp:featuredmedia":[{"embeddable":true,"href":"https:\/\/gretasexylingerie.com\/da\/wp-json\/wp\/v2\/media\/50265"}],"wp:attachment":[{"href":"https:\/\/gretasexylingerie.com\/da\/wp-json\/wp\/v2\/media?parent=50266"}],"wp:term":[{"taxonomy":"product_brand","embeddable":true,"href":"https:\/\/gretasexylingerie.com\/da\/wp-json\/wp\/v2\/product_brand?post=50266"},{"taxonomy":"product_cat","embeddable":true,"href":"https:\/\/gretasexylingerie.com\/da\/wp-json\/wp\/v2\/product_cat?post=50266"},{"taxonomy":"product_tag","embeddable":true,"href":"https:\/\/gretasexylingerie.com\/da\/wp-json\/wp\/v2\/product_tag?post=50266"}],"curies":[{"name":"wp","href":"https:\/\/api.w.org\/{rel}","templated":true}]}}