{"id":50157,"date":"2024-03-25T13:29:24","date_gmt":"2024-03-25T05:29:24","guid":{"rendered":"https:\/\/gretasexylingerie.com\/?post_type=product&#038;p=50157"},"modified":"2024-03-25T23:34:51","modified_gmt":"2024-03-25T15:34:51","slug":"engros-bdsm-mundabner-med-kattemundprop","status":"publish","type":"product","link":"https:\/\/gretasexylingerie.com\/da\/products\/wholesale-bdsm-mouth-opener-with-cat-mouth-plug\/","title":{"rendered":"Engros BDSM Mund\u00e5bner med Cat Mouth Plug"},"content":{"rendered":"<p><strong>Unikt Cat Mouth Plug Design<\/strong>: Denne karakteristiske mundprop er inspireret af en kats mund og tilbyder en legende, men intens tilf\u00f8jelse til enhver BDSM-leg. Dens design tilf\u00f8jer ikke kun en visuel intrige, men sikrer ogs\u00e5 en mindev\u00e6rdig oplevelse for brugere, der leder efter en <strong>stor O-ring gag<\/strong>.<\/p>\n\n\n\n<p><strong>N\u00e6sekrog metalring<\/strong>: Inkluderingen af en n\u00e6sekrog med en metalring intensiverer oplevelsen og tilf\u00f8jer endnu et niveau af kontrol og dominans. Denne funktion er perfekt til dem, der v\u00e6rds\u00e6tter dybden af deres BDSM-spil og s\u00f8ger at udforske yderligere gr\u00e6nser.<\/p>\n\n\n\n<p><strong>Justerbar st\u00f8rrelse for komfort<\/strong>: Komforten beh\u00f8ver ikke at blive kompromitteret for intensiteten. Denne mund\u00e5bner er designet med justerbare funktioner for at sikre en t\u00e6tsiddende pasform, der passer til en bred vifte af st\u00f8rrelser og pr\u00e6ferencer. Denne justerbarhed g\u00f8r den til en <strong>boldgag af h\u00f8j kvalitet<\/strong> alternativ for dem, der prioriterer komfort og sikkerhed.<\/p>\n\n\n\n<p><strong>Holdbare og sikre materialer<\/strong>: Denne mund\u00e5bner er lavet af sikre, holdbare materialer og er bygget til at holde gennem adskillige sessioner. Dens h\u00f8jkvalitets konstruktion sikrer, at den kan v\u00e6re en go-to piece for b\u00e5de begyndere og garvede entusiaster.<\/p>\n\n\n\n<p><strong>Forbedret BDSM-oplevelse<\/strong>: Ideel til dem, der \u00f8nsker at tilf\u00f8je et ekstra lag af sp\u00e6nding til deres leg, denne mund\u00e5bner tilbyder en forbedret oplevelse. Det er et perfekt valg for alle, der s\u00f8ger at l\u00f8fte deres BDSM-aktiviteter med en <strong>bdsm mund\u00e5bner<\/strong> der kombinerer funktionalitet med unikke designelementer.<\/p>","protected":false},"excerpt":{"rendered":"<p>L\u00f8ft din samling med vores BDSM-mund\u00e5bner med en unik kattemundprop og metalring med n\u00e6sekrog, designet til justerbar st\u00f8rrelse og komfort.<\/p>","protected":false},"featured_media":50147,"template":"","meta":[],"product_brand":[],"product_cat":[1059,1064],"product_tag":[],"class_list":{"0":"post-50157","1":"product","2":"type-product","3":"status-publish","4":"has-post-thumbnail","6":"product_cat-wholesale-bondage-equipment","7":"product_cat-wholesale-gag-gifts","8":"pa_color-black","9":"pa_size-free","11":"first","12":"instock","13":"taxable","14":"shipping-taxable","15":"purchasable","16":"product-type-variable"},"tiered_pricing_type":"fixed","tiered_pricing_fixed_rules":[],"tiered_pricing_product_settings":{"layout":"table","base_unit_name":{"singular":null,"plural":null},"default_variation":null},"tiered_pricing_minimum_quantity":null,"tiered_pricing_roles_data":[],"tiered_pricing_percentage_rules":[],"tiered_pricing_maximum_quantity":null,"tiered_pricing_quantity_step":null,"_links":{"self":[{"href":"https:\/\/gretasexylingerie.com\/da\/wp-json\/wp\/v2\/product\/50157","targetHints":{"allow":["GET"]}}],"collection":[{"href":"https:\/\/gretasexylingerie.com\/da\/wp-json\/wp\/v2\/product"}],"about":[{"href":"https:\/\/gretasexylingerie.com\/da\/wp-json\/wp\/v2\/types\/product"}],"wp:featuredmedia":[{"embeddable":true,"href":"https:\/\/gretasexylingerie.com\/da\/wp-json\/wp\/v2\/media\/50147"}],"wp:attachment":[{"href":"https:\/\/gretasexylingerie.com\/da\/wp-json\/wp\/v2\/media?parent=50157"}],"wp:term":[{"taxonomy":"product_brand","embeddable":true,"href":"https:\/\/gretasexylingerie.com\/da\/wp-json\/wp\/v2\/product_brand?post=50157"},{"taxonomy":"product_cat","embeddable":true,"href":"https:\/\/gretasexylingerie.com\/da\/wp-json\/wp\/v2\/product_cat?post=50157"},{"taxonomy":"product_tag","embeddable":true,"href":"https:\/\/gretasexylingerie.com\/da\/wp-json\/wp\/v2\/product_tag?post=50157"}],"curies":[{"name":"wp","href":"https:\/\/api.w.org\/{rel}","templated":true}]}}