{"id":50135,"date":"2024-03-25T13:28:13","date_gmt":"2024-03-25T05:28:13","guid":{"rendered":"https:\/\/gretasexylingerie.com\/?post_type=product&#038;p=50135"},"modified":"2024-03-25T23:29:35","modified_gmt":"2024-03-25T15:29:35","slug":"engros-sort-laeder-bondage-kaede-krave","status":"publish","type":"product","link":"https:\/\/gretasexylingerie.com\/da\/products\/wholesale-black-leather-bondage-chain-collar\/","title":{"rendered":"Engros sort l\u00e6der Bondage Chain Collar til underdanige"},"content":{"rendered":"<p><strong>Love Neck Design<\/strong>: Udformet med fokus p\u00e5 b\u00e5de \u00e6stetik og funktion, legemligg\u00f8r vores krave essensen af underkastelse med et strejf af elegance. K\u00e6rlighedshalsdesignet betyder engagement og omsorg, hvilket g\u00f8r det til et meningsfuldt valg for dem i BDSM-f\u00e6llesskabet.<\/p>\n\n\n\n<p><strong>PU l\u00e6derkonstruktion<\/strong>: Lavet af h\u00f8jkvalitets PU-l\u00e6der, dette <strong>underdanig halsk\u00e6de<\/strong> tilbyder holdbarhed og komfort. Dens slanke sorte udseende giver et klassisk look, mens materialet sikrer lang levetid og nem vedligeholdelse.<\/p>\n\n\n\n<p><strong>K\u00e6detr\u00e6kfunktion<\/strong>: Inkluderingen af en k\u00e6detr\u00e6kkrave tilf\u00f8jer et praktisk element af kontrol, hvilket giver mulighed for guidede bev\u00e6gelser og forbedret dynamik under leg. Denne funktion er vigtig for dem, der \u00f8nsker at udforske str\u00f8mudveksling med tillid og sikkerhed.<\/p>\n\n\n\n<p><strong>Alsidig brug<\/strong>: Uanset om det bruges som et statement-stykke eller som en del af et mere omfattende bondage-setup, er denne krave alsidig nok til at opfylde forskellige behov. Den er velegnet til b\u00e5de begyndere og erfarne ud\u00f8vere og tilbyder en sikker pasform og p\u00e5lidelig ydeevne.<\/p>\n\n\n\n<p><strong>Justerbar for komfort<\/strong>: Designet til at passe til en r\u00e6kke halsst\u00f8rrelser, kraven er justerbar, hvilket sikrer en t\u00e6tsiddende og behagelig pasform. Denne justerbarhed er afg\u00f8rende for lange sessioner, hvilket giver brugeren en f\u00f8lelse af sikkerhed uden at g\u00e5 p\u00e5 kompromis med komforten.<\/p>\n\n\n\n<p><strong>Perfekt til temasamlinger<\/strong>: En fremragende tilf\u00f8jelse til enhver BDSM gear samling, dette <strong>bondage k\u00e6de krave<\/strong> appellerer til dem, der \u00f8nsker at udtrykke deres underdanige eller dominerende side med stil. Det er et must-have for detailhandlere, der henvender sig til de eventyrlystne og de fashionable.<\/p>","protected":false},"excerpt":{"rendered":"<p>L\u00f8ft din BDSM-samling med vores <strong>sort l\u00e6der bondage krave<\/strong>, med et k\u00e6rlighedshalsdesign og k\u00e6detr\u00e6k for ultimativ kontrol og underkastelse.<\/p>","protected":false},"featured_media":50130,"template":"","meta":[],"product_brand":[],"product_cat":[1059,1066],"product_tag":[],"class_list":{"0":"post-50135","1":"product","2":"type-product","3":"status-publish","4":"has-post-thumbnail","6":"product_cat-wholesale-bondage-equipment","7":"product_cat-handcuffs-bondage-collars-ankle-strap","8":"pa_color-black","9":"pa_size-free","11":"first","12":"instock","13":"taxable","14":"shipping-taxable","15":"purchasable","16":"product-type-variable"},"tiered_pricing_type":"fixed","tiered_pricing_fixed_rules":[],"tiered_pricing_product_settings":{"layout":"table","base_unit_name":{"singular":null,"plural":null},"default_variation":null},"tiered_pricing_minimum_quantity":null,"tiered_pricing_roles_data":[],"tiered_pricing_percentage_rules":[],"tiered_pricing_maximum_quantity":null,"tiered_pricing_quantity_step":null,"_links":{"self":[{"href":"https:\/\/gretasexylingerie.com\/da\/wp-json\/wp\/v2\/product\/50135","targetHints":{"allow":["GET"]}}],"collection":[{"href":"https:\/\/gretasexylingerie.com\/da\/wp-json\/wp\/v2\/product"}],"about":[{"href":"https:\/\/gretasexylingerie.com\/da\/wp-json\/wp\/v2\/types\/product"}],"wp:featuredmedia":[{"embeddable":true,"href":"https:\/\/gretasexylingerie.com\/da\/wp-json\/wp\/v2\/media\/50130"}],"wp:attachment":[{"href":"https:\/\/gretasexylingerie.com\/da\/wp-json\/wp\/v2\/media?parent=50135"}],"wp:term":[{"taxonomy":"product_brand","embeddable":true,"href":"https:\/\/gretasexylingerie.com\/da\/wp-json\/wp\/v2\/product_brand?post=50135"},{"taxonomy":"product_cat","embeddable":true,"href":"https:\/\/gretasexylingerie.com\/da\/wp-json\/wp\/v2\/product_cat?post=50135"},{"taxonomy":"product_tag","embeddable":true,"href":"https:\/\/gretasexylingerie.com\/da\/wp-json\/wp\/v2\/product_tag?post=50135"}],"curies":[{"name":"wp","href":"https:\/\/api.w.org\/{rel}","templated":true}]}}