{"id":50127,"date":"2024-03-25T13:27:46","date_gmt":"2024-03-25T05:27:46","guid":{"rendered":"https:\/\/gretasexylingerie.com\/?post_type=product&#038;p=50127"},"modified":"2024-03-25T23:25:47","modified_gmt":"2024-03-25T15:25:47","slug":"engros-blod-bold-gag-med-silikone-laeber-mundprop","status":"publish","type":"product","link":"https:\/\/gretasexylingerie.com\/da\/products\/wholesale-soft-ball-gag-with-silicone-lips-mouth-plug\/","title":{"rendered":"Engros Soft Ball Gag med silikone l\u00e6ber Mundprop"},"content":{"rendered":"<p><strong>Split Head Plug Design<\/strong>: Denne innovative egenskab ved mundproppen giver en forbedret oplevelse, hvilket giver mulighed for en sikker pasform, mens komforten bevares. Designet med delt hoved tilpasser sig brugerens mund, hvilket g\u00f8r det til et alsidigt valg til forskellige legescenarier.<\/p>\n\n\n\n<p><strong>Silikone mundstykke<\/strong>: Fremstillet af h\u00f8jkvalitets silikone, mundstykket er bl\u00f8dt, ikke-giftigt og kropssikkert. Dens komfortable pasform sikrer, at den kan b\u00e6res i l\u00e6ngere perioder uden at for\u00e5rsage ubehag, hvilket g\u00f8r den ideel til b\u00e5de begyndere og erfarne brugere.<\/p>\n\n\n\n<p><strong>Realistisk tandtekstur<\/strong>: Mundstykket er detaljeret med en realistisk tandtekstur, der tilf\u00f8jer et niveau af autenticitet og sp\u00e6nding til dit spil. Denne unikke funktion adskiller den fra andre <strong>bl\u00f8de boldgags<\/strong>, der tilbyder en fordybende oplevelse.<\/p>\n\n\n\n<p><strong>\u00c5ben Mund Ball Gag<\/strong>: Designet til at holde munden \u00e5ben og tilg\u00e6ngelig, denne gag er perfekt til dem, der \u00f8nsker at udforske stemmebegr\u00e6nsning og oral fiksering i deres leg. Det er et fast element til enhver BDSM-kollektion, der tilbyder b\u00e5de \u00e6stetisk appel og funktionalitet.<\/p>\n\n\n\n<p><strong>Holdbar og nem at reng\u00f8re<\/strong>: Silikonekonstruktionen sikrer ikke kun holdbarhed, men g\u00f8r ogs\u00e5 denne gag nem at reng\u00f8re og vedligeholde. Dens hygiejniske egenskaber er afg\u00f8rende for sikker og gentagen brug.<\/p>\n\n\n\n<p><strong>Alsidig brug<\/strong>: Uanset om du \u00f8nsker at forbedre dit BDSM-spil eller udforske nye fantasier, dette <strong>silikone l\u00e6ber gag<\/strong> er en alsidig tilf\u00f8jelse til enhver samling. Dens unikke design og komfortable pasform g\u00f8r den velegnet til en lang r\u00e6kke aktiviteter og pr\u00e6ferencer.<\/p>","protected":false},"excerpt":{"rendered":"<p>L\u00f8ft dit spil med vores <strong>\u00e5ben mund bold gag<\/strong>, med et unikt design med delt hovedprop og et silikonemundstykke med realistisk tandtekstur.<\/p>","protected":false},"featured_media":50126,"template":"","meta":[],"product_brand":[],"product_cat":[1059,1064],"product_tag":[],"class_list":{"0":"post-50127","1":"product","2":"type-product","3":"status-publish","4":"has-post-thumbnail","6":"product_cat-wholesale-bondage-equipment","7":"product_cat-wholesale-gag-gifts","8":"pa_color-black","9":"pa_color-red-women-sexy-lingerie","10":"pa_size-free","12":"first","13":"instock","14":"taxable","15":"shipping-taxable","16":"purchasable","17":"product-type-variable"},"tiered_pricing_type":"fixed","tiered_pricing_fixed_rules":[],"tiered_pricing_product_settings":{"layout":"table","base_unit_name":{"singular":null,"plural":null},"default_variation":null},"tiered_pricing_minimum_quantity":null,"tiered_pricing_roles_data":[],"tiered_pricing_percentage_rules":[],"tiered_pricing_maximum_quantity":null,"tiered_pricing_quantity_step":null,"_links":{"self":[{"href":"https:\/\/gretasexylingerie.com\/da\/wp-json\/wp\/v2\/product\/50127","targetHints":{"allow":["GET"]}}],"collection":[{"href":"https:\/\/gretasexylingerie.com\/da\/wp-json\/wp\/v2\/product"}],"about":[{"href":"https:\/\/gretasexylingerie.com\/da\/wp-json\/wp\/v2\/types\/product"}],"wp:featuredmedia":[{"embeddable":true,"href":"https:\/\/gretasexylingerie.com\/da\/wp-json\/wp\/v2\/media\/50126"}],"wp:attachment":[{"href":"https:\/\/gretasexylingerie.com\/da\/wp-json\/wp\/v2\/media?parent=50127"}],"wp:term":[{"taxonomy":"product_brand","embeddable":true,"href":"https:\/\/gretasexylingerie.com\/da\/wp-json\/wp\/v2\/product_brand?post=50127"},{"taxonomy":"product_cat","embeddable":true,"href":"https:\/\/gretasexylingerie.com\/da\/wp-json\/wp\/v2\/product_cat?post=50127"},{"taxonomy":"product_tag","embeddable":true,"href":"https:\/\/gretasexylingerie.com\/da\/wp-json\/wp\/v2\/product_tag?post=50127"}],"curies":[{"name":"wp","href":"https:\/\/api.w.org\/{rel}","templated":true}]}}