{"id":50113,"date":"2024-03-25T13:27:00","date_gmt":"2024-03-25T05:27:00","guid":{"rendered":"https:\/\/gretasexylingerie.com\/?post_type=product&#038;p=50113"},"modified":"2024-03-25T23:22:49","modified_gmt":"2024-03-25T15:22:49","slug":"engros-sexet-bondage-maske-med-laeder-dominatrix-haette","status":"publish","type":"product","link":"https:\/\/gretasexylingerie.com\/da\/products\/wholesale-sexy-bondage-mask-with-leather-dominatrix-hood\/","title":{"rendered":"Engros sexet bondage maske med l\u00e6der Dominatrix h\u00e6tte"},"content":{"rendered":"<p><strong>Sort l\u00e6der blindfold h\u00e6tte<\/strong>: Denne h\u00e6tte er lavet af premium sort l\u00e6der og tilbyder en fordybende sanseoplevelse. Dens slanke design \u00f8ger ikke kun sanserne, men tilf\u00f8jer ogs\u00e5 et strejf af elegance til din <strong>dominatrix maske i l\u00e6der<\/strong> kollektion.<\/p>\n\n\n\n<p><strong>Aftagelig \u00f8jenmaske<\/strong>: S\u00e6ttet inkluderer en aftagelig \u00f8jenmaske, der giver mulighed for tilpasselige niveauer af sensorisk kontrol. Denne alsidige funktion er perfekt til dem, der \u00f8nsker fleksibilitet i deres spil, hvilket g\u00f8r den til et fremragende valg for <strong>sexet bondage maske<\/strong> entusiaster.<\/p>\n\n\n\n<p><strong>Justerbar krave<\/strong>: Den justerbare krave sikrer en t\u00e6tsiddende og sikker pasform, hvilket forbedrer den samlede oplevelse. Den er dekoreret med nitter og tilf\u00f8jer en dristig s\u00e6tning til ensemblet og inkarnerer essensen af <strong>gasmaskebinding<\/strong> \u00e6stetik.<\/p>\n\n\n\n<p><strong>Nitte-dekoreret rund mundknebe<\/strong>: Den runde mundgag, prydet med nitter, tilbyder b\u00e5de \u00e6stetisk appel og funktionalitet. Den er designet til at holde brugerens mund \u00e5ben, hvilket tilf\u00f8jer et niveau af dominans og underkastelse til oplevelsen.<\/p>\n\n\n\n<p><strong>Holdbar og behagelig<\/strong>: Lavet med holdbarhed og komfort i tankerne, dette s\u00e6t er velegnet til l\u00e6ngerevarende brug under sessioner. L\u00e6dermaterialet af h\u00f8j kvalitet sikrer lang levetid og nem vedligeholdelse.<\/p>\n\n\n\n<p><strong>Perfekt til BDSM-entusiaster<\/strong>: Dette omfattende s\u00e6t er ideelt til BDSM-entusiaster, der \u00f8nsker at udforske dominans og underkastelse. Det er et must-have til enhver kollektion, der tilbyder en sofistikeret og intens oplevelse.<\/p>","protected":false},"excerpt":{"rendered":"<p>Omfavn vores m\u00f8rke tiltr\u00e6kningskraft <strong>sexet bondage maske<\/strong>, et omfattende s\u00e6t med en sort l\u00e6der h\u00e6tte med bind for \u00f8jnene, \u00f8jenmaske, krave og en nittedekoreret rund mundknebe.<\/p>","protected":false},"featured_media":50106,"template":"","meta":[],"product_brand":[],"product_cat":[1063,1059],"product_tag":[],"class_list":{"0":"post-50113","1":"product","2":"type-product","3":"status-publish","4":"has-post-thumbnail","6":"product_cat-wholesale-bdsm-mask-blindfold","7":"product_cat-wholesale-bondage-equipment","8":"pa_color-black","9":"pa_size-free","11":"first","12":"instock","13":"taxable","14":"shipping-taxable","15":"purchasable","16":"product-type-variable"},"tiered_pricing_type":"fixed","tiered_pricing_fixed_rules":[],"tiered_pricing_product_settings":{"layout":"table","base_unit_name":{"singular":null,"plural":null},"default_variation":null},"tiered_pricing_minimum_quantity":null,"tiered_pricing_roles_data":[],"tiered_pricing_percentage_rules":[],"tiered_pricing_maximum_quantity":null,"tiered_pricing_quantity_step":null,"_links":{"self":[{"href":"https:\/\/gretasexylingerie.com\/da\/wp-json\/wp\/v2\/product\/50113","targetHints":{"allow":["GET"]}}],"collection":[{"href":"https:\/\/gretasexylingerie.com\/da\/wp-json\/wp\/v2\/product"}],"about":[{"href":"https:\/\/gretasexylingerie.com\/da\/wp-json\/wp\/v2\/types\/product"}],"wp:featuredmedia":[{"embeddable":true,"href":"https:\/\/gretasexylingerie.com\/da\/wp-json\/wp\/v2\/media\/50106"}],"wp:attachment":[{"href":"https:\/\/gretasexylingerie.com\/da\/wp-json\/wp\/v2\/media?parent=50113"}],"wp:term":[{"taxonomy":"product_brand","embeddable":true,"href":"https:\/\/gretasexylingerie.com\/da\/wp-json\/wp\/v2\/product_brand?post=50113"},{"taxonomy":"product_cat","embeddable":true,"href":"https:\/\/gretasexylingerie.com\/da\/wp-json\/wp\/v2\/product_cat?post=50113"},{"taxonomy":"product_tag","embeddable":true,"href":"https:\/\/gretasexylingerie.com\/da\/wp-json\/wp\/v2\/product_tag?post=50113"}],"curies":[{"name":"wp","href":"https:\/\/api.w.org\/{rel}","templated":true}]}}