{"id":50075,"date":"2024-03-25T13:25:04","date_gmt":"2024-03-25T05:25:04","guid":{"rendered":"https:\/\/gretasexylingerie.com\/?post_type=product&#038;p=50075"},"modified":"2024-03-25T23:12:14","modified_gmt":"2024-03-25T15:12:14","slug":"engros-sm-laeder-pisk-flogger-legetoj","status":"publish","type":"product","link":"https:\/\/gretasexylingerie.com\/da\/products\/wholesale-sm-leather-whip-flogger-toy\/","title":{"rendered":"Engros SM l\u00e6der pisk Flogger leget\u00f8j"},"content":{"rendered":"<p><strong>Flettet h\u00e5ndtag for forbedret greb<\/strong>: Det omhyggeligt flettede h\u00e5ndtag tilf\u00f8jer ikke kun den \u00e6stetiske tiltr\u00e6kning af vores pisk, men giver ogs\u00e5 et forbedret greb for pr\u00e6cis kontrol. Dette designelement er afg\u00f8rende for dem, der s\u00f8ger <strong>bedste spanking leget\u00f8j<\/strong> der tilbyder b\u00e5de stil og funktionalitet.<\/p>\n\n\n\n<p><strong>Tassel Whip Design til dynamisk brug<\/strong>: Kvastepiskenden introducerer en dynamisk og alsidig brug, der giver mulighed for en r\u00e6kke fornemmelser fra bl\u00f8de k\u00e6rtegn til mere intense st\u00f8d. Denne funktion g\u00f8r det til et popul\u00e6rt valg blandt entusiaster, der leder efter <strong>flogger leget\u00f8j<\/strong> der kan im\u00f8dekomme forskellige pr\u00e6ferencer.<\/p>\n\n\n\n<p><strong>Premium PU-l\u00e6der for holdbarhed<\/strong>: Lavet af h\u00f8jkvalitets PU-l\u00e6der, denne pisk er designet til holdbarhed og lang levetid. Materialevalget sikrer, at pisken kan modst\u00e5 streng brug, samtidig med at den bevarer dens integritet og udseende, hvilket appellerer til dem, der leder efter p\u00e5lidelige <strong>spank l\u00e6der<\/strong> Produkter.<\/p>\n\n\n\n<p><strong>F\u00e5s i fed farver<\/strong>: Tilbydes i sl\u00e5ende sort, samt en dristig r\u00f8d og sort kombination, denne pisk henvender sig til forskellige smage og stilarter. Farvemulighederne tilf\u00f8jer et visuelt element til den sensoriske oplevelse, hvilket g\u00f8r hver session unikt mindev\u00e6rdig.<\/p>\n\n\n\n<p><strong>Perfekt til forskellig leg<\/strong>: Uanset om det er for begyndere, der udforsker nye oplevelser eller erfarne entusiaster, der tilf\u00f8jer deres samling, passer denne l\u00e6derpisk til en bred vifte af legescenarier. Dens alsidighed og kvalitet g\u00f8r den til et must-have i enhver samling af <strong>sm\u00e6k leget\u00f8j<\/strong>.<\/p>\n\n\n\n<p>Tr\u00e6d ind i en verden af sp\u00e6ndende fornemmelser med vores SM-l\u00e6derpisk. Dens kombination af stil, funktionalitet og kvalitetsh\u00e5ndv\u00e6rk g\u00f8r den til en fremtr\u00e6dende tilf\u00f8jelse til enhver kollektion. Bestil nu og giv dine kunder det ultimative v\u00e6rkt\u00f8j til udforskning og forn\u00f8jelse!<\/p>","protected":false},"excerpt":{"rendered":"<p>Slip sp\u00e6ndingen l\u00f8s med vores <strong>SM l\u00e6der pisk<\/strong>, med et flettet h\u00e5ndtag og kvastpisk-design, lavet af premium PU-l\u00e6der i fed sort og r\u00f8de og sorte muligheder.<\/p>","protected":false},"featured_media":50067,"template":"","meta":[],"product_brand":[],"product_cat":[1059,1067],"product_tag":[],"class_list":{"0":"post-50075","1":"product","2":"type-product","3":"status-publish","4":"has-post-thumbnail","6":"product_cat-wholesale-bondage-equipment","7":"product_cat-wholesale-spanking-whips-paddles","8":"pa_color-black","9":"pa_color-red-women-sexy-lingerie","10":"pa_size-free","12":"first","13":"instock","14":"taxable","15":"shipping-taxable","16":"purchasable","17":"product-type-variable"},"tiered_pricing_type":"fixed","tiered_pricing_fixed_rules":[],"tiered_pricing_product_settings":{"layout":"table","base_unit_name":{"singular":null,"plural":null},"default_variation":null},"tiered_pricing_minimum_quantity":null,"tiered_pricing_roles_data":[],"tiered_pricing_percentage_rules":[],"tiered_pricing_maximum_quantity":null,"tiered_pricing_quantity_step":null,"_links":{"self":[{"href":"https:\/\/gretasexylingerie.com\/da\/wp-json\/wp\/v2\/product\/50075","targetHints":{"allow":["GET"]}}],"collection":[{"href":"https:\/\/gretasexylingerie.com\/da\/wp-json\/wp\/v2\/product"}],"about":[{"href":"https:\/\/gretasexylingerie.com\/da\/wp-json\/wp\/v2\/types\/product"}],"wp:featuredmedia":[{"embeddable":true,"href":"https:\/\/gretasexylingerie.com\/da\/wp-json\/wp\/v2\/media\/50067"}],"wp:attachment":[{"href":"https:\/\/gretasexylingerie.com\/da\/wp-json\/wp\/v2\/media?parent=50075"}],"wp:term":[{"taxonomy":"product_brand","embeddable":true,"href":"https:\/\/gretasexylingerie.com\/da\/wp-json\/wp\/v2\/product_brand?post=50075"},{"taxonomy":"product_cat","embeddable":true,"href":"https:\/\/gretasexylingerie.com\/da\/wp-json\/wp\/v2\/product_cat?post=50075"},{"taxonomy":"product_tag","embeddable":true,"href":"https:\/\/gretasexylingerie.com\/da\/wp-json\/wp\/v2\/product_tag?post=50075"}],"curies":[{"name":"wp","href":"https:\/\/api.w.org\/{rel}","templated":true}]}}