{"id":50040,"date":"2024-03-25T13:23:13","date_gmt":"2024-03-25T05:23:13","guid":{"rendered":"https:\/\/gretasexylingerie.com\/?post_type=product&#038;p=50040"},"modified":"2024-03-25T22:57:10","modified_gmt":"2024-03-25T14:57:10","slug":"engros-laeder-bondage-krave-med-nippel-clips","status":"publish","type":"product","link":"https:\/\/gretasexylingerie.com\/da\/products\/wholesale-leather-bondage-collar-with-nipple-clips\/","title":{"rendered":"Engros l\u00e6der Bondage krave med brystvorte Clips"},"content":{"rendered":"<p><strong>One-Piece Design<\/strong>: Dette SM-krave- og nippelklemmes\u00e6t tilbyder et s\u00f8ml\u00f8st design i \u00e9t stykke, der sikrer en sammenh\u00e6ngende og kraftfuld \u00e6stetik. Integreringen af kraven med brystvorteklemmerne via en metalk\u00e6de giver en ubrudt linje af kontrol og sensation, hvilket g\u00f8r den til et perfekt valg for dem, der omfavner en <strong>kvindelig underdanig krave<\/strong> rolle.<\/p>\n\n\n\n<p><strong>PU materiale krave<\/strong>: Kraven er lavet af h\u00f8jkvalitets PU-materiale og tilbyder det luksuri\u00f8se udseende og f\u00f8lelse af l\u00e6der, samtidig med at den er holdbar og behagelig til l\u00e6ngerevarende brug. Dens 14,5 cm diameter sikrer en t\u00e6tsiddende pasform for de fleste, hvilket g\u00f8r den til et b\u00e5de praktisk og stilfuldt tilbeh\u00f8r til BDSM-spil.<\/p>\n\n\n\n<p><strong>Metalk\u00e6de nippelclips<\/strong>: Den 37 cm lange metalk\u00e6de forbindes til nippelclips, der giver justerbart tryk til en r\u00e6kke fornemmelser. Denne funktion henvender sig til entusiaster af <strong>t\u00f8jklemme brystvorte<\/strong> leg, hvilket giver b\u00e5de visuel appel og funktionel alsidighed.<\/p>\n\n\n\n<p><strong>Levende farvemuligheder<\/strong>: Med muligheder i sort, r\u00f8d og pink kan dette krave- og nippelklemmes\u00e6t matche personlige pr\u00e6ferencer eller spille scenarier, hvilket giver mulighed for personalisering i BDSM-oplevelser.<\/p>\n\n\n\n<p><strong>Perfekt til BDSM-samlinger<\/strong>: Ideelt til at tilf\u00f8je en kant til enhver BDSM-samling, dette s\u00e6t appellerer til b\u00e5de begyndere og erfarne ud\u00f8vere. Dens unikke design og funktionelle alsidighed g\u00f8r den til en i\u00f8jnefaldende tilf\u00f8jelse, der tilbyder brugerne en blanding af stil, kontrol og sensorisk udforskning.<\/p>\n\n\n\n<p>L\u00f8ft dit BDSM-udstyr med vores bondage-krave og nippel-s\u00e6t i l\u00e6der. Dens unikke design i \u00e9t stykke, kvalitetsmaterialer og funktionelle funktioner g\u00f8r den til et must-have for alle, der \u00f8nsker at forbedre deres underdanige eller dominerende spil. Bestil nu og byd dine kunder et tilbeh\u00f8r, der blander intens nydelse med sl\u00e5ende \u00e6stetik!<\/p>","protected":false},"excerpt":{"rendered":"<p>Introduktion til vores <strong>l\u00e6der bondage krave<\/strong> med integrerede metalk\u00e6de-nippelclips, et vovet design i \u00e9t stykke for den ultimative underdanige oplevelse. F\u00e5s i sort, r\u00f8d og pink, den kombinerer stil med intens forn\u00f8jelse.<\/p>","protected":false},"featured_media":50027,"template":"","meta":[],"product_brand":[],"product_cat":[1059,1066,1062],"product_tag":[],"class_list":{"0":"post-50040","1":"product","2":"type-product","3":"status-publish","4":"has-post-thumbnail","6":"product_cat-wholesale-bondage-equipment","7":"product_cat-handcuffs-bondage-collars-ankle-strap","8":"product_cat-wholesale-labia-nipple-clamps","9":"pa_color-black","10":"pa_color-pink-women-sexy-lingerie","11":"pa_color-red-women-sexy-lingerie","12":"pa_size-free","14":"first","15":"instock","16":"taxable","17":"shipping-taxable","18":"purchasable","19":"product-type-variable"},"tiered_pricing_type":"fixed","tiered_pricing_fixed_rules":[],"tiered_pricing_product_settings":{"layout":"table","base_unit_name":{"singular":null,"plural":null},"default_variation":null},"tiered_pricing_minimum_quantity":null,"tiered_pricing_roles_data":[],"tiered_pricing_percentage_rules":[],"tiered_pricing_maximum_quantity":null,"tiered_pricing_quantity_step":null,"_links":{"self":[{"href":"https:\/\/gretasexylingerie.com\/da\/wp-json\/wp\/v2\/product\/50040","targetHints":{"allow":["GET"]}}],"collection":[{"href":"https:\/\/gretasexylingerie.com\/da\/wp-json\/wp\/v2\/product"}],"about":[{"href":"https:\/\/gretasexylingerie.com\/da\/wp-json\/wp\/v2\/types\/product"}],"wp:featuredmedia":[{"embeddable":true,"href":"https:\/\/gretasexylingerie.com\/da\/wp-json\/wp\/v2\/media\/50027"}],"wp:attachment":[{"href":"https:\/\/gretasexylingerie.com\/da\/wp-json\/wp\/v2\/media?parent=50040"}],"wp:term":[{"taxonomy":"product_brand","embeddable":true,"href":"https:\/\/gretasexylingerie.com\/da\/wp-json\/wp\/v2\/product_brand?post=50040"},{"taxonomy":"product_cat","embeddable":true,"href":"https:\/\/gretasexylingerie.com\/da\/wp-json\/wp\/v2\/product_cat?post=50040"},{"taxonomy":"product_tag","embeddable":true,"href":"https:\/\/gretasexylingerie.com\/da\/wp-json\/wp\/v2\/product_tag?post=50040"}],"curies":[{"name":"wp","href":"https:\/\/api.w.org\/{rel}","templated":true}]}}