{"id":50022,"date":"2024-03-25T13:22:18","date_gmt":"2024-03-25T05:22:18","guid":{"rendered":"https:\/\/gretasexylingerie.com\/?post_type=product&#038;p=50022"},"modified":"2024-03-25T22:48:46","modified_gmt":"2024-03-25T14:48:46","slug":"engros-bondage-benstotter","status":"publish","type":"product","link":"https:\/\/gretasexylingerie.com\/da\/products\/wholesale-bondage-leg-restraints\/","title":{"rendered":"Engros Bondage Leg Restraints i diamantm\u00f8nster"},"content":{"rendered":"<p><strong>Diamant m\u00f8nster tekstur<\/strong>: Den karakteristiske diamantm\u00f8nstertekstur p\u00e5 disse SM-leggings tilf\u00f8jer ikke kun en \u00e6stetisk appel, men forbedrer ogs\u00e5 den sanselige oplevelse. Denne designdetalje g\u00f8r begr\u00e6nsningerne ikke bare funktionelle, men ogs\u00e5 visuelt sl\u00e5ende, hvilket appellerer til dem, der er interesserede i <strong>h\u00f8j til h\u00e5ndledsbinding<\/strong>.<\/p>\n\n\n\n<p><strong>Levende farvemuligheder<\/strong>: Disse leggings, der passer til forskellig smag, kommer i klassisk sort, fed r\u00f8d, bl\u00f8d pink og vild leopardprint. Hver farvemulighed tilbyder en anden stemning, fra slank og mystisk til legende og vovet.<\/p>\n\n\n\n<p><strong>Forl\u00e6nget l\u00e6ngde<\/strong>: Med en samlet l\u00e6ngde p\u00e5 230 cm giver disse fastsp\u00e6ndinger rigelig alsidighed i brug. De kan tilpasses til forskellige tr\u00e6ldomsscenarier, herunder <strong>nakke- og h\u00e5ndledsst\u00f8tter<\/strong>, der giver brugerne frihed til at udforske forskellige niveauer af tilbageholdenhed.<\/p>\n\n\n\n<p><strong>Materiale af h\u00f8j kvalitet<\/strong>: Materialet i disse leggings er lavet til holdbarhed og komfort og sikrer, at de kan modst\u00e5 belastningen ved leg, mens de bevarer en behagelig pasform. Denne kvalitet er afg\u00f8rende for dem, der s\u00f8ger p\u00e5lideligt og sikkert tr\u00e6lstilbeh\u00f8r.<\/p>\n\n\n\n<p><strong>Perfekt til temasamlinger<\/strong>: Disse leggings er ideelle til at tilf\u00f8je et unikt touch til enhver samling med SM eller bondage-tema, og de appellerer til b\u00e5de begyndere og erfarne entusiaster. Deres unikke design og funktionelle alsidighed g\u00f8r dem til en i\u00f8jnefaldende tilf\u00f8jelse.<\/p>\n\n\n\n<p>Introducer et strejf af elegance og alsidighed til dit SM-udstyr med vores diamantm\u00f8nstrede bondage-benst\u00f8tter. Deres unikke design, kombineret med et udvalg af i\u00f8jnefaldende farver og forl\u00e6nget l\u00e6ngde, g\u00f8r dem til et must-have for alle, der \u00f8nsker at forbedre deres bondage-spil. Bestil nu og giv dine kunder en blanding af stil, funktionalitet og komfort!<\/p>","protected":false},"excerpt":{"rendered":"<p>L\u00f8ft din samling med vores <strong>bondage benst\u00f8tter<\/strong>, med en unik diamantm\u00f8nsterstruktur. Tilg\u00e6ngelig i sort, r\u00f8d, pink og leopardprint, er disse 230 cm lange l\u00e6nker designet til alsidig SM-leg.<\/p>","protected":false},"featured_media":50013,"template":"","meta":[],"product_brand":[],"product_cat":[1059,1066],"product_tag":[],"class_list":{"0":"post-50022","1":"product","2":"type-product","3":"status-publish","4":"has-post-thumbnail","6":"product_cat-wholesale-bondage-equipment","7":"product_cat-handcuffs-bondage-collars-ankle-strap","8":"pa_color-black","9":"pa_color-leopard","10":"pa_color-pink-women-sexy-lingerie","11":"pa_color-red-women-sexy-lingerie","12":"pa_size-free","14":"first","15":"instock","16":"taxable","17":"shipping-taxable","18":"purchasable","19":"product-type-variable"},"tiered_pricing_type":"fixed","tiered_pricing_fixed_rules":[],"tiered_pricing_product_settings":{"layout":"table","base_unit_name":{"singular":null,"plural":null},"default_variation":null},"tiered_pricing_minimum_quantity":null,"tiered_pricing_roles_data":[],"tiered_pricing_percentage_rules":[],"tiered_pricing_maximum_quantity":null,"tiered_pricing_quantity_step":null,"_links":{"self":[{"href":"https:\/\/gretasexylingerie.com\/da\/wp-json\/wp\/v2\/product\/50022","targetHints":{"allow":["GET"]}}],"collection":[{"href":"https:\/\/gretasexylingerie.com\/da\/wp-json\/wp\/v2\/product"}],"about":[{"href":"https:\/\/gretasexylingerie.com\/da\/wp-json\/wp\/v2\/types\/product"}],"wp:featuredmedia":[{"embeddable":true,"href":"https:\/\/gretasexylingerie.com\/da\/wp-json\/wp\/v2\/media\/50013"}],"wp:attachment":[{"href":"https:\/\/gretasexylingerie.com\/da\/wp-json\/wp\/v2\/media?parent=50022"}],"wp:term":[{"taxonomy":"product_brand","embeddable":true,"href":"https:\/\/gretasexylingerie.com\/da\/wp-json\/wp\/v2\/product_brand?post=50022"},{"taxonomy":"product_cat","embeddable":true,"href":"https:\/\/gretasexylingerie.com\/da\/wp-json\/wp\/v2\/product_cat?post=50022"},{"taxonomy":"product_tag","embeddable":true,"href":"https:\/\/gretasexylingerie.com\/da\/wp-json\/wp\/v2\/product_tag?post=50022"}],"curies":[{"name":"wp","href":"https:\/\/api.w.org\/{rel}","templated":true}]}}