{"id":50008,"date":"2024-03-25T13:21:18","date_gmt":"2024-03-25T05:21:18","guid":{"rendered":"https:\/\/gretasexylingerie.com\/?post_type=product&#038;p=50008"},"modified":"2024-03-25T22:42:51","modified_gmt":"2024-03-25T14:42:51","slug":"engros-silikone-aben-mund-gag-knogle","status":"publish","type":"product","link":"https:\/\/gretasexylingerie.com\/da\/products\/wholesale-silicone-open-mouth-gag-bone\/","title":{"rendered":"Engros Silikone Open Mouth Gag Bone i flere farver"},"content":{"rendered":"<p><strong>Knogleform design<\/strong>: Denne karakteristiske knogleformede mundgag tilf\u00f8jer et finurligt, men dog modigt touch til SM-spil. Dets unikke design skiller sig ikke kun ud, men giver ogs\u00e5 en behagelig pasform, hvilket g\u00f8r den til en eftertragtet genstand for dem, der udforsker <strong>bondage gag<\/strong> muligheder.<\/p>\n\n\n\n<p><strong>Silikone materiale<\/strong>: Fremstillet af silikone af h\u00f8j kvalitet, denne mundknevle sikrer sikkerhed og komfort under brug. Materialet er bl\u00f8dt, ikke-giftigt og let at reng\u00f8re, hvilket appellerer til brugere, der prioriterer hygiejne og materialekvalitet i deres <strong>bold gag knogle<\/strong> valg.<\/p>\n\n\n\n<p><strong>Levende farvemuligheder<\/strong>: Med et udvalg af sort, r\u00f8d, pink og hvid kan denne mundgag matche forskellige pr\u00e6ferencer og stilarter. Hver farve tilf\u00f8jer sin egen karakter til gagen, fra klassisk og slank til legende og fed.<\/p>\n\n\n\n<p><strong>Optimal st\u00f8rrelse<\/strong>: Knoglel\u00e6ngden p\u00e5 cirka 12 cm og en samlet l\u00e6ngde p\u00e5 cirka 63 cm g\u00f8r denne gag velegnet til en bred vifte af brugere. Dens st\u00f8rrelse sikrer en behagelig, men sikker pasform, hvilket forbedrer den samlede oplevelse.<\/p>\n\n\n\n<p><strong>Perfekt til forskellig leg<\/strong>: Ideel til b\u00e5de begyndere og erfarne brugere, denne silikone mundgag er et alsidigt stykke, der passer til en r\u00e6kke forskellige scenarier, fra lethjertet sjov til mere intens bondage leg.<\/p>\n\n\n\n<p>Tilf\u00f8j et unikt og legende touch til dit SM-tilbeh\u00f8r med vores silikone-gag-knogle med \u00e5ben mund. Dens kombination af komfort, kvalitet og karakteristiske design g\u00f8r den til et must-have for dem, der \u00f8nsker at forbedre deres tr\u00e6ldomsoplevelser. Bestil nu og giv dine kunder en blanding af stil, sikkerhed og sp\u00e6nding!<\/p>","protected":false},"excerpt":{"rendered":"<p>Introducer et legende, men vovet element til din samling med vores <strong>silikone \u00e5ben mund gag<\/strong>, designet i en unik knogleform. Tilg\u00e6ngelig i sort, r\u00f8d, pink og hvid, det er en alsidig tilf\u00f8jelse til enhver bondage gear lineup.<\/p>","protected":false},"featured_media":49998,"template":"","meta":[],"product_brand":[],"product_cat":[1059,1064],"product_tag":[],"class_list":{"0":"post-50008","1":"product","2":"type-product","3":"status-publish","4":"has-post-thumbnail","6":"product_cat-wholesale-bondage-equipment","7":"product_cat-wholesale-gag-gifts","8":"pa_color-black","9":"pa_color-pink-women-sexy-lingerie","10":"pa_color-red-women-sexy-lingerie","11":"pa_color-white","12":"pa_size-free","14":"first","15":"instock","16":"taxable","17":"shipping-taxable","18":"purchasable","19":"product-type-variable"},"tiered_pricing_type":"fixed","tiered_pricing_fixed_rules":[],"tiered_pricing_product_settings":{"layout":"table","base_unit_name":{"singular":null,"plural":null},"default_variation":null},"tiered_pricing_minimum_quantity":null,"tiered_pricing_roles_data":[],"tiered_pricing_percentage_rules":[],"tiered_pricing_maximum_quantity":null,"tiered_pricing_quantity_step":null,"_links":{"self":[{"href":"https:\/\/gretasexylingerie.com\/da\/wp-json\/wp\/v2\/product\/50008","targetHints":{"allow":["GET"]}}],"collection":[{"href":"https:\/\/gretasexylingerie.com\/da\/wp-json\/wp\/v2\/product"}],"about":[{"href":"https:\/\/gretasexylingerie.com\/da\/wp-json\/wp\/v2\/types\/product"}],"wp:featuredmedia":[{"embeddable":true,"href":"https:\/\/gretasexylingerie.com\/da\/wp-json\/wp\/v2\/media\/49998"}],"wp:attachment":[{"href":"https:\/\/gretasexylingerie.com\/da\/wp-json\/wp\/v2\/media?parent=50008"}],"wp:term":[{"taxonomy":"product_brand","embeddable":true,"href":"https:\/\/gretasexylingerie.com\/da\/wp-json\/wp\/v2\/product_brand?post=50008"},{"taxonomy":"product_cat","embeddable":true,"href":"https:\/\/gretasexylingerie.com\/da\/wp-json\/wp\/v2\/product_cat?post=50008"},{"taxonomy":"product_tag","embeddable":true,"href":"https:\/\/gretasexylingerie.com\/da\/wp-json\/wp\/v2\/product_tag?post=50008"}],"curies":[{"name":"wp","href":"https:\/\/api.w.org\/{rel}","templated":true}]}}