{"id":49742,"date":"2024-02-28T18:13:39","date_gmt":"2024-02-28T10:13:39","guid":{"rendered":"https:\/\/gretasexylingerie.com\/?post_type=product&#038;p=49742"},"modified":"2024-03-01T23:57:41","modified_gmt":"2024-03-01T15:57:41","slug":"engros-laeder-bondage-kjole","status":"publish","type":"product","link":"https:\/\/gretasexylingerie.com\/da\/products\/wholesale-leather-bondage-dress\/","title":{"rendered":"Engros l\u00e6der Bondage kjole til kinky fest outfit"},"content":{"rendered":"<p><strong>Uds\u00f8gt l\u00e6derh\u00e5ndv\u00e6rk<\/strong>: Dette lingeris\u00e6t er lavet af premium l\u00e6der, der tilbyder b\u00e5de holdbarhed og en luksuri\u00f8s f\u00f8lelse. Materialets kvalitet sikrer, at hvert stykke ikke kun ser fantastisk ud, men ogs\u00e5 st\u00e5r op til intensiteten af dine mest passionerede m\u00f8der.<\/p>\n\n\n\n<p><strong>Design med frynsede nederdele<\/strong>: Den frynsede nederdel tilf\u00f8jer et dynamisk og taktil element til ensemblet, der bev\u00e6ger sig med dig for at skabe et i\u00f8jnefaldende display. Denne detalje er perfekt til dem, der \u00f8nsker at tilf\u00f8je et strejf af drama og sensualitet til deres <strong>dominatrix-outfits i l\u00e6der<\/strong>.<\/p>\n\n\n\n<p><strong>Elsker Bondage BH<\/strong>: Midtpunktet i dette s\u00e6t, love bondage bh&#039;en, indkapsler essensen af kontrol og lyst. Dens design er b\u00e5de provokerende og styrkende, hvilket g\u00f8r den til en n\u00f8glebrik for alle, der \u00f8nsker at f\u00e5 opm\u00e6rksomhed p\u00e5 en <strong>kinky festt\u00f8j<\/strong>.<\/p>\n\n\n\n<p><strong>Levende farvevalg<\/strong>: V\u00e6lg mellem den klassiske charme af sort eller den br\u00e6ndende passion for r\u00f8d. Hver farve s\u00e6tter en anden stemning og giver mulighed for personligt udtryk i din dominatrix eller bondage-p\u00e5kl\u00e6dning.<\/p>\n\n\n\n<p><strong>Perfekt til temabegivenheder<\/strong>: Uanset om det er til en privat sammenkomst eller en offentlig kinky fest, sikrer denne bondagekjole i l\u00e6der, at du vil v\u00e6re i centrum for opm\u00e6rksomheden. Den er designet til dem, der t\u00f8r skille sig ud og omfavne deres magt.<\/p>\n\n\n\n<p><strong>Alsidig og justerbar<\/strong>: Designet til at passe til en r\u00e6kke kropstyper, dette s\u00e6t er lige s\u00e5 alsidigt som det er fantastisk. De justerbare funktioner sikrer komfort uden at ofre den dristige \u00e6stetik, der definerer ensemblet.<\/p>\n\n\n\n<p>Omfavn din dominerende side med vores bondage-lingeris\u00e6t i l\u00e6der. Det er mere end bare t\u00f8j; det er en rustning af selvtillid og tiltr\u00e6kning. Bestil nu og giv et statement ved din n\u00e6ste begivenhed med et outfit, der er lige s\u00e5 uforglemmeligt som<\/p>","protected":false},"excerpt":{"rendered":"<p>Tr\u00e6d til magten med vores <strong>l\u00e6der bondage kjole<\/strong>, med en nederdel med frynser og love bondage bh. F\u00e5s i fed sort og passioneret r\u00f8d, dette s\u00e6t er det ultimative statement for ethvert dominatrix-ensemble.<\/p>","protected":false},"featured_media":49739,"template":"","meta":[],"product_brand":[],"product_cat":[1059,1060],"product_tag":[],"class_list":{"0":"post-49742","1":"product","2":"type-product","3":"status-publish","4":"has-post-thumbnail","6":"product_cat-wholesale-bondage-equipment","7":"product_cat-wholesale-bondage-lingerie","8":"pa_color-black","9":"pa_color-red-women-sexy-lingerie","11":"first","12":"instock","13":"taxable","14":"shipping-taxable","15":"purchasable","16":"product-type-variable"},"tiered_pricing_type":"fixed","tiered_pricing_fixed_rules":[],"tiered_pricing_product_settings":{"layout":"table","base_unit_name":{"singular":null,"plural":null},"default_variation":null},"tiered_pricing_minimum_quantity":null,"tiered_pricing_roles_data":[],"tiered_pricing_percentage_rules":[],"tiered_pricing_maximum_quantity":null,"tiered_pricing_quantity_step":null,"_links":{"self":[{"href":"https:\/\/gretasexylingerie.com\/da\/wp-json\/wp\/v2\/product\/49742","targetHints":{"allow":["GET"]}}],"collection":[{"href":"https:\/\/gretasexylingerie.com\/da\/wp-json\/wp\/v2\/product"}],"about":[{"href":"https:\/\/gretasexylingerie.com\/da\/wp-json\/wp\/v2\/types\/product"}],"wp:featuredmedia":[{"embeddable":true,"href":"https:\/\/gretasexylingerie.com\/da\/wp-json\/wp\/v2\/media\/49739"}],"wp:attachment":[{"href":"https:\/\/gretasexylingerie.com\/da\/wp-json\/wp\/v2\/media?parent=49742"}],"wp:term":[{"taxonomy":"product_brand","embeddable":true,"href":"https:\/\/gretasexylingerie.com\/da\/wp-json\/wp\/v2\/product_brand?post=49742"},{"taxonomy":"product_cat","embeddable":true,"href":"https:\/\/gretasexylingerie.com\/da\/wp-json\/wp\/v2\/product_cat?post=49742"},{"taxonomy":"product_tag","embeddable":true,"href":"https:\/\/gretasexylingerie.com\/da\/wp-json\/wp\/v2\/product_tag?post=49742"}],"curies":[{"name":"wp","href":"https:\/\/api.w.org\/{rel}","templated":true}]}}