{"id":49734,"date":"2024-02-28T18:13:13","date_gmt":"2024-02-28T10:13:13","guid":{"rendered":"https:\/\/gretasexylingerie.com\/?post_type=product&#038;p=49734"},"modified":"2024-03-01T23:50:39","modified_gmt":"2024-03-01T15:50:39","slug":"engros-bondage-bh-selesaet","status":"publish","type":"product","link":"https:\/\/gretasexylingerie.com\/da\/products\/wholesale-bondage-bra-harness-set\/","title":{"rendered":"Engros Bondage BH-seles\u00e6t med edderkoppespind"},"content":{"rendered":"<p><strong>Edgy Spider Web udsk\u00e6ringer<\/strong>: Dette bondage-lingeris\u00e6t i l\u00e6der tager lokket til n\u00e6ste niveau med sine spindelv\u00e6vsudsk\u00e6ringer, der tilbyder et visuelt fantastisk design, der er b\u00e5de provokerende og kunstnerisk. Perfekt til dem, der s\u00f8ger <strong>bondage inspireret t\u00f8j<\/strong> der udtaler sig.<\/p>\n\n\n\n<p><strong>Provokerende skridtdesign<\/strong>: Udformet til dem, der t\u00f8r udforske, tilf\u00f8jer det vovede skridtdesign et element af overraskelse og sp\u00e6nding, hvilket g\u00f8r det til et fremtr\u00e6dende stykke i enhver <strong>billigt tr\u00e6ldomsslid<\/strong> kollektion. Den er designet til at friste og intrigere, og skubbe gr\u00e6nserne for traditionelt lingeri.<\/p>\n\n\n\n<p><strong>Luksuri\u00f8st l\u00e6derh\u00e5ndv\u00e6rk<\/strong>: Lavet af l\u00e6der af h\u00f8j kvalitet, dette s\u00e6t kombinerer sp\u00e6ndingen ved bondage-\u00e6stetik med luksusen fra fine materialer. L\u00e6derets tekstur og holdbarhed sikrer, at dette s\u00e6t ikke kun er visuelt tiltalende, men ogs\u00e5 en forn\u00f8jelse at have p\u00e5.<\/p>\n\n\n\n<p><strong>Levende farvevalg<\/strong>: F\u00e5s i b\u00e5de klassisk sort og fed r\u00f8d, dette s\u00e6t giver mulighed for personligt udtryk og alsidighed. Uanset om du er tiltrukket af den tidl\u00f8se elegance af sort eller den passionerede tiltr\u00e6kning af r\u00f8d, henvender dette s\u00e6t sig til enhver stemning og fantasi.<\/p>\n\n\n\n<p><strong>Tilg\u00e6ngelig Bondage Fashion<\/strong>: Dette lingeris\u00e6t er en fejring af bondage-moden, hvilket g\u00f8r det tilg\u00e6ngeligt og overkommeligt. Den er perfekt til dem, der \u00f8nsker at eksperimentere med deres stil eller tilf\u00f8je en fed kant til deres lingerikollektion uden at spr\u00e6nge banken.<\/p>\n\n\n\n<p>Dyk ned i bondage-modens verden med vores bondage-lingeris\u00e6t i l\u00e6der. Dens unikke design og overkommelige luksus g\u00f8r den til et must-have for alle, der \u00f8nsker at udforske deres gr\u00e6nser med selvtillid og stil. Bestil nu og bring en kant af sp\u00e6nding og tiltr\u00e6kning til din samling!<\/p>","protected":false},"excerpt":{"rendered":"<p>Slip vovede \u00f8nsker l\u00f8s med vores <strong>bondage bh sele<\/strong> s\u00e6t med dristige spindelv\u00e6vsudsk\u00e6ringer og et provokerende skridtdesign i sl\u00e5ende sort og r\u00f8d.<\/p>","protected":false},"featured_media":49730,"template":"","meta":[],"product_brand":[],"product_cat":[1059,1060],"product_tag":[],"class_list":{"0":"post-49734","1":"product","2":"type-product","3":"status-publish","4":"has-post-thumbnail","6":"product_cat-wholesale-bondage-equipment","7":"product_cat-wholesale-bondage-lingerie","8":"pa_color-black","9":"pa_color-red-women-sexy-lingerie","11":"first","12":"instock","13":"taxable","14":"shipping-taxable","15":"purchasable","16":"product-type-variable"},"tiered_pricing_type":"fixed","tiered_pricing_fixed_rules":[],"tiered_pricing_product_settings":{"layout":"table","base_unit_name":{"singular":null,"plural":null},"default_variation":null},"tiered_pricing_minimum_quantity":null,"tiered_pricing_roles_data":[],"tiered_pricing_percentage_rules":[],"tiered_pricing_maximum_quantity":null,"tiered_pricing_quantity_step":null,"_links":{"self":[{"href":"https:\/\/gretasexylingerie.com\/da\/wp-json\/wp\/v2\/product\/49734","targetHints":{"allow":["GET"]}}],"collection":[{"href":"https:\/\/gretasexylingerie.com\/da\/wp-json\/wp\/v2\/product"}],"about":[{"href":"https:\/\/gretasexylingerie.com\/da\/wp-json\/wp\/v2\/types\/product"}],"wp:featuredmedia":[{"embeddable":true,"href":"https:\/\/gretasexylingerie.com\/da\/wp-json\/wp\/v2\/media\/49730"}],"wp:attachment":[{"href":"https:\/\/gretasexylingerie.com\/da\/wp-json\/wp\/v2\/media?parent=49734"}],"wp:term":[{"taxonomy":"product_brand","embeddable":true,"href":"https:\/\/gretasexylingerie.com\/da\/wp-json\/wp\/v2\/product_brand?post=49734"},{"taxonomy":"product_cat","embeddable":true,"href":"https:\/\/gretasexylingerie.com\/da\/wp-json\/wp\/v2\/product_cat?post=49734"},{"taxonomy":"product_tag","embeddable":true,"href":"https:\/\/gretasexylingerie.com\/da\/wp-json\/wp\/v2\/product_tag?post=49734"}],"curies":[{"name":"wp","href":"https:\/\/api.w.org\/{rel}","templated":true}]}}