{"id":49715,"date":"2024-02-28T18:11:58","date_gmt":"2024-02-28T10:11:58","guid":{"rendered":"https:\/\/gretasexylingerie.com\/?post_type=product&#038;p=49715"},"modified":"2024-03-01T23:35:16","modified_gmt":"2024-03-01T15:35:16","slug":"engros-laeder-bondage-sexet-outfit","status":"publish","type":"product","link":"https:\/\/gretasexylingerie.com\/da\/products\/wholesale-leather-bondage-sexy-outfit\/","title":{"rendered":"Engros l\u00e6der Bondage sexet outfit i k\u00e6de stil"},"content":{"rendered":"<p><strong>Daring Chain Style<\/strong>: Dette unikke bondage-lingeri i l\u00e6der tager sensualitet til nye h\u00f8jder med dets indviklede k\u00e6dedetaljer. Perfekt til dem, der s\u00f8ger at udtrykke deres stil med selvtillid, den legemligg\u00f8r essensen af <strong>sexet dominatrix t\u00f8j<\/strong>, der tilbyder en uforglemmelig visuel indvirkning.<\/p>\n\n\n\n<p><strong>Provokerende skridtdesign<\/strong>: Udformet til eventyr, det vovede skridtdesign inviterer til intriger og udforskning, hvilket g\u00f8r dette outfit til et fremragende valg for alle, der \u00f8nsker at tilf\u00f8je en kant til deres intime garderobe. Det er et modigt udsagn inden for <strong>kinky sexet t\u00f8j<\/strong>, designet til at friste og drille.<\/p>\n\n\n\n<p><strong>Luksuri\u00f8st l\u00e6derh\u00e5ndv\u00e6rk<\/strong>: Lavet af h\u00f8jkvalitets l\u00e6der, dette outfit ser ikke kun fantastisk ud, men f\u00f8les utroligt mod huden. Materialets holdbarhed og komfort sikrer, at det ikke kun er et visuelt tiltalende stykke, men ogs\u00e5 praktisk til forskellige lejligheder.<\/p>\n\n\n\n<p><strong>Levende farvevalg<\/strong>: F\u00e5s i b\u00e5de klassisk sort og flammende r\u00f8d, dette outfit giver dig mulighed for at v\u00e6lge den nuance, der passer bedst til dit hum\u00f8r og omgivelser. Uanset om du er tiltrukket af sortens tidl\u00f8se elegance eller r\u00f8dts passionerede tiltr\u00e6kning, s\u00e5 opfylder dette sexede outfit dine \u00f8nsker.<\/p>\n\n\n\n<p><strong>Alsidig appel<\/strong>: Ideel til dem, der \u00f8nsker at udforske gr\u00e6nserne for deres stil, dette outfit er perfekt til temafester, private m\u00f8der eller som et modigt fashion statement. Dens alsidighed g\u00f8r den til et must-have supplement til enhver kollektion, der hylder sk\u00f8nheden ved bondage-inspireret mode.<\/p>\n\n\n\n<p>Tr\u00e6d ind i en verden, hvor mode m\u00f8der fantasi med vores bondage-lingeri i l\u00e6der. Det er mere end bare t\u00f8j; det er en erkl\u00e6ring om styrke, selvtillid og uundskyldende sensualitet. Bestil nu og omfavn kraften i din tiltr\u00e6kning med et outfit, der er lige s\u00e5 modigt, som du er!<\/p>","protected":false},"excerpt":{"rendered":"<p>Slip lokket l\u00f8s med vores <strong>bondage sexet outfit<\/strong>, et vovet l\u00e6derlingeri med en fed k\u00e6destil og provokerende skridtdesign, tilg\u00e6ngelig i sort og r\u00f8d.<\/p>","protected":false},"featured_media":49711,"template":"","meta":[],"product_brand":[],"product_cat":[1059,1060],"product_tag":[],"class_list":{"0":"post-49715","1":"product","2":"type-product","3":"status-publish","4":"has-post-thumbnail","6":"product_cat-wholesale-bondage-equipment","7":"product_cat-wholesale-bondage-lingerie","8":"pa_color-black","9":"pa_color-red-women-sexy-lingerie","11":"first","12":"instock","13":"taxable","14":"shipping-taxable","15":"purchasable","16":"product-type-variable"},"tiered_pricing_type":"fixed","tiered_pricing_fixed_rules":[],"tiered_pricing_product_settings":{"layout":"table","base_unit_name":{"singular":null,"plural":null},"default_variation":null},"tiered_pricing_minimum_quantity":null,"tiered_pricing_roles_data":[],"tiered_pricing_percentage_rules":[],"tiered_pricing_maximum_quantity":null,"tiered_pricing_quantity_step":null,"_links":{"self":[{"href":"https:\/\/gretasexylingerie.com\/da\/wp-json\/wp\/v2\/product\/49715","targetHints":{"allow":["GET"]}}],"collection":[{"href":"https:\/\/gretasexylingerie.com\/da\/wp-json\/wp\/v2\/product"}],"about":[{"href":"https:\/\/gretasexylingerie.com\/da\/wp-json\/wp\/v2\/types\/product"}],"wp:featuredmedia":[{"embeddable":true,"href":"https:\/\/gretasexylingerie.com\/da\/wp-json\/wp\/v2\/media\/49711"}],"wp:attachment":[{"href":"https:\/\/gretasexylingerie.com\/da\/wp-json\/wp\/v2\/media?parent=49715"}],"wp:term":[{"taxonomy":"product_brand","embeddable":true,"href":"https:\/\/gretasexylingerie.com\/da\/wp-json\/wp\/v2\/product_brand?post=49715"},{"taxonomy":"product_cat","embeddable":true,"href":"https:\/\/gretasexylingerie.com\/da\/wp-json\/wp\/v2\/product_cat?post=49715"},{"taxonomy":"product_tag","embeddable":true,"href":"https:\/\/gretasexylingerie.com\/da\/wp-json\/wp\/v2\/product_tag?post=49715"}],"curies":[{"name":"wp","href":"https:\/\/api.w.org\/{rel}","templated":true}]}}