{"id":49707,"date":"2024-02-28T18:11:28","date_gmt":"2024-02-28T10:11:28","guid":{"rendered":"https:\/\/gretasexylingerie.com\/?post_type=product&#038;p=49707"},"modified":"2024-03-01T23:26:34","modified_gmt":"2024-03-01T15:26:34","slug":"engros-sexet-bondage-undertoj-saet","status":"publish","type":"product","link":"https:\/\/gretasexylingerie.com\/da\/products\/wholesale-sexy-bondage-underwear-set\/","title":{"rendered":"Engros Sexet Bondage Undert\u00f8j S\u00e6t med Metal lynl\u00e5s"},"content":{"rendered":"<p><strong>Metal lynl\u00e5s \u00e5bninger<\/strong>: L\u00f8ft sp\u00e6ndingen med strategisk placerede metallynl\u00e5se ved brystet og skridtet, der tilbyder en blanding af tiltr\u00e6kning og tilg\u00e6ngelighed. Dette designelement tilf\u00f8jer ikke kun en visuel kant, men inviterer ogs\u00e5 til legende udforskning, hvilket g\u00f8r det til en fremtr\u00e6dende funktion <strong>bondage gear l\u00e6der<\/strong> samlinger.<\/p>\n\n\n\n<p><strong>Justerbar for perfekt pasform<\/strong>: Omfavn komfort uden at ofre stil. Det justerbare design sikrer en t\u00e6tsiddende, flatterende pasform til en r\u00e6kke forskellige kropstyper, hvilket giver brugerne mulighed for at f\u00f8le sig selvsikre og i kontrol, et n\u00f8gleaspekt af <strong>kvindelig dominatrix t\u00f8j<\/strong>.<\/p>\n\n\n\n<p><strong>Valg af dristige farver<\/strong>: F\u00e5s i de klassiske forf\u00f8relsesfarver sort og r\u00f8d, dette s\u00e6t taler meget uden at sige et ord. Uanset om du er tiltrukket af sortens mystiske tiltr\u00e6kning eller r\u00f8dens passionerede livlighed, er dette lingeris\u00e6t designet til at matche dit hum\u00f8r og dine \u00f8nsker.<\/p>\n\n\n\n<p><strong>Kvalitets l\u00e6derkonstruktion<\/strong>: Lavet af premium l\u00e6der, dette s\u00e6t er lige s\u00e5 holdbart som det er luksuri\u00f8st. Materialets tekstur og kvalitet forbedrer den sanselige oplevelse og lover ikke bare en visuel fest, men ogs\u00e5 en taktil forn\u00f8jelse.<\/p>\n\n\n\n<p><strong>Alsidig brug<\/strong>: Perfekt til de specielle n\u00e6tter i eller som et modigt statement under aftent\u00f8j, dette lingeris\u00e6t overskrider det s\u00e6dvanlige. Den er velegnet til en r\u00e6kke scenarier, fra private m\u00f8der til temafester, hvilket g\u00f8r den til en alsidig tilf\u00f8jelse til enhver eventyrlig garderobe.<\/p>\n\n\n\n<p><strong>Empowerment i hver tr\u00e5d<\/strong>: Dette lingeris\u00e6t er mere end bare t\u00f8j; det er et empowerment-v\u00e6rkt\u00f8j. Designet til den moderne dominatrix eller enhver, der \u00f8nsker at udforske deres magtdynamik, er det en fejring af styrke, selvtillid og sensualitet.<\/p>\n\n\n\n<p>Tr\u00e6d ind i en verden, hvor fantasi og virkelighed sl\u00f8res med vores sexede bondage-undert\u00f8jss\u00e6t. Tilbyder b\u00e5de \u00e6stetisk appel og funktionelt design, det er en fed invitation til at udforske dine \u00f8nsker. Bestil nu og omfavn forf\u00f8relsens kraft med uovertruffen stil og komfort!<\/p>","protected":false},"excerpt":{"rendered":"<p>Slip dristige \u00f8nsker l\u00f8s med vores <strong>sexet bondage undert\u00f8j<\/strong> s\u00e6t med dristige metallynl\u00e5s\u00e5bninger p\u00e5 brystet og i skridtet. Dette justerbare design f\u00e5s i sort og r\u00f8d, og inkarnerer essensen af kraft og forf\u00f8relse.<\/p>","protected":false},"featured_media":49704,"template":"","meta":[],"product_brand":[],"product_cat":[1059,1060],"product_tag":[],"class_list":{"0":"post-49707","1":"product","2":"type-product","3":"status-publish","4":"has-post-thumbnail","6":"product_cat-wholesale-bondage-equipment","7":"product_cat-wholesale-bondage-lingerie","8":"pa_color-black","9":"pa_color-red-women-sexy-lingerie","11":"first","12":"instock","13":"taxable","14":"shipping-taxable","15":"purchasable","16":"product-type-variable"},"tiered_pricing_type":"fixed","tiered_pricing_fixed_rules":[],"tiered_pricing_product_settings":{"layout":"table","base_unit_name":{"singular":null,"plural":null},"default_variation":null},"tiered_pricing_minimum_quantity":null,"tiered_pricing_roles_data":[],"tiered_pricing_percentage_rules":[],"tiered_pricing_maximum_quantity":null,"tiered_pricing_quantity_step":null,"_links":{"self":[{"href":"https:\/\/gretasexylingerie.com\/da\/wp-json\/wp\/v2\/product\/49707","targetHints":{"allow":["GET"]}}],"collection":[{"href":"https:\/\/gretasexylingerie.com\/da\/wp-json\/wp\/v2\/product"}],"about":[{"href":"https:\/\/gretasexylingerie.com\/da\/wp-json\/wp\/v2\/types\/product"}],"wp:featuredmedia":[{"embeddable":true,"href":"https:\/\/gretasexylingerie.com\/da\/wp-json\/wp\/v2\/media\/49704"}],"wp:attachment":[{"href":"https:\/\/gretasexylingerie.com\/da\/wp-json\/wp\/v2\/media?parent=49707"}],"wp:term":[{"taxonomy":"product_brand","embeddable":true,"href":"https:\/\/gretasexylingerie.com\/da\/wp-json\/wp\/v2\/product_brand?post=49707"},{"taxonomy":"product_cat","embeddable":true,"href":"https:\/\/gretasexylingerie.com\/da\/wp-json\/wp\/v2\/product_cat?post=49707"},{"taxonomy":"product_tag","embeddable":true,"href":"https:\/\/gretasexylingerie.com\/da\/wp-json\/wp\/v2\/product_tag?post=49707"}],"curies":[{"name":"wp","href":"https:\/\/api.w.org\/{rel}","templated":true}]}}