{"id":49605,"date":"2024-02-28T18:03:50","date_gmt":"2024-02-28T10:03:50","guid":{"rendered":"https:\/\/gretasexylingerie.com\/?post_type=product&#038;p=49605"},"modified":"2024-03-01T20:42:24","modified_gmt":"2024-03-01T12:42:24","slug":"engros-solid-farve-bondage-gear","status":"publish","type":"product","link":"https:\/\/gretasexylingerie.com\/da\/products\/wholesale-solid-color-bondage-gear\/","title":{"rendered":"Engros Solid Color Bondage Gear med buedekoration"},"content":{"rendered":"<p><strong>Charmerende sl\u00f8jfedekorationer<\/strong>: Hvert stykke i dette s\u00e6t er forbedret med en delikat sl\u00f8jfedekoration, der tilf\u00f8jer et strejf af finurlighed og elegance til den traditionelle bondage-\u00e6stetik. Denne unikke egenskab g\u00f8r vores <strong>bondage leges\u00e6t<\/strong> ikke kun et v\u00e6rkt\u00f8j til udforskning, men ogs\u00e5 et udtryk for stil.<\/p>\n\n\n\n<p><strong>Levende solide farver<\/strong>: V\u00e6lg mellem lilla, sort eller hvid for at matche dit hum\u00f8r eller indretning. Disse solide farver tilbyder et slankt, moderne look, der er b\u00e5de sl\u00e5ende og alsidigt, hvilket g\u00f8r hver session ikke bare til en udforskning af gr\u00e6nser, men ogs\u00e5 en visuel forn\u00f8jelse.<\/p>\n\n\n\n<p><strong>Omfattende s\u00e6t til begyndere og entusiaster<\/strong>: Uanset om du er ny i tr\u00e6ldomsverdenen eller \u00f8nsker at udvide din samling, giver dette s\u00e6t alt det n\u00f8dvendige for et fuldt spektrum af leg. Det er et ideelt valg for dem, der s\u00f8ger <strong>bondage gear og tilbeh\u00f8r<\/strong> der tilbyder variation og potentiale for adskillige scenarier.<\/p>\n\n\n\n<p><strong>Overkommelig kvalitet<\/strong>: Dette s\u00e6t er lavet af materialer af h\u00f8j kvalitet og beviser, at du ikke beh\u00f8ver at g\u00e5 p\u00e5 kompromis med kvaliteten til prisen. Den holdbare konstruktion sikrer lang levetid og sikkerhed, hvilket g\u00f8r det til en smart investering for dem, der udforsker deres gr\u00e6nser uden at bryde banken.<\/p>\n\n\n\n<p><strong>Funktionelt og \u00e6stetisk design<\/strong>: Ud over dets visuelle tiltr\u00e6kningskraft er hver genstand designet til praktisk brug. L\u00e6derpagajen giver en tilfredsstillende effekt, mens de justerbare h\u00e5ndjern og ankelmanchetter sikrer en sikker pasform. Blindfoldet og snoren forbedrer kontroldynamikken, og kraven og krydssp\u00e6ndet binder s\u00e6ttet sammen, b\u00e5de bogstaveligt og billedligt.<\/p>\n\n\n\n<p><strong>Perfekt til forskellig leg<\/strong>: Dette s\u00e6t henvender sig til en bred vifte af pr\u00e6ferencer og dynamik, fra let, drillende leg til mere intense scenarier. Inkluderingen af tilbeh\u00f8r til b\u00e5de tilbageholdenhed og slagspil giver mulighed for en skr\u00e6ddersyet oplevelse, hvilket g\u00f8r hver session unik.<\/p>\n\n\n\n<p>Dyk ned i tr\u00e6ldomsverdenen med vores ensfarvede udstyrss\u00e6t, hvor overkommelighed m\u00f8der stil og funktionalitet. Bestil nu og frig\u00f8r potentialet for uendelig udforskning og nydelse, alt imens du tilf\u00f8jer et strejf af elegance til dine eventyr!<\/p>","protected":false},"excerpt":{"rendered":"<p>L\u00f8ft din samling med vores <strong>billigt tr\u00e6ldomsudstyr<\/strong>, et ensfarvet s\u00e6t prydet med charmerende sl\u00f8jfedekorationer. F\u00e5s i lilla, sort og hvid, dette omfattende s\u00e6t inkluderer en l\u00e6derpagaj, bind for \u00f8jnene, snor, h\u00e5ndjern, ankelmanchetter, kraver og et kors, der blander prisbillighed med stil og funktionalitet.<\/p>","protected":false},"featured_media":49595,"template":"","meta":[],"product_brand":[],"product_cat":[1059,1061],"product_tag":[],"class_list":{"0":"post-49605","1":"product","2":"type-product","3":"status-publish","4":"has-post-thumbnail","6":"product_cat-wholesale-bondage-equipment","7":"product_cat-wholesale-bondage-gear","8":"pa_color-black","9":"pa_color-purple-women-sexy-lingerie","10":"pa_color-white","12":"first","13":"instock","14":"taxable","15":"shipping-taxable","16":"purchasable","17":"product-type-variable"},"tiered_pricing_type":"fixed","tiered_pricing_fixed_rules":[],"tiered_pricing_product_settings":{"layout":"table","base_unit_name":{"singular":null,"plural":null},"default_variation":null},"tiered_pricing_minimum_quantity":null,"tiered_pricing_roles_data":[],"tiered_pricing_percentage_rules":[],"tiered_pricing_maximum_quantity":null,"tiered_pricing_quantity_step":null,"_links":{"self":[{"href":"https:\/\/gretasexylingerie.com\/da\/wp-json\/wp\/v2\/product\/49605","targetHints":{"allow":["GET"]}}],"collection":[{"href":"https:\/\/gretasexylingerie.com\/da\/wp-json\/wp\/v2\/product"}],"about":[{"href":"https:\/\/gretasexylingerie.com\/da\/wp-json\/wp\/v2\/types\/product"}],"wp:featuredmedia":[{"embeddable":true,"href":"https:\/\/gretasexylingerie.com\/da\/wp-json\/wp\/v2\/media\/49595"}],"wp:attachment":[{"href":"https:\/\/gretasexylingerie.com\/da\/wp-json\/wp\/v2\/media?parent=49605"}],"wp:term":[{"taxonomy":"product_brand","embeddable":true,"href":"https:\/\/gretasexylingerie.com\/da\/wp-json\/wp\/v2\/product_brand?post=49605"},{"taxonomy":"product_cat","embeddable":true,"href":"https:\/\/gretasexylingerie.com\/da\/wp-json\/wp\/v2\/product_cat?post=49605"},{"taxonomy":"product_tag","embeddable":true,"href":"https:\/\/gretasexylingerie.com\/da\/wp-json\/wp\/v2\/product_tag?post=49605"}],"curies":[{"name":"wp","href":"https:\/\/api.w.org\/{rel}","templated":true}]}}