{"id":49564,"date":"2024-02-28T00:50:00","date_gmt":"2024-02-27T16:50:00","guid":{"rendered":"https:\/\/gretasexylingerie.com\/?post_type=product&#038;p=49564"},"modified":"2024-03-01T20:07:19","modified_gmt":"2024-03-01T12:07:19","slug":"engros-frisky-sovevaerelse-fastholdelsessaet-2","status":"publish","type":"product","link":"https:\/\/gretasexylingerie.com\/da\/products\/wholesale-frisky-bedroom-restraint-kit-2\/","title":{"rendered":"Engros Frisky Sovev\u00e6relse Fastholdelsess\u00e6t med nittedekor"},"content":{"rendered":"<p><strong>Nitte-dekoreret k\u00e6rlighedstema<\/strong>: Dyk ned i beg\u00e6rets dybder med en spandende pagaj, der ikke bare er et v\u00e6rkt\u00f8j, men et statement. Dekoreret med nitter og formet som symbolet p\u00e5 k\u00e6rlighed, tilf\u00f8jer den et strejf af edgy romantik til dit spil. Denne unikke funktion s\u00e6tter tonen for en session, der er b\u00e5de passioneret og legende, perfekt til dem, der \u00f8nsker at udtrykke deres k\u00e6rlighed p\u00e5 en mere vovet m\u00e5de.<\/p>\n\n\n\n<p><strong>Omfattende Bondage Collection<\/strong>: Dette s\u00e6t er en skattekiste for b\u00e5de entusiaster og begyndere, med en l\u00e6derpagaj, bind for \u00f8jnene, snor, h\u00e5ndjern, ankelmanchetter, kraver, et krydssp\u00e6nde og en gag. Hvert stykke er designet til at forbedre oplevelsen og tilbyder uendelige muligheder for tilbageholdenhed og underkastelse i dit hjem.<\/p>\n\n\n\n<p><strong>Materialer af h\u00f8j kvalitet<\/strong>: Dette er lavet med f\u00f8rsteklasses PU og robust hardware <strong>hogtie bondage kit<\/strong> lover holdbarhed og komfort. Materialerne er omhyggeligt udvalgt for at sikre sikkerhed og en lokkende \u00e6stetisk tiltr\u00e6kningskraft, der blander sig problemfrit med det dristige sorte og r\u00f8de farveskema.<\/p>\n\n\n\n<p><strong>Alsidig brug til hjemmeleg<\/strong>: Uanset om du udforsker gr\u00e6nserne for dit forhold eller blot tilf\u00f8jer et nyt lag af sp\u00e6nding til dine intime \u00f8jeblikke, giver dette s\u00e6t de perfekte v\u00e6rkt\u00f8jer. Den er alsidig nok til forskellige scenarier, hvilket g\u00f8r den til en vigtig tilf\u00f8jelse til din <strong>hjem bondage udstyr<\/strong>.<\/p>\n\n\n\n<p><strong>Fedt sort og r\u00f8dt design<\/strong>: Den sl\u00e5ende farvekombination af sort og r\u00f8d betyder ikke kun kraft og lidenskab, men tilf\u00f8jer ogs\u00e5 et visuelt stimulerende aspekt til dit spil. Det er et designvalg, der fremkalder en dyb f\u00f8lelsesm\u00e6ssig respons, der forbedrer den fysiske oplevelse med en visuel og symbolsk dybde.<\/p>\n\n\n\n<p><strong>Diskret og praktisk opbevaring<\/strong>: P\u00e5 trods af dets omfattende karakter er dette s\u00e6t designet til diskret opbevaring, s\u00e5 du kan bevare privatlivets fred og spontanitet. Det er en tankev\u00e6kkende overvejelse for dem, der v\u00e6rds\u00e6tter diskretion lige s\u00e5 meget som de g\u00f8r efterforskning.<\/p>\n\n\n\n<p>Tr\u00e6d ind i en verden, hvor k\u00e6rlighed og tilbageholdenhed fletter sig sammen med vores nittedekorerede tr\u00e6ldomsudstyr. Dette s\u00e6t er mere end blot en r\u00e6kke v\u00e6rkt\u00f8jer; det er en invitation til at udforske gr\u00e6nserne for forn\u00f8jelse og lidenskab. Bestil nu, og l\u00e5s op for et nyt rige af sjove eventyr i sovev\u00e6relset!<\/p>","protected":false},"excerpt":{"rendered":"<p>L\u00f8ft din eventyrlyst med vores <strong>frisk fastholdelsess\u00e6t til sovev\u00e6relset<\/strong>, prydet med nittedekorationer og spanking-pagaj med k\u00e6rlighedstema, lavet af h\u00f8jkvalitets PU og hardware i fed sort og r\u00f8d.<\/p>","protected":false},"featured_media":49560,"template":"","meta":[],"product_brand":[],"product_cat":[1059,1062],"product_tag":[],"class_list":{"0":"post-49564","1":"product","2":"type-product","3":"status-publish","4":"has-post-thumbnail","6":"product_cat-wholesale-bondage-equipment","7":"product_cat-wholesale-labia-nipple-clamps","8":"pa_color-black","9":"pa_color-red-women-sexy-lingerie","11":"first","12":"instock","13":"taxable","14":"shipping-taxable","15":"purchasable","16":"product-type-variable"},"tiered_pricing_type":"fixed","tiered_pricing_fixed_rules":[],"tiered_pricing_product_settings":{"layout":"table","base_unit_name":{"singular":null,"plural":null},"default_variation":null},"tiered_pricing_minimum_quantity":null,"tiered_pricing_roles_data":[],"tiered_pricing_percentage_rules":[],"tiered_pricing_maximum_quantity":null,"tiered_pricing_quantity_step":null,"_links":{"self":[{"href":"https:\/\/gretasexylingerie.com\/da\/wp-json\/wp\/v2\/product\/49564","targetHints":{"allow":["GET"]}}],"collection":[{"href":"https:\/\/gretasexylingerie.com\/da\/wp-json\/wp\/v2\/product"}],"about":[{"href":"https:\/\/gretasexylingerie.com\/da\/wp-json\/wp\/v2\/types\/product"}],"wp:featuredmedia":[{"embeddable":true,"href":"https:\/\/gretasexylingerie.com\/da\/wp-json\/wp\/v2\/media\/49560"}],"wp:attachment":[{"href":"https:\/\/gretasexylingerie.com\/da\/wp-json\/wp\/v2\/media?parent=49564"}],"wp:term":[{"taxonomy":"product_brand","embeddable":true,"href":"https:\/\/gretasexylingerie.com\/da\/wp-json\/wp\/v2\/product_brand?post=49564"},{"taxonomy":"product_cat","embeddable":true,"href":"https:\/\/gretasexylingerie.com\/da\/wp-json\/wp\/v2\/product_cat?post=49564"},{"taxonomy":"product_tag","embeddable":true,"href":"https:\/\/gretasexylingerie.com\/da\/wp-json\/wp\/v2\/product_tag?post=49564"}],"curies":[{"name":"wp","href":"https:\/\/api.w.org\/{rel}","templated":true}]}}