{"id":49508,"date":"2024-02-28T00:46:01","date_gmt":"2024-02-27T16:46:01","guid":{"rendered":"https:\/\/gretasexylingerie.com\/?post_type=product&#038;p=49508"},"modified":"2024-02-29T22:52:12","modified_gmt":"2024-02-29T14:52:12","slug":"engros-bondage-fastholdelsessaet","status":"publish","type":"product","link":"https:\/\/gretasexylingerie.com\/da\/products\/wholesale-bondage-restraint-kit\/","title":{"rendered":"Engros Bondage Restraint Kit i sort og r\u00f8d med enhedsudstyr"},"content":{"rendered":"<p><strong>Kontrasterende farvedesign<\/strong>: Den dristige kontrast af sort og hvid, sammen med r\u00f8d og sort, g\u00f8r ikke kun dette s\u00e6t visuelt sl\u00e5ende, men tilf\u00f8jer ogs\u00e5 et lag af psykologisk intriger til bondage-oplevelsen. Farverne er valgt for at fremkalde f\u00f8lelser og s\u00e6tte stemningen, hvilket g\u00f8r hver session unikt intens.<\/p>\n\n\n\n<p><strong>Omfattende Bondage Collection<\/strong>: Dette s\u00e6t er et komplet arsenal for BDSM-entusiaster, inklusive en l\u00e6derpagaj, bind for \u00f8jnene, snor, h\u00e5ndjern, ankelmanchetter, kraver og et krydssp\u00e6nde. Den er designet til at im\u00f8dekomme en r\u00e6kke pr\u00e6ferencer og scenarier, og tilbyder uendelige muligheder for konsensuel leg.<\/p>\n\n\n\n<p><strong>PU og hardware af h\u00f8j kvalitet<\/strong>: Fremstillet med holdbarhed og komfort i tankerne, PU-materialet af h\u00f8j kvalitet og det robuste hardware sikrer, at hvert stykke kan modst\u00e5 belastningen ved brug, samtidig med at b\u00e6rerens sikkerhed bevares. Denne kombination af materialer g\u00f8r s\u00e6ttet til et p\u00e5lideligt valg for b\u00e5de begyndere og erfarne ud\u00f8vere.<\/p>\n\n\n\n<p><strong>Overkommelig luksus<\/strong>: Tilbyder en uovertruffen blanding af kvalitet og v\u00e6rdi, dette <strong>billigt tr\u00e6ldomsudstyr<\/strong> s\u00e6t g\u00f8r den sp\u00e6ndende verden af BDSM tilg\u00e6ngelig uden at g\u00e5 p\u00e5 kompromis med kvaliteten eller oplevelsen. Det er et ideelt valg for dem, der \u00f8nsker at udvide deres samling uden at bryde penge.<\/p>\n\n\n\n<p><strong>Alsidigt tr\u00e6ldomsudstyr<\/strong>: Inkluderingen af forskellige begr\u00e6nsninger og enheder \u00e5bner op for en verden af kreativitet og udforskning. Fra sensorisk afsavn til kontrolleret bev\u00e6gelse giver dette s\u00e6t par mulighed for at eksperimentere med kraftdynamik og opdage nye forn\u00f8jelser inden for en sikker og konsensuel ramme.<\/p>\n\n\n\n<p><strong>Diskret og nem opbevaring<\/strong>: P\u00e5 trods af dets omfattende karakter er s\u00e6ttet designet til diskret opbevaring, s\u00e5 du kan bevare privatlivets fred og bekvemmelighed. Hver brik passer p\u00e6nt v\u00e6k, klar til, n\u00e5r \u00f8jeblikket sl\u00e5r ind igen.<\/p>\n\n\n\n<p>Tag ud p\u00e5 en opdagelses- og opfyldelsesrejse med vores bondage-tilbageholdelsess\u00e6t. Uanset om du \u00f8nsker at uddybe din forbindelse, udforske nye fornemmelser eller blot tilf\u00f8je sp\u00e6nding til dit spil, tilbyder dette s\u00e6t den perfekte blanding af kvalitet, variation og overkommelig pris. Bestil nu og l\u00e5s op for et nyt rige af muligheder<\/p>","protected":false},"excerpt":{"rendered":"<p>Dyk ned i beg\u00e6rets dybder med vores <strong>bondage fastholdelsess\u00e6t<\/strong>, med en sl\u00e5ende kontrast af sort og hvid og r\u00f8d og sort. Dette omfattende s\u00e6t indeholder alt det n\u00f8dvendige for en dristig udforskning, lavet af h\u00f8jkvalitets PU og robust hardware.<\/p>","protected":false},"featured_media":49497,"template":"","meta":[],"product_brand":[],"product_cat":[1059,1061],"product_tag":[],"class_list":{"0":"post-49508","1":"product","2":"type-product","3":"status-publish","4":"has-post-thumbnail","6":"product_cat-wholesale-bondage-equipment","7":"product_cat-wholesale-bondage-gear","8":"pa_color-red-women-sexy-lingerie","9":"pa_color-white","11":"first","12":"instock","13":"taxable","14":"shipping-taxable","15":"purchasable","16":"product-type-variable"},"tiered_pricing_type":"fixed","tiered_pricing_fixed_rules":[],"tiered_pricing_product_settings":{"layout":"table","base_unit_name":{"singular":null,"plural":null},"default_variation":null},"tiered_pricing_minimum_quantity":null,"tiered_pricing_roles_data":[],"tiered_pricing_percentage_rules":[],"tiered_pricing_maximum_quantity":null,"tiered_pricing_quantity_step":null,"_links":{"self":[{"href":"https:\/\/gretasexylingerie.com\/da\/wp-json\/wp\/v2\/product\/49508","targetHints":{"allow":["GET"]}}],"collection":[{"href":"https:\/\/gretasexylingerie.com\/da\/wp-json\/wp\/v2\/product"}],"about":[{"href":"https:\/\/gretasexylingerie.com\/da\/wp-json\/wp\/v2\/types\/product"}],"wp:featuredmedia":[{"embeddable":true,"href":"https:\/\/gretasexylingerie.com\/da\/wp-json\/wp\/v2\/media\/49497"}],"wp:attachment":[{"href":"https:\/\/gretasexylingerie.com\/da\/wp-json\/wp\/v2\/media?parent=49508"}],"wp:term":[{"taxonomy":"product_brand","embeddable":true,"href":"https:\/\/gretasexylingerie.com\/da\/wp-json\/wp\/v2\/product_brand?post=49508"},{"taxonomy":"product_cat","embeddable":true,"href":"https:\/\/gretasexylingerie.com\/da\/wp-json\/wp\/v2\/product_cat?post=49508"},{"taxonomy":"product_tag","embeddable":true,"href":"https:\/\/gretasexylingerie.com\/da\/wp-json\/wp\/v2\/product_tag?post=49508"}],"curies":[{"name":"wp","href":"https:\/\/api.w.org\/{rel}","templated":true}]}}