{"id":49405,"date":"2024-02-27T22:44:05","date_gmt":"2024-02-27T14:44:05","guid":{"rendered":"https:\/\/gretasexylingerie.com\/?post_type=product&#038;p=49405"},"modified":"2024-02-29T17:34:45","modified_gmt":"2024-02-29T09:34:45","slug":"engros-heavy-duty-hogtie-kit","status":"publish","type":"product","link":"https:\/\/gretasexylingerie.com\/da\/products\/wholesale-heavy-duty-hogtie-kit\/","title":{"rendered":"Engros Heavy Duty Hogtie Kit med lange nittedetaljer"},"content":{"rendered":"<p><strong>Lange nitteudsmykninger<\/strong>: L\u00f8ft din bondage-oplevelse med den sl\u00e5ende \u00e6stetik ved lange nitter. Disse detaljer tilf\u00f8jer ikke kun den visuelle appel, men forst\u00e6rker ogs\u00e5 den taktile fornemmelse, hvilket g\u00f8r hvert stykke til et kunstv\u00e6rk, der er lige s\u00e5 smukt, som det er funktionelt.<\/p>\n\n\n\n<p><strong>Diverse farvevalg<\/strong>: Tilpasning til personlige pr\u00e6ferencer og stil er dette s\u00e6t tilg\u00e6ngeligt i en r\u00e6kke farver, herunder klassisk sort, levende gr\u00f8n, legende pink og passioneret r\u00f8d. Hver farve tilf\u00f8jer sin egen karakter og stemning til bondage-oplevelsen, hvilket giver mulighed for et personligt pr\u00e6g.<\/p>\n\n\n\n<p><strong>Omfattende Bondage-l\u00f8sning<\/strong>: Designet til b\u00e5de entusiaster og begyndere, dette s\u00e6t giver en komplet l\u00f8sning til bondage leg. Inkluderingen af essentielle genstande som en snor, h\u00e5ndjern, ankelmanchetter og kraver sikrer, at du har alt det n\u00f8dvendige for en fuldst\u00e6ndig fordybende oplevelse.<\/p>\n\n\n\n<p><strong>PU og hardware af h\u00f8j kvalitet<\/strong>: Fremstillet af f\u00f8rsteklasses PU og udstyret med hardware af h\u00f8j kvalitet, hvert element i dette s\u00e6t er bygget til holdbarhed og komfort. Materialerne er omhyggeligt udvalgt til at modst\u00e5 belastningen ved leg, samtidig med at de sikrer en behagelig pasform, hvilket g\u00f8r den ideel til l\u00e6ngere sessioner.<\/p>\n\n\n\n<p><strong>Perfekt til selvbund og partnerleg<\/strong>: Uanset om du udforsker selvbinding eller deltager i partnerleg, tilbyder dette s\u00e6t alsidighed og p\u00e5lidelighed. Det <strong>l\u00e6der fastholdelsesstropper<\/strong> og kraftigt design g\u00f8r den velegnet til en r\u00e6kke forskellige scenarier, fra let drilleri til mere intense tilbageholdenhedsops\u00e6tninger.<\/p>\n\n\n\n<p><strong>Diskret og nem opbevaring<\/strong>: Trods sin robuste konstruktion er dette <strong>selvbindingsforsyninger<\/strong> kit er designet til diskret opbevaring. Hvert stykke kan opbevares p\u00e6nt, hvilket sikrer privatliv og bekvemmelighed for brugere, der prioriterer diskretion.<\/p>\n\n\n\n<p>Dyk ned i dybet af dine \u00f8nsker med vores lange nittebindingsudstyr. Dens kombination af \u00e6stetisk appel, funktionelt design og holdbar konstruktion g\u00f8r den til et must-have for dem, der \u00f8nsker at udforske gr\u00e6nserne for forn\u00f8jelse og tilbageholdenhed. Bestil nu og l\u00e5s op for et nyt niveau af intensitet og stil i din<\/p>","protected":false},"excerpt":{"rendered":"<p>Tr\u00e6d ind i et rige af intens leg med vores <strong>heavy duty hogtie s\u00e6t<\/strong>, med lange nitteudsmykninger. Denne kollektion, inklusive en snor, h\u00e5ndjern, ankelmanchetter og kraver, kombinerer h\u00f8jkvalitets PU med f\u00f8rsteklasses hardware i sort, gr\u00f8n, pink og r\u00f8d.<\/p>","protected":false},"featured_media":49396,"template":"","meta":[],"product_brand":[],"product_cat":[1059,1061,1066],"product_tag":[],"class_list":{"0":"post-49405","1":"product","2":"type-product","3":"status-publish","4":"has-post-thumbnail","6":"product_cat-wholesale-bondage-equipment","7":"product_cat-wholesale-bondage-gear","8":"product_cat-handcuffs-bondage-collars-ankle-strap","9":"pa_color-black","10":"pa_color-green","11":"pa_color-pink-women-sexy-lingerie","12":"pa_color-red-women-sexy-lingerie","14":"first","15":"instock","16":"taxable","17":"shipping-taxable","18":"purchasable","19":"product-type-variable"},"tiered_pricing_type":"fixed","tiered_pricing_fixed_rules":[],"tiered_pricing_product_settings":{"layout":"table","base_unit_name":{"singular":null,"plural":null},"default_variation":null},"tiered_pricing_minimum_quantity":null,"tiered_pricing_roles_data":[],"tiered_pricing_percentage_rules":[],"tiered_pricing_maximum_quantity":null,"tiered_pricing_quantity_step":null,"_links":{"self":[{"href":"https:\/\/gretasexylingerie.com\/da\/wp-json\/wp\/v2\/product\/49405","targetHints":{"allow":["GET"]}}],"collection":[{"href":"https:\/\/gretasexylingerie.com\/da\/wp-json\/wp\/v2\/product"}],"about":[{"href":"https:\/\/gretasexylingerie.com\/da\/wp-json\/wp\/v2\/types\/product"}],"wp:featuredmedia":[{"embeddable":true,"href":"https:\/\/gretasexylingerie.com\/da\/wp-json\/wp\/v2\/media\/49396"}],"wp:attachment":[{"href":"https:\/\/gretasexylingerie.com\/da\/wp-json\/wp\/v2\/media?parent=49405"}],"wp:term":[{"taxonomy":"product_brand","embeddable":true,"href":"https:\/\/gretasexylingerie.com\/da\/wp-json\/wp\/v2\/product_brand?post=49405"},{"taxonomy":"product_cat","embeddable":true,"href":"https:\/\/gretasexylingerie.com\/da\/wp-json\/wp\/v2\/product_cat?post=49405"},{"taxonomy":"product_tag","embeddable":true,"href":"https:\/\/gretasexylingerie.com\/da\/wp-json\/wp\/v2\/product_tag?post=49405"}],"curies":[{"name":"wp","href":"https:\/\/api.w.org\/{rel}","templated":true}]}}