{"id":49259,"date":"2024-02-27T20:10:39","date_gmt":"2024-02-27T12:10:39","guid":{"rendered":"https:\/\/gretasexylingerie.com\/?post_type=product&#038;p=49259"},"modified":"2024-02-29T16:53:10","modified_gmt":"2024-02-29T08:53:10","slug":"engros-rivet-bondage-startsaet","status":"publish","type":"product","link":"https:\/\/gretasexylingerie.com\/da\/products\/wholesale-rivet-bondage-starter-kit\/","title":{"rendered":"Engros Rivet Bondage Starter Kit i r\u00f8d og sort"},"content":{"rendered":"<p><strong>Dristende nittedesign<\/strong>: S\u00e6t scenen for et uforglemmeligt eventyr med vores bondage-starts\u00e6t, med dristige nitter, der tilf\u00f8jer en kant til hvert m\u00f8de. Nittedetaljerne er ikke kun dekorative; de symboliserer styrken og holdbarheden af de b\u00e5nd, de hj\u00e6lper med at skabe, hvilket g\u00f8r hvert \u00f8jeblik til et vidnesbyrd om kraftdynamikken p\u00e5 spil.<\/p>\n\n\n\n<p><strong>Materialer af h\u00f8j kvalitet<\/strong>: Konstrueret af overlegen PU og udsmykket med f\u00f8rsteklasses hardware, dette s\u00e6t lover b\u00e5de komfort og sikkerhed. Materialerne er udvalgt for deres evne til at modst\u00e5 strabadserne ved lidenskabelig brug, samtidig med at de sikrer en behagelig oplevelse, der giver mulighed for l\u00e6ngerevarende udforsknings- og nydelsessessioner.<\/p>\n\n\n\n<p><strong>H\u00e5nd- og f\u00f8dderfastholdelse<\/strong>: Med h\u00e5ndjern og ankelmanchetter inkluderet, tilbyder dette s\u00e6t en komplet l\u00f8sning til fastholdelse af h\u00e6nder og f\u00f8dder, hvilket giver uendelige muligheder for positionering og leg. Uanset om du er en erfaren praktiserende l\u00e6ge eller lige er begyndt at udforske BDSM&#039;s rige, er disse begr\u00e6nsninger designet til at im\u00f8dekomme en bred vifte af aktiviteter og pr\u00e6ferencer.<\/p>\n\n\n\n<p><strong>Underdanig tr\u00e6ningshalsb\u00e5nd<\/strong>: Inkluderingen af en underdanig tr\u00e6ningshalsb\u00e5nd med snor \u00e5bner en verden af dominans og underkastelse, og inviterer par til at udforske deres roller og gr\u00e6nser p\u00e5 en sikker og konsensuel m\u00e5de. Denne krave er mere end et tilbeh\u00f8r; det er et symbol p\u00e5 tillid og engagement i den kommende rejse.<\/p>\n\n\n\n<p><strong>Sl\u00e5ende r\u00f8dt og sort tema<\/strong>: Den klassiske kombination af r\u00f8d og sort ser ikke kun sl\u00e5ende ud, men fremkalder ogs\u00e5 en f\u00f8lelse af lidenskab og intensitet. Dette farveskema er omhyggeligt udvalgt for at forbedre den visuelle oplevelse og tilf\u00f8je et ekstra lag af sp\u00e6nding til dit bondage-spil.<\/p>\n\n\n\n<p><strong>Alsidig brug for begyndere og entusiaster<\/strong>: Uanset om du tager dine f\u00f8rste skridt ind i BDSM-verdenen eller \u00f8nsker at tilf\u00f8je til din samling, tilbyder dette nittebondage-udstyr noget for enhver smag. Dens alsidighed og kvalitet g\u00f8r den til en vigtig tilf\u00f8jelse til enhver entusiasts repertoire.<\/p>\n\n\n\n<p>Tag ud p\u00e5 en opdagelses- og opfyldelsesrejse med vores rivet bondage-starts\u00e6t. Dette s\u00e6t er designet til b\u00e5de begyndere og erfarne entusiaster og er din gateway til en verden, hvor kontrol, overgivelse og sensuel nydelse fletter sig sammen. Bestil nu og frig\u00f8r potentialet for uforglemmelige oplevelser.<\/p>","protected":false},"excerpt":{"rendered":"<p>Dyk ned i beg\u00e6rets dybder med vores nitte-bondage-udstyr, en dristig kollektion, der inkluderer en snor, h\u00e5ndjern og ankelmanchetter. Lavet af h\u00f8jkvalitets PU med f\u00f8rsteklasses hardware, dette s\u00e6t i r\u00f8d og sort er designet til dem, der begiver sig ud p\u00e5 en rejse med underkastelse og tilbageholdenhed.<\/p>","protected":false},"featured_media":49254,"template":"","meta":[],"product_brand":[],"product_cat":[1059,1061,1066],"product_tag":[],"class_list":{"0":"post-49259","1":"product","2":"type-product","3":"status-publish","4":"has-post-thumbnail","6":"product_cat-wholesale-bondage-equipment","7":"product_cat-wholesale-bondage-gear","8":"product_cat-handcuffs-bondage-collars-ankle-strap","9":"pa_color-black","10":"pa_color-red-women-sexy-lingerie","11":"pa_size-anklet-cuff","12":"pa_size-collar","13":"pa_size-handcuff","14":"pa_size-set","16":"first","17":"instock","18":"taxable","19":"shipping-taxable","20":"purchasable","21":"product-type-variable"},"tiered_pricing_type":"fixed","tiered_pricing_fixed_rules":[],"tiered_pricing_product_settings":{"layout":"table","base_unit_name":{"singular":null,"plural":null},"default_variation":null},"tiered_pricing_minimum_quantity":null,"tiered_pricing_roles_data":[],"tiered_pricing_percentage_rules":[],"tiered_pricing_maximum_quantity":null,"tiered_pricing_quantity_step":null,"_links":{"self":[{"href":"https:\/\/gretasexylingerie.com\/da\/wp-json\/wp\/v2\/product\/49259","targetHints":{"allow":["GET"]}}],"collection":[{"href":"https:\/\/gretasexylingerie.com\/da\/wp-json\/wp\/v2\/product"}],"about":[{"href":"https:\/\/gretasexylingerie.com\/da\/wp-json\/wp\/v2\/types\/product"}],"wp:featuredmedia":[{"embeddable":true,"href":"https:\/\/gretasexylingerie.com\/da\/wp-json\/wp\/v2\/media\/49254"}],"wp:attachment":[{"href":"https:\/\/gretasexylingerie.com\/da\/wp-json\/wp\/v2\/media?parent=49259"}],"wp:term":[{"taxonomy":"product_brand","embeddable":true,"href":"https:\/\/gretasexylingerie.com\/da\/wp-json\/wp\/v2\/product_brand?post=49259"},{"taxonomy":"product_cat","embeddable":true,"href":"https:\/\/gretasexylingerie.com\/da\/wp-json\/wp\/v2\/product_cat?post=49259"},{"taxonomy":"product_tag","embeddable":true,"href":"https:\/\/gretasexylingerie.com\/da\/wp-json\/wp\/v2\/product_tag?post=49259"}],"curies":[{"name":"wp","href":"https:\/\/api.w.org\/{rel}","templated":true}]}}